{"id":24181,"date":"2025-02-24T14:09:47","date_gmt":"2025-02-24T13:09:47","guid":{"rendered":"https:\/\/cordeliers.docetis.com\/?page_id=24181"},"modified":"2025-03-06T08:08:48","modified_gmt":"2025-03-06T07:08:48","slug":"visite-de-leglise","status":"publish","type":"page","link":"https:\/\/cordeliers.ch\/de\/visite-de-leglise\/","title":{"rendered":"Besuch der Kirche"},"content":{"rendered":"<div class=\"gb-container gb-container-364c06b5\">\n<div class=\"gb-container gb-container-1ab8203f\">\n\n<figure class=\"gb-block-image gb-block-image-44301fec\"><img fetchpriority=\"high\" decoding=\"async\" width=\"1042\" height=\"331\" class=\"gb-image gb-image-44301fec\" src=\"https:\/\/cordeliers.ch\/wp-content\/uploads\/2025\/02\/Visite-de-leglise.png\" alt=\"\" srcset=\"https:\/\/cordeliers.ch\/wp-content\/uploads\/2025\/02\/Visite-de-leglise.png 1042w, https:\/\/cordeliers.ch\/wp-content\/uploads\/2025\/02\/Visite-de-leglise-300x95.png 300w, https:\/\/cordeliers.ch\/wp-content\/uploads\/2025\/02\/Visite-de-leglise-1024x325.png 1024w, https:\/\/cordeliers.ch\/wp-content\/uploads\/2025\/02\/Visite-de-leglise-768x244.png 768w, https:\/\/cordeliers.ch\/wp-content\/uploads\/2025\/02\/Visite-de-leglise-18x6.png 18w\" sizes=\"(max-width: 1042px) 100vw, 1042px\" \/><\/figure>\n\n<\/div>\n<\/div>\n\n\n<p><\/p>\n\n\n<div class=\"gb-container gb-container-7930b6fd alignwide\">\n<div class=\"gb-container gb-container-32a8df12\">\n<div class=\"gb-container gb-container-717b52f6\">\n\n<div class=\"wp-block-group is-nowrap is-layout-flex wp-container-core-group-is-layout-ad2f72ca wp-block-group-is-layout-flex\">\n<h1 class=\"gb-headline gb-headline-84968164 gb-headline-text\"><strong>Besuch der Kirche<\/strong><\/h1>\n<\/div>\n\n<\/div>\n\n\n<div class=\"wp-block-group is-vertical is-content-justification-stretch is-nowrap is-layout-flex wp-container-core-group-is-layout-e4982712 wp-block-group-is-layout-flex\"><div class=\"gb-container gb-container-5690b317\">\n\n<p>Kommen Sie mit auf eine virtuelle F\u00fchrung durch die Kirche und den Kreuzgang (via untenstehenden Link). Eine Besichtigung vor Ort ist jederzeit m\u00f6glich. Gerne bieten wir Ihnen auf Anfrage F\u00fchrungen an.<\/p>\n\n\n\n<a class=\"gb-button gb-button-5abe202f\" href=\"https:\/\/www.archeologiefribourgeoise.ch\/couventdescordeliers\" target=\"_blank\" rel=\"noopener noreferrer\"><span class=\"gb-icon\"><svg aria-hidden=\"true\" role=\"img\" height=\"1em\" width=\"1em\" viewbox=\"0 0 256 512\" xmlns=\"http:\/\/www.w3.org\/2000\/svg\"><path fill=\"currentColor\" d=\"M224.3 273l-136 136c-9.4 9.4-24.6 9.4-33.9 0l-22.6-22.6c-9.4-9.4-9.4-24.6 0-33.9l96.4-96.4-96.4-96.4c-9.4-9.4-9.4-24.6 0-33.9L54.3 103c9.4-9.4 24.6-9.4 33.9 0l136 136c9.5 9.4 9.5 24.6.1 34z\"><\/path><\/svg><\/span><span class=\"gb-button-text\"><strong>Willkommen im Franziskanerkloster Freiburg<\/strong><\/span><\/a>\n\n\n<div class=\"wp-block-image\">\n<figure class=\"aligncenter size-full is-resized\"><img decoding=\"async\" width=\"698\" height=\"520\" src=\"https:\/\/cordeliers.ch\/wp-content\/uploads\/2025\/02\/Visite-de-leglise2-1.png\" alt=\"\" class=\"wp-image-24191\" style=\"width:940px;height:auto\" srcset=\"https:\/\/cordeliers.ch\/wp-content\/uploads\/2025\/02\/Visite-de-leglise2-1.png 698w, https:\/\/cordeliers.ch\/wp-content\/uploads\/2025\/02\/Visite-de-leglise2-1-300x223.png 300w, https:\/\/cordeliers.ch\/wp-content\/uploads\/2025\/02\/Visite-de-leglise2-1-16x12.png 16w\" sizes=\"(max-width: 698px) 100vw, 698px\" \/><\/figure>\n<\/div>\n<\/div><\/div>\n\n<\/div>\n<\/div>\n\n\n<p><\/p>","protected":false},"excerpt":{"rendered":"<p>Visite de l\u2019\u00e9glise Partez \u00e0 la d\u00e9couverte de l\u2019\u00e9glise et du clo\u00eetre gr\u00e2ce \u00e0 notre visite virtuelle (via le lien ci-dessous). Une visite sur place est possible \u00e0 tout moment. Sur demande, nous vous proposons \u00e9galement des visites guid\u00e9es.<\/p>","protected":false},"author":1,"featured_media":0,"parent":0,"menu_order":0,"comment_status":"closed","ping_status":"closed","template":"elementor_header_footer","meta":{"footnotes":""},"class_list":["post-24181","page","type-page","status-publish"],"yoast_head":"<!-- This site is optimized with the Yoast SEO plugin v27.3 - https:\/\/yoast.com\/product\/yoast-seo-wordpress\/ -->\n<title>Visite de l\u2019\u00e9glise - cordeliers<\/title>\n<meta name=\"robots\" content=\"index, follow, max-snippet:-1, max-image-preview:large, max-video-preview:-1\" \/>\n<link rel=\"canonical\" href=\"https:\/\/cordeliers.ch\/de\/visite-de-leglise\/\" \/>\n<meta property=\"og:locale\" content=\"de_DE\" \/>\n<meta property=\"og:type\" content=\"article\" \/>\n<meta property=\"og:title\" content=\"Visite de l\u2019\u00e9glise - cordeliers\" \/>\n<meta property=\"og:description\" content=\"Visite de l\u2019\u00e9glise Partez \u00e0 la d\u00e9couverte de l\u2019\u00e9glise et du clo\u00eetre gr\u00e2ce \u00e0 notre visite virtuelle (via le lien ci-dessous). Une visite sur place est possible \u00e0 tout moment. Sur demande, nous vous proposons \u00e9galement des visites guid\u00e9es.\" \/>\n<meta property=\"og:url\" content=\"https:\/\/cordeliers.ch\/de\/visite-de-leglise\/\" \/>\n<meta property=\"og:site_name\" content=\"cordeliers\" \/>\n<meta property=\"article:modified_time\" content=\"2025-03-06T07:08:48+00:00\" \/>\n<meta property=\"og:image\" content=\"https:\/\/cordeliers.ch\/wp-content\/uploads\/2025\/02\/Visite-de-leglise.png\" \/>\n<meta name=\"twitter:card\" content=\"summary_large_image\" \/>\n<script type=\"application\/ld+json\" class=\"yoast-schema-graph\">{\"@context\":\"https:\\\/\\\/schema.org\",\"@graph\":[{\"@type\":\"WebPage\",\"@id\":\"https:\\\/\\\/cordeliers.ch\\\/visite-de-leglise\\\/\",\"url\":\"https:\\\/\\\/cordeliers.ch\\\/visite-de-leglise\\\/\",\"name\":\"Visite de l\u2019\u00e9glise - cordeliers\",\"isPartOf\":{\"@id\":\"https:\\\/\\\/cordeliers.ch\\\/#website\"},\"primaryImageOfPage\":{\"@id\":\"https:\\\/\\\/cordeliers.ch\\\/visite-de-leglise\\\/#primaryimage\"},\"image\":{\"@id\":\"https:\\\/\\\/cordeliers.ch\\\/visite-de-leglise\\\/#primaryimage\"},\"thumbnailUrl\":\"https:\\\/\\\/cordeliers.ch\\\/wp-content\\\/uploads\\\/2025\\\/02\\\/Visite-de-leglise.png\",\"datePublished\":\"2025-02-24T13:09:47+00:00\",\"dateModified\":\"2025-03-06T07:08:48+00:00\",\"breadcrumb\":{\"@id\":\"https:\\\/\\\/cordeliers.ch\\\/visite-de-leglise\\\/#breadcrumb\"},\"inLanguage\":\"de\",\"potentialAction\":[{\"@type\":\"ReadAction\",\"target\":[\"https:\\\/\\\/cordeliers.ch\\\/visite-de-leglise\\\/\"]}]},{\"@type\":\"ImageObject\",\"inLanguage\":\"de\",\"@id\":\"https:\\\/\\\/cordeliers.ch\\\/visite-de-leglise\\\/#primaryimage\",\"url\":\"https:\\\/\\\/cordeliers.ch\\\/wp-content\\\/uploads\\\/2025\\\/02\\\/Visite-de-leglise.png\",\"contentUrl\":\"https:\\\/\\\/cordeliers.ch\\\/wp-content\\\/uploads\\\/2025\\\/02\\\/Visite-de-leglise.png\"},{\"@type\":\"BreadcrumbList\",\"@id\":\"https:\\\/\\\/cordeliers.ch\\\/visite-de-leglise\\\/#breadcrumb\",\"itemListElement\":[{\"@type\":\"ListItem\",\"position\":1,\"name\":\"Accueil\",\"item\":\"https:\\\/\\\/cordeliers.ch\\\/\"},{\"@type\":\"ListItem\",\"position\":2,\"name\":\"Visite de l\u2019\u00e9glise\"}]},{\"@type\":\"WebSite\",\"@id\":\"https:\\\/\\\/cordeliers.ch\\\/#website\",\"url\":\"https:\\\/\\\/cordeliers.ch\\\/\",\"name\":\"cordeliers\",\"description\":\"\",\"publisher\":{\"@id\":\"https:\\\/\\\/cordeliers.ch\\\/#organization\"},\"potentialAction\":[{\"@type\":\"SearchAction\",\"target\":{\"@type\":\"EntryPoint\",\"urlTemplate\":\"https:\\\/\\\/cordeliers.ch\\\/?s={search_term_string}\"},\"query-input\":{\"@type\":\"PropertyValueSpecification\",\"valueRequired\":true,\"valueName\":\"search_term_string\"}}],\"inLanguage\":\"de\"},{\"@type\":\"Organization\",\"@id\":\"https:\\\/\\\/cordeliers.ch\\\/#organization\",\"name\":\"cordeliers\",\"url\":\"https:\\\/\\\/cordeliers.ch\\\/\",\"logo\":{\"@type\":\"ImageObject\",\"inLanguage\":\"de\",\"@id\":\"https:\\\/\\\/cordeliers.ch\\\/#\\\/schema\\\/logo\\\/image\\\/\",\"url\":\"https:\\\/\\\/cordeliers.ch\\\/wp-content\\\/uploads\\\/2024\\\/11\\\/cropped-Ativa-MS-2.png\",\"contentUrl\":\"https:\\\/\\\/cordeliers.ch\\\/wp-content\\\/uploads\\\/2024\\\/11\\\/cropped-Ativa-MS-2.png\",\"width\":461,\"height\":108,\"caption\":\"cordeliers\"},\"image\":{\"@id\":\"https:\\\/\\\/cordeliers.ch\\\/#\\\/schema\\\/logo\\\/image\\\/\"}}]}<\/script>\n<!-- \/ Yoast SEO plugin. -->","yoast_head_json":{"title":"Visite de l\u2019\u00e9glise - cordeliers","robots":{"index":"index","follow":"follow","max-snippet":"max-snippet:-1","max-image-preview":"max-image-preview:large","max-video-preview":"max-video-preview:-1"},"canonical":"https:\/\/cordeliers.ch\/de\/visite-de-leglise\/","og_locale":"de_DE","og_type":"article","og_title":"Visite de l\u2019\u00e9glise - cordeliers","og_description":"Visite de l\u2019\u00e9glise Partez \u00e0 la d\u00e9couverte de l\u2019\u00e9glise et du clo\u00eetre gr\u00e2ce \u00e0 notre visite virtuelle (via le lien ci-dessous). Une visite sur place est possible \u00e0 tout moment. Sur demande, nous vous proposons \u00e9galement des visites guid\u00e9es.","og_url":"https:\/\/cordeliers.ch\/de\/visite-de-leglise\/","og_site_name":"cordeliers","article_modified_time":"2025-03-06T07:08:48+00:00","og_image":[{"url":"https:\/\/cordeliers.ch\/wp-content\/uploads\/2025\/02\/Visite-de-leglise.png","type":"","width":"","height":""}],"twitter_card":"summary_large_image","schema":{"@context":"https:\/\/schema.org","@graph":[{"@type":"WebPage","@id":"https:\/\/cordeliers.ch\/visite-de-leglise\/","url":"https:\/\/cordeliers.ch\/visite-de-leglise\/","name":"Visite de l\u2019\u00e9glise - cordeliers","isPartOf":{"@id":"https:\/\/cordeliers.ch\/#website"},"primaryImageOfPage":{"@id":"https:\/\/cordeliers.ch\/visite-de-leglise\/#primaryimage"},"image":{"@id":"https:\/\/cordeliers.ch\/visite-de-leglise\/#primaryimage"},"thumbnailUrl":"https:\/\/cordeliers.ch\/wp-content\/uploads\/2025\/02\/Visite-de-leglise.png","datePublished":"2025-02-24T13:09:47+00:00","dateModified":"2025-03-06T07:08:48+00:00","breadcrumb":{"@id":"https:\/\/cordeliers.ch\/visite-de-leglise\/#breadcrumb"},"inLanguage":"de","potentialAction":[{"@type":"ReadAction","target":["https:\/\/cordeliers.ch\/visite-de-leglise\/"]}]},{"@type":"ImageObject","inLanguage":"de","@id":"https:\/\/cordeliers.ch\/visite-de-leglise\/#primaryimage","url":"https:\/\/cordeliers.ch\/wp-content\/uploads\/2025\/02\/Visite-de-leglise.png","contentUrl":"https:\/\/cordeliers.ch\/wp-content\/uploads\/2025\/02\/Visite-de-leglise.png"},{"@type":"BreadcrumbList","@id":"https:\/\/cordeliers.ch\/visite-de-leglise\/#breadcrumb","itemListElement":[{"@type":"ListItem","position":1,"name":"Accueil","item":"https:\/\/cordeliers.ch\/"},{"@type":"ListItem","position":2,"name":"Visite de l\u2019\u00e9glise"}]},{"@type":"WebSite","@id":"https:\/\/cordeliers.ch\/#website","url":"https:\/\/cordeliers.ch\/","name":"cordeliers","description":"","publisher":{"@id":"https:\/\/cordeliers.ch\/#organization"},"potentialAction":[{"@type":"SearchAction","target":{"@type":"EntryPoint","urlTemplate":"https:\/\/cordeliers.ch\/?s={search_term_string}"},"query-input":{"@type":"PropertyValueSpecification","valueRequired":true,"valueName":"search_term_string"}}],"inLanguage":"de"},{"@type":"Organization","@id":"https:\/\/cordeliers.ch\/#organization","name":"cordeliers","url":"https:\/\/cordeliers.ch\/","logo":{"@type":"ImageObject","inLanguage":"de","@id":"https:\/\/cordeliers.ch\/#\/schema\/logo\/image\/","url":"https:\/\/cordeliers.ch\/wp-content\/uploads\/2024\/11\/cropped-Ativa-MS-2.png","contentUrl":"https:\/\/cordeliers.ch\/wp-content\/uploads\/2024\/11\/cropped-Ativa-MS-2.png","width":461,"height":108,"caption":"cordeliers"},"image":{"@id":"https:\/\/cordeliers.ch\/#\/schema\/logo\/image\/"}}]}},"_links":{"self":[{"href":"https:\/\/cordeliers.ch\/de\/wp-json\/wp\/v2\/pages\/24181","targetHints":{"allow":["GET"]}}],"collection":[{"href":"https:\/\/cordeliers.ch\/de\/wp-json\/wp\/v2\/pages"}],"about":[{"href":"https:\/\/cordeliers.ch\/de\/wp-json\/wp\/v2\/types\/page"}],"author":[{"embeddable":true,"href":"https:\/\/cordeliers.ch\/de\/wp-json\/wp\/v2\/users\/1"}],"replies":[{"embeddable":true,"href":"https:\/\/cordeliers.ch\/de\/wp-json\/wp\/v2\/comments?post=24181"}],"version-history":[{"count":24,"href":"https:\/\/cordeliers.ch\/de\/wp-json\/wp\/v2\/pages\/24181\/revisions"}],"predecessor-version":[{"id":24371,"href":"https:\/\/cordeliers.ch\/de\/wp-json\/wp\/v2\/pages\/24181\/revisions\/24371"}],"wp:attachment":[{"href":"https:\/\/cordeliers.ch\/de\/wp-json\/wp\/v2\/media?parent=24181"}],"curies":[{"name":"wp","href":"https:\/\/api.w.org\/{rel}","templated":true}]}}