{"id":24023,"date":"2025-01-30T16:00:55","date_gmt":"2025-01-30T15:00:55","guid":{"rendered":"http:\/\/195.34.73.93:81\/?page_id=24023"},"modified":"2026-01-29T11:32:53","modified_gmt":"2026-01-29T10:32:53","slug":"projets","status":"publish","type":"page","link":"https:\/\/cordeliers.ch\/de\/projets\/","title":{"rendered":"Projekte"},"content":{"rendered":"\t\t<div data-elementor-type=\"wp-page\" data-elementor-id=\"24023\" class=\"elementor elementor-24023\" data-elementor-post-type=\"page\">\n\t\t\t\t<div class=\"elementor-element elementor-element-a7db6bc e-flex e-con-boxed wpr-particle-no wpr-jarallax-no wpr-parallax-no wpr-sticky-section-no e-con e-parent\" data-id=\"a7db6bc\" data-element_type=\"container\" data-e-type=\"container\">\n\t\t\t\t\t<div class=\"e-con-inner\">\n\t\t\t\t<div class=\"elementor-element elementor-element-52d9426 elementor-widget-mobile__width-inherit elementor-widget elementor-widget-heading\" data-id=\"52d9426\" data-element_type=\"widget\" data-e-type=\"widget\" data-widget_type=\"heading.default\">\n\t\t\t\t<div class=\"elementor-widget-container\">\n\t\t\t\t\t<h1 class=\"elementor-heading-title elementor-size-default\">Projets \n\n\n\n\n\n\n<\/h1>\t\t\t\t<\/div>\n\t\t\t\t<\/div>\n\t\t\t\t\t<\/div>\n\t\t\t\t<\/div>\n\t\t<div class=\"elementor-element elementor-element-7846d0a e-flex e-con-boxed wpr-particle-no wpr-jarallax-no wpr-parallax-no wpr-sticky-section-no e-con e-parent\" data-id=\"7846d0a\" data-element_type=\"container\" data-e-type=\"container\">\n\t\t\t\t\t<div class=\"e-con-inner\">\n\t\t\t\t<div class=\"elementor-element elementor-element-290445f elementor-widget elementor-widget-text-editor\" data-id=\"290445f\" data-element_type=\"widget\" data-e-type=\"widget\" data-widget_type=\"text-editor.default\">\n\t\t\t\t<div class=\"elementor-widget-container\">\n\t\t\t\t\t\t\t\t\t<p>L\u2019entretien du couvent, de ses b\u00e2timents et de ses biens culturels n\u00e9cessite des investissements r\u00e9guliers et co\u00fbteux. Le couvent des Cordeliers ne re\u00e7oit aucune contribution des imp\u00f4ts eccl\u00e9siastiques et doit lui-m\u00eame g\u00e9n\u00e9rer ses revenus. La communaut\u00e9 a donc besoin de votre soutien pour pr\u00e9server et entretenir son patrimoine culturel.<\/p><p>Nous sommes tr\u00e8s reconnaissants pour tout soutien. Les contributions sont g\u00e9r\u00e9es par la Fondation pour la r\u00e9novation et l\u2019entretien du Couvent des Cordeliers de Fribourg (fondation \u00e0 but non lucratif) et peuvent \u00eatre d\u00e9duites des imp\u00f4ts.<\/p>\t\t\t\t\t\t\t\t<\/div>\n\t\t\t\t<\/div>\n\t\t\t\t<div class=\"elementor-element elementor-element-4cdc1af elementor-widget elementor-widget-html\" data-id=\"4cdc1af\" data-element_type=\"widget\" data-e-type=\"widget\" data-widget_type=\"html.default\">\n\t\t\t\t<div class=\"elementor-widget-container\">\n\t\t\t\t\t<div>\n    <table class=\"details-table\">\n        <thead>\n            <tr>\n                <th>Information<\/th>\n                <th>D\u00e9tail<\/th>\n            <\/tr>\n        <\/thead>\n        <tbody>\n            <tr>\n                <th scope=\"row\">B\u00e9n\u00e9ficiaire<\/th>\n                <td>Fondation pour la r\u00e9novation et la conservation du Couvent des Cordeliers de Fribourg<\/td>\n            <\/tr>\n            <tr>\n                <th scope=\"row\">Adresse<\/th>\n                <td>rue de Morat 6, 1700 Fribourg<\/td>\n            <\/tr>\n            <tr>\n                <th scope=\"row\">Banque<\/th>\n                <td>Banque Cantonale de Fribourg,<br>1701 Fribourg<\/td>\n            <\/tr>\n            <tr>\n                <th scope=\"row\">IBAN<\/th>\n                <td>CH49 0076 8300 1275 1770 9<\/td>\n            <\/tr>\n        <\/tbody>\n    <\/table>\n<\/div>\n\n<style>\n    .details-table {\n        width: 100%;\n        border-collapse: collapse;\n        margin-top: 20px;\n    }\n\n    .details-table th,\n    .details-table td {\n        padding: 10px;\n        text-align: left;\n        border-bottom: 1px solid #ddd;\n    }\n\n    .details-table th {\n        background-color: #C15520;\n        color: #fff;\n    }\n\n    .details-table tr:nth-child(even) {\n        background-color: #f9f9f9;\n    }\n\n    .details-table th[scope=\"row\"] {\n        text-align: right;\n        font-weight: bold;\n        color: #575760;\n        background-color: #f3f3f3;\n    }\n<\/style>\n\t\t\t\t<\/div>\n\t\t\t\t<\/div>\n\t\t\t\t<div class=\"elementor-element elementor-element-1285e67 elementor-widget-mobile__width-inherit elementor-widget elementor-widget-text-editor\" data-id=\"1285e67\" data-element_type=\"widget\" data-e-type=\"widget\" data-widget_type=\"text-editor.default\">\n\t\t\t\t<div class=\"elementor-widget-container\">\n\t\t\t\t\t\t\t\t\t<h2><strong>Actuellement, les projets suivants ont besoin de votre soutien :<\/strong><\/h2>\t\t\t\t\t\t\t\t<\/div>\n\t\t\t\t<\/div>\n\t\t\t\t\t<\/div>\n\t\t\t\t<\/div>\n\t\t<div class=\"elementor-element elementor-element-62968820 e-flex e-con-boxed wpr-particle-no wpr-jarallax-no wpr-parallax-no wpr-sticky-section-no e-con e-parent\" data-id=\"62968820\" data-element_type=\"container\" data-e-type=\"container\" data-settings=\"{&quot;background_background&quot;:&quot;classic&quot;}\">\n\t\t\t\t\t<div class=\"e-con-inner\">\n\t\t<div class=\"elementor-element elementor-element-31e41095 e-con-full e-flex wpr-particle-no wpr-jarallax-no wpr-parallax-no wpr-sticky-section-no e-con e-child\" data-id=\"31e41095\" data-element_type=\"container\" data-e-type=\"container\" data-settings=\"{&quot;background_background&quot;:&quot;classic&quot;}\">\n\t\t\t\t<div class=\"elementor-element elementor-element-2160e43 elementor-widget elementor-widget-text-editor\" data-id=\"2160e43\" data-element_type=\"widget\" data-e-type=\"widget\" data-widget_type=\"text-editor.default\">\n\t\t\t\t<div class=\"elementor-widget-container\">\n\t\t\t\t\t\t\t\t\t<h3><strong>Restauration des portails de l\u2019\u00e9glise et du couvent (\u00e9t\u00e9 2025 &#8211; printemps 2026)<\/strong><\/h3><p>Les portails en bois de l\u2019\u00e9glise des Cordeliers, finement sculpt\u00e9s, sont des \u0153uvres exceptionnelles de Wully Zumwald, datant de 1745. Ils marquent l&rsquo;ext\u00e9rieur de l\u2019\u00e9glise et le paysage urbain de Fribourg. Leur restauration est urgente, car les \u00e9missions du trafic routier et les intemp\u00e9ries ont consid\u00e9rablement endommag\u00e9 le bois de ch\u00eane et les charni\u00e8res d\u00e9coratives. La porte de la nouvelle sacristie, datant de 1735-1738, est une \u0153uvre importante de style R\u00e9gence. Le montant estim\u00e9 pour la r\u00e9alisation du projet est de <strong>CHF 52&rsquo;298.80<\/strong>.<\/p>\t\t\t\t\t\t\t\t<\/div>\n\t\t\t\t<\/div>\n\t\t\t\t<\/div>\n\t\t<div class=\"elementor-element elementor-element-638a38a7 e-con-full e-flex wpr-particle-no wpr-jarallax-no wpr-parallax-no wpr-sticky-section-no e-con e-child\" data-id=\"638a38a7\" data-element_type=\"container\" data-e-type=\"container\">\n\t\t\t\t<div class=\"elementor-element elementor-element-a3708c4 elementor-widget elementor-widget-image\" data-id=\"a3708c4\" data-element_type=\"widget\" data-e-type=\"widget\" data-widget_type=\"image.default\">\n\t\t\t\t<div class=\"elementor-widget-container\">\n\t\t\t\t\t\t\t\t\t\t\t\t\t\t\t<img fetchpriority=\"high\" decoding=\"async\" width=\"210\" height=\"280\" src=\"https:\/\/cordeliers.ch\/wp-content\/uploads\/2025\/01\/Picture1.jpg\" class=\"attachment-full size-full wp-image-24030\" alt=\"\" srcset=\"https:\/\/cordeliers.ch\/wp-content\/uploads\/2025\/01\/Picture1.jpg 210w, https:\/\/cordeliers.ch\/wp-content\/uploads\/2025\/01\/Picture1-9x12.jpg 9w\" sizes=\"(max-width: 210px) 100vw, 210px\" \/>\t\t\t\t\t\t\t\t\t\t\t\t\t\t\t<\/div>\n\t\t\t\t<\/div>\n\t\t\t\t<\/div>\n\t\t\t\t\t<\/div>\n\t\t\t\t<\/div>\n\t\t<div class=\"elementor-element elementor-element-fd898e0 e-flex e-con-boxed wpr-particle-no wpr-jarallax-no wpr-parallax-no wpr-sticky-section-no e-con e-parent\" data-id=\"fd898e0\" data-element_type=\"container\" data-e-type=\"container\" data-settings=\"{&quot;background_background&quot;:&quot;classic&quot;}\">\n\t\t\t\t\t<div class=\"e-con-inner\">\n\t\t<div class=\"elementor-element elementor-element-349fed9 e-con-full e-flex wpr-particle-no wpr-jarallax-no wpr-parallax-no wpr-sticky-section-no e-con e-child\" data-id=\"349fed9\" data-element_type=\"container\" data-e-type=\"container\">\n\t\t\t\t<div class=\"elementor-element elementor-element-27efd43 elementor-widget elementor-widget-image-gallery\" data-id=\"27efd43\" data-element_type=\"widget\" data-e-type=\"widget\" data-widget_type=\"image-gallery.default\">\n\t\t\t\t<div class=\"elementor-widget-container\">\n\t\t\t\t\t\t\t<div class=\"elementor-image-gallery\">\n\t\t\t<div id='gallery-1' class='gallery galleryid-24023 gallery-columns-1 gallery-size-2048x2048'><figure class='gallery-item'>\n\t\t\t<div class='gallery-icon portrait'>\n\t\t\t\t<a data-elementor-open-lightbox=\"yes\" data-elementor-lightbox-slideshow=\"27efd43\" data-e-action-hash=\"#elementor-action%3Aaction%3Dlightbox%26settings%3DeyJpZCI6MjQwMzEsInVybCI6Imh0dHBzOlwvXC9jb3JkZWxpZXJzLmNoXC93cC1jb250ZW50XC91cGxvYWRzXC8yMDI1XC8wMVwvUGljdHVyZTIuanBnIiwic2xpZGVzaG93IjoiMjdlZmQ0MyJ9\" href='https:\/\/cordeliers.ch\/wp-content\/uploads\/2025\/01\/Picture2.jpg'><img decoding=\"async\" width=\"310\" height=\"346\" src=\"https:\/\/cordeliers.ch\/wp-content\/uploads\/2025\/01\/Picture2.jpg\" class=\"attachment-2048x2048 size-2048x2048\" alt=\"\" srcset=\"https:\/\/cordeliers.ch\/wp-content\/uploads\/2025\/01\/Picture2.jpg 310w, https:\/\/cordeliers.ch\/wp-content\/uploads\/2025\/01\/Picture2-269x300.jpg 269w, https:\/\/cordeliers.ch\/wp-content\/uploads\/2025\/01\/Picture2-11x12.jpg 11w\" sizes=\"(max-width: 310px) 100vw, 310px\" \/><\/a>\n\t\t\t<\/div><\/figure><figure class='gallery-item'>\n\t\t\t<div class='gallery-icon portrait'>\n\t\t\t\t<a data-elementor-open-lightbox=\"yes\" data-elementor-lightbox-slideshow=\"27efd43\" data-e-action-hash=\"#elementor-action%3Aaction%3Dlightbox%26settings%3DeyJpZCI6MjQwMzIsInVybCI6Imh0dHBzOlwvXC9jb3JkZWxpZXJzLmNoXC93cC1jb250ZW50XC91cGxvYWRzXC8yMDI1XC8wMVwvUGljdHVyZTMuanBnIiwic2xpZGVzaG93IjoiMjdlZmQ0MyJ9\" href='https:\/\/cordeliers.ch\/wp-content\/uploads\/2025\/01\/Picture3.jpg'><img decoding=\"async\" width=\"316\" height=\"354\" src=\"https:\/\/cordeliers.ch\/wp-content\/uploads\/2025\/01\/Picture3.jpg\" class=\"attachment-2048x2048 size-2048x2048\" alt=\"\" srcset=\"https:\/\/cordeliers.ch\/wp-content\/uploads\/2025\/01\/Picture3.jpg 316w, https:\/\/cordeliers.ch\/wp-content\/uploads\/2025\/01\/Picture3-268x300.jpg 268w, https:\/\/cordeliers.ch\/wp-content\/uploads\/2025\/01\/Picture3-11x12.jpg 11w\" sizes=\"(max-width: 316px) 100vw, 316px\" \/><\/a>\n\t\t\t<\/div><\/figure>\n\t\t<\/div>\n\t\t<\/div>\n\t\t\t\t\t\t<\/div>\n\t\t\t\t<\/div>\n\t\t\t\t<\/div>\n\t\t<div class=\"elementor-element elementor-element-8e6ba05 e-con-full e-flex wpr-particle-no wpr-jarallax-no wpr-parallax-no wpr-sticky-section-no e-con e-child\" data-id=\"8e6ba05\" data-element_type=\"container\" data-e-type=\"container\" data-settings=\"{&quot;background_background&quot;:&quot;classic&quot;}\">\n\t\t\t\t<div class=\"elementor-element elementor-element-abf24c0 elementor-widget elementor-widget-text-editor\" data-id=\"abf24c0\" data-element_type=\"widget\" data-e-type=\"widget\" data-widget_type=\"text-editor.default\">\n\t\t\t\t<div class=\"elementor-widget-container\">\n\t\t\t\t\t\t\t\t\t<h3><strong>Renouvellement de l\u2019\u00e9clairage int\u00e9rieur de l\u2019\u00e9glise des Cordeliers (en cours de planification)<\/strong><\/h3><p>L&rsquo;\u00e9glise du Couvent des Cordeliers de Fribourg, construite au XIIIe si\u00e8cle et t\u00e9moin de l&rsquo;architecture franciscaine, a \u00e9t\u00e9 agrandie \u00e0 plusieurs reprises au cours des si\u00e8cles et adapt\u00e9e aux besoins et au go\u00fbt de son \u00e9poque. Ainsi, au milieu du XVIII\u00e8me si\u00e8cle, l&rsquo;\u00e9glise gothique a \u00e9t\u00e9 profond\u00e9ment modifi\u00e9e par la construction d&rsquo;une nouvelle nef baroque. Vers 1900, la d\u00e9coration baroque de l&rsquo;\u00e9glise a \u00e9t\u00e9 compl\u00e9t\u00e9e par des tableaux n\u00e9ogothiques dans les retables. Une derni\u00e8re restauration compl\u00e8te de l&rsquo;\u00e9glise a eu lieu entre 1974 et 1991. C&rsquo;est de cette \u00e9poque que date l&rsquo;\u00e9clairage actuel, avec des projecteurs halog\u00e8nes dans le ch\u0153ur et les chapelles lat\u00e9rales, ainsi que des lustres dans la nef.<\/p><p>Des \u00e9l\u00e9ments importants du d\u00e9cor, comme le retable dit des Ma\u00eetres \u00e0 l\u2019\u0153illet de 1479\/1480, les stalles du ch\u0153ur de 1310, l&rsquo;autel de Furno de 1518 ou les autels lat\u00e9raux baroques du XVIIIe si\u00e8cle, ne peuvent plus \u00eatre \u00e9clair\u00e9s aujourd&rsquo;hui, ou seulement de mani\u00e8re irr\u00e9guli\u00e8re. Des plaintes de visiteurs, mais aussi de guides officiels de la ville, ont attir\u00e9 l&rsquo;attention du couvent sur l&rsquo;urgence de cette t\u00e2che. Sans un \u00e9clairage ad\u00e9quat, la grande valeur du mobilier de l&rsquo;\u00e9glise du couvent ne peut pas \u00eatre transmise. Lors de visites guid\u00e9es propos\u00e9es par la communaut\u00e9 religieuse, l&rsquo;\u00e9clairage totalement insuffisant est un th\u00e8me r\u00e9current chez les visiteurs. Un nouvel \u00e9clairage permettra une nouvelle mise en valeur du riche mobilier m\u00e9di\u00e9val et baroque, ainsi que du ch\u0153ur gothique et de la nef baroque. Le budget pr\u00e9vu pour la r\u00e9alisation du projet est de <strong>CHF 260&rsquo;550.-<\/strong>.<\/p>\t\t\t\t\t\t\t\t<\/div>\n\t\t\t\t<\/div>\n\t\t\t\t<\/div>\n\t\t\t\t\t<\/div>\n\t\t\t\t<\/div>\n\t\t<div class=\"elementor-element elementor-element-445dcb7 e-flex e-con-boxed wpr-particle-no wpr-jarallax-no wpr-parallax-no wpr-sticky-section-no e-con e-parent\" data-id=\"445dcb7\" data-element_type=\"container\" data-e-type=\"container\">\n\t\t\t\t\t<div class=\"e-con-inner\">\n\t\t\t\t<div class=\"elementor-element elementor-element-e18db63 elementor-widget elementor-widget-text-editor\" data-id=\"e18db63\" data-element_type=\"widget\" data-e-type=\"widget\" data-widget_type=\"text-editor.default\">\n\t\t\t\t<div class=\"elementor-widget-container\">\n\t\t\t\t\t\t\t\t\t<h3><strong>R\u00e9fection de la toiture de l\u2019\u00e9glise des Cordeliers (en cours de planification)<\/strong><\/h3><p>La derni\u00e8re r\u00e9novation du toit de l&rsquo;\u00e9glise remonte \u00e0 une cinquantaine d&rsquo;ann\u00e9es. En raison du manque d\u2019accessibilit\u00e9 \u00e0 la toiture, des travaux de contr\u00f4le et d&rsquo;entretien n&rsquo;ont plus pu \u00eatre effectu\u00e9s ces derni\u00e8res ann\u00e9es. Le toit a donc besoin d&rsquo;une r\u00e9novation urgente. Des tuiles cass\u00e9es et endommag\u00e9es font que de l&rsquo;eau s&rsquo;infiltre sous la toiture en cas d&rsquo;intemp\u00e9ries, c&rsquo;est pourquoi le couvent des Cordeliers souhaite proc\u00e9der le plus rapidement possible \u00e0 une r\u00e9novation du toit de l&rsquo;\u00e9glise. En collaboration avec un bureau d&rsquo;architectes, un projet a \u00e9t\u00e9 \u00e9labor\u00e9 qui comprend l&rsquo;installation de crochets de s\u00e9curit\u00e9, la r\u00e9alisation d&rsquo;un plancher en bois sous le toit du ch\u0153ur, la cr\u00e9ation d&rsquo;un acc\u00e8s s\u00e9curis\u00e9 au toit pour les futurs travaux d&rsquo;entretien, la r\u00e9novation ou le contr\u00f4le de toutes les surfaces du toit ainsi que la r\u00e9paration des fa\u00e7ades en molasse du ch\u0153ur. L&rsquo;objectif de ces travaux est de r\u00e9nover le toit de l&rsquo;\u00e9glise de mani\u00e8re durable et de permettre des travaux de contr\u00f4le et d&rsquo;entretien r\u00e9guliers \u00e0 l&rsquo;avenir. Les fa\u00e7ades en molasse du ch\u0153ur, qui sont expos\u00e9es aux intemp\u00e9ries et ont subi des dommages au fil des ans, doivent \u00e9galement \u00eatre r\u00e9nov\u00e9es. Le budget pr\u00e9vu pour la r\u00e9alisation du projet est de <strong>CHF 894\u2019000<\/strong>.<\/p>\t\t\t\t\t\t\t\t<\/div>\n\t\t\t\t<\/div>\n\t\t\t\t<div class=\"elementor-element elementor-element-4265c4b9 elementor-widget elementor-widget-image\" data-id=\"4265c4b9\" data-element_type=\"widget\" data-e-type=\"widget\" data-widget_type=\"image.default\">\n\t\t\t\t<div class=\"elementor-widget-container\">\n\t\t\t\t\t\t\t\t\t\t\t\t<figure class=\"wp-caption\">\n\t\t\t\t\t\t\t\t\t\t<img loading=\"lazy\" decoding=\"async\" width=\"397\" height=\"293\" src=\"https:\/\/cordeliers.ch\/wp-content\/uploads\/2025\/01\/Picture4.png\" class=\"attachment-2048x2048 size-2048x2048 wp-image-24033\" alt=\"\" srcset=\"https:\/\/cordeliers.ch\/wp-content\/uploads\/2025\/01\/Picture4.png 397w, https:\/\/cordeliers.ch\/wp-content\/uploads\/2025\/01\/Picture4-300x221.png 300w, https:\/\/cordeliers.ch\/wp-content\/uploads\/2025\/01\/Picture4-16x12.png 16w\" sizes=\"(max-width: 397px) 100vw, 397px\" \/>\t\t\t\t\t\t\t\t\t\t\t<figcaption class=\"widget-image-caption wp-caption-text\"><\/figcaption>\n\t\t\t\t\t\t\t\t\t\t<\/figure>\n\t\t\t\t\t\t\t\t\t<\/div>\n\t\t\t\t<\/div>\n\t\t\t\t\t<\/div>\n\t\t\t\t<\/div>\n\t\t\t\t<\/div>\n\t\t","protected":false},"excerpt":{"rendered":"<p>Projets L\u2019entretien du couvent, de ses b\u00e2timents et de ses biens culturels n\u00e9cessite des investissements r\u00e9guliers et co\u00fbteux. Le couvent des Cordeliers ne re\u00e7oit aucune contribution des imp\u00f4ts eccl\u00e9siastiques et doit lui-m\u00eame g\u00e9n\u00e9rer ses revenus. La communaut\u00e9 a donc besoin de votre soutien pour pr\u00e9server et entretenir son patrimoine culturel. Nous sommes tr\u00e8s reconnaissants pour &#8230; <a title=\"Projekte\" class=\"read-more\" href=\"https:\/\/cordeliers.ch\/de\/projets\/\" aria-label=\"Mehr Informationen \u00fcber Projets\">Weiterlesen &#8230;<\/a><\/p>","protected":false},"author":1,"featured_media":0,"parent":0,"menu_order":0,"comment_status":"closed","ping_status":"closed","template":"elementor_header_footer","meta":{"footnotes":""},"class_list":["post-24023","page","type-page","status-publish"],"yoast_head":"<!-- This site is optimized with the Yoast SEO plugin v27.3 - https:\/\/yoast.com\/product\/yoast-seo-wordpress\/ -->\n<title>Projets - cordeliers<\/title>\n<meta name=\"robots\" content=\"index, follow, max-snippet:-1, max-image-preview:large, max-video-preview:-1\" \/>\n<link rel=\"canonical\" href=\"https:\/\/cordeliers.ch\/de\/projets\/\" \/>\n<meta property=\"og:locale\" content=\"de_DE\" \/>\n<meta property=\"og:type\" content=\"article\" \/>\n<meta property=\"og:title\" content=\"Projets - cordeliers\" \/>\n<meta property=\"og:description\" content=\"Projets L\u2019entretien du couvent, de ses b\u00e2timents et de ses biens culturels n\u00e9cessite des investissements r\u00e9guliers et co\u00fbteux. Le couvent des Cordeliers ne re\u00e7oit aucune contribution des imp\u00f4ts eccl\u00e9siastiques et doit lui-m\u00eame g\u00e9n\u00e9rer ses revenus. La communaut\u00e9 a donc besoin de votre soutien pour pr\u00e9server et entretenir son patrimoine culturel. Nous sommes tr\u00e8s reconnaissants pour ... Weiterlesen ...\" \/>\n<meta property=\"og:url\" content=\"https:\/\/cordeliers.ch\/de\/projets\/\" \/>\n<meta property=\"og:site_name\" content=\"cordeliers\" \/>\n<meta property=\"article:modified_time\" content=\"2026-01-29T10:32:53+00:00\" \/>\n<meta property=\"og:image\" content=\"https:\/\/cordeliers.ch\/wp-content\/uploads\/2025\/01\/Picture1.jpg\" \/>\n\t<meta property=\"og:image:width\" content=\"210\" \/>\n\t<meta property=\"og:image:height\" content=\"280\" \/>\n\t<meta property=\"og:image:type\" content=\"image\/jpeg\" \/>\n<meta name=\"twitter:card\" content=\"summary_large_image\" \/>\n<meta name=\"twitter:label1\" content=\"Gesch\u00e4tzte Lesezeit\" \/>\n\t<meta name=\"twitter:data1\" content=\"5\u00a0Minuten\" \/>\n<script type=\"application\/ld+json\" class=\"yoast-schema-graph\">{\"@context\":\"https:\\\/\\\/schema.org\",\"@graph\":[{\"@type\":\"WebPage\",\"@id\":\"https:\\\/\\\/cordeliers.ch\\\/projets\\\/\",\"url\":\"https:\\\/\\\/cordeliers.ch\\\/projets\\\/\",\"name\":\"Projets - cordeliers\",\"isPartOf\":{\"@id\":\"https:\\\/\\\/cordeliers.ch\\\/#website\"},\"primaryImageOfPage\":{\"@id\":\"https:\\\/\\\/cordeliers.ch\\\/projets\\\/#primaryimage\"},\"image\":{\"@id\":\"https:\\\/\\\/cordeliers.ch\\\/projets\\\/#primaryimage\"},\"thumbnailUrl\":\"https:\\\/\\\/cordeliers.ch\\\/wp-content\\\/uploads\\\/2025\\\/01\\\/Picture1.jpg\",\"datePublished\":\"2025-01-30T15:00:55+00:00\",\"dateModified\":\"2026-01-29T10:32:53+00:00\",\"breadcrumb\":{\"@id\":\"https:\\\/\\\/cordeliers.ch\\\/projets\\\/#breadcrumb\"},\"inLanguage\":\"de\",\"potentialAction\":[{\"@type\":\"ReadAction\",\"target\":[\"https:\\\/\\\/cordeliers.ch\\\/projets\\\/\"]}]},{\"@type\":\"ImageObject\",\"inLanguage\":\"de\",\"@id\":\"https:\\\/\\\/cordeliers.ch\\\/projets\\\/#primaryimage\",\"url\":\"https:\\\/\\\/cordeliers.ch\\\/wp-content\\\/uploads\\\/2025\\\/01\\\/Picture1.jpg\",\"contentUrl\":\"https:\\\/\\\/cordeliers.ch\\\/wp-content\\\/uploads\\\/2025\\\/01\\\/Picture1.jpg\"},{\"@type\":\"BreadcrumbList\",\"@id\":\"https:\\\/\\\/cordeliers.ch\\\/projets\\\/#breadcrumb\",\"itemListElement\":[{\"@type\":\"ListItem\",\"position\":1,\"name\":\"Accueil\",\"item\":\"https:\\\/\\\/cordeliers.ch\\\/\"},{\"@type\":\"ListItem\",\"position\":2,\"name\":\"Projets\"}]},{\"@type\":\"WebSite\",\"@id\":\"https:\\\/\\\/cordeliers.ch\\\/#website\",\"url\":\"https:\\\/\\\/cordeliers.ch\\\/\",\"name\":\"cordeliers\",\"description\":\"\",\"publisher\":{\"@id\":\"https:\\\/\\\/cordeliers.ch\\\/#organization\"},\"potentialAction\":[{\"@type\":\"SearchAction\",\"target\":{\"@type\":\"EntryPoint\",\"urlTemplate\":\"https:\\\/\\\/cordeliers.ch\\\/?s={search_term_string}\"},\"query-input\":{\"@type\":\"PropertyValueSpecification\",\"valueRequired\":true,\"valueName\":\"search_term_string\"}}],\"inLanguage\":\"de\"},{\"@type\":\"Organization\",\"@id\":\"https:\\\/\\\/cordeliers.ch\\\/#organization\",\"name\":\"cordeliers\",\"url\":\"https:\\\/\\\/cordeliers.ch\\\/\",\"logo\":{\"@type\":\"ImageObject\",\"inLanguage\":\"de\",\"@id\":\"https:\\\/\\\/cordeliers.ch\\\/#\\\/schema\\\/logo\\\/image\\\/\",\"url\":\"https:\\\/\\\/cordeliers.ch\\\/wp-content\\\/uploads\\\/2024\\\/11\\\/cropped-Ativa-MS-2.png\",\"contentUrl\":\"https:\\\/\\\/cordeliers.ch\\\/wp-content\\\/uploads\\\/2024\\\/11\\\/cropped-Ativa-MS-2.png\",\"width\":461,\"height\":108,\"caption\":\"cordeliers\"},\"image\":{\"@id\":\"https:\\\/\\\/cordeliers.ch\\\/#\\\/schema\\\/logo\\\/image\\\/\"}}]}<\/script>\n<!-- \/ Yoast SEO plugin. -->","yoast_head_json":{"title":"Projets - cordeliers","robots":{"index":"index","follow":"follow","max-snippet":"max-snippet:-1","max-image-preview":"max-image-preview:large","max-video-preview":"max-video-preview:-1"},"canonical":"https:\/\/cordeliers.ch\/de\/projets\/","og_locale":"de_DE","og_type":"article","og_title":"Projets - cordeliers","og_description":"Projets L\u2019entretien du couvent, de ses b\u00e2timents et de ses biens culturels n\u00e9cessite des investissements r\u00e9guliers et co\u00fbteux. Le couvent des Cordeliers ne re\u00e7oit aucune contribution des imp\u00f4ts eccl\u00e9siastiques et doit lui-m\u00eame g\u00e9n\u00e9rer ses revenus. La communaut\u00e9 a donc besoin de votre soutien pour pr\u00e9server et entretenir son patrimoine culturel. Nous sommes tr\u00e8s reconnaissants pour ... Weiterlesen ...","og_url":"https:\/\/cordeliers.ch\/de\/projets\/","og_site_name":"cordeliers","article_modified_time":"2026-01-29T10:32:53+00:00","og_image":[{"width":210,"height":280,"url":"https:\/\/cordeliers.ch\/wp-content\/uploads\/2025\/01\/Picture1.jpg","type":"image\/jpeg"}],"twitter_card":"summary_large_image","twitter_misc":{"Gesch\u00e4tzte Lesezeit":"5\u00a0Minuten"},"schema":{"@context":"https:\/\/schema.org","@graph":[{"@type":"WebPage","@id":"https:\/\/cordeliers.ch\/projets\/","url":"https:\/\/cordeliers.ch\/projets\/","name":"Projets - cordeliers","isPartOf":{"@id":"https:\/\/cordeliers.ch\/#website"},"primaryImageOfPage":{"@id":"https:\/\/cordeliers.ch\/projets\/#primaryimage"},"image":{"@id":"https:\/\/cordeliers.ch\/projets\/#primaryimage"},"thumbnailUrl":"https:\/\/cordeliers.ch\/wp-content\/uploads\/2025\/01\/Picture1.jpg","datePublished":"2025-01-30T15:00:55+00:00","dateModified":"2026-01-29T10:32:53+00:00","breadcrumb":{"@id":"https:\/\/cordeliers.ch\/projets\/#breadcrumb"},"inLanguage":"de","potentialAction":[{"@type":"ReadAction","target":["https:\/\/cordeliers.ch\/projets\/"]}]},{"@type":"ImageObject","inLanguage":"de","@id":"https:\/\/cordeliers.ch\/projets\/#primaryimage","url":"https:\/\/cordeliers.ch\/wp-content\/uploads\/2025\/01\/Picture1.jpg","contentUrl":"https:\/\/cordeliers.ch\/wp-content\/uploads\/2025\/01\/Picture1.jpg"},{"@type":"BreadcrumbList","@id":"https:\/\/cordeliers.ch\/projets\/#breadcrumb","itemListElement":[{"@type":"ListItem","position":1,"name":"Accueil","item":"https:\/\/cordeliers.ch\/"},{"@type":"ListItem","position":2,"name":"Projets"}]},{"@type":"WebSite","@id":"https:\/\/cordeliers.ch\/#website","url":"https:\/\/cordeliers.ch\/","name":"cordeliers","description":"","publisher":{"@id":"https:\/\/cordeliers.ch\/#organization"},"potentialAction":[{"@type":"SearchAction","target":{"@type":"EntryPoint","urlTemplate":"https:\/\/cordeliers.ch\/?s={search_term_string}"},"query-input":{"@type":"PropertyValueSpecification","valueRequired":true,"valueName":"search_term_string"}}],"inLanguage":"de"},{"@type":"Organization","@id":"https:\/\/cordeliers.ch\/#organization","name":"cordeliers","url":"https:\/\/cordeliers.ch\/","logo":{"@type":"ImageObject","inLanguage":"de","@id":"https:\/\/cordeliers.ch\/#\/schema\/logo\/image\/","url":"https:\/\/cordeliers.ch\/wp-content\/uploads\/2024\/11\/cropped-Ativa-MS-2.png","contentUrl":"https:\/\/cordeliers.ch\/wp-content\/uploads\/2024\/11\/cropped-Ativa-MS-2.png","width":461,"height":108,"caption":"cordeliers"},"image":{"@id":"https:\/\/cordeliers.ch\/#\/schema\/logo\/image\/"}}]}},"_links":{"self":[{"href":"https:\/\/cordeliers.ch\/de\/wp-json\/wp\/v2\/pages\/24023","targetHints":{"allow":["GET"]}}],"collection":[{"href":"https:\/\/cordeliers.ch\/de\/wp-json\/wp\/v2\/pages"}],"about":[{"href":"https:\/\/cordeliers.ch\/de\/wp-json\/wp\/v2\/types\/page"}],"author":[{"embeddable":true,"href":"https:\/\/cordeliers.ch\/de\/wp-json\/wp\/v2\/users\/1"}],"replies":[{"embeddable":true,"href":"https:\/\/cordeliers.ch\/de\/wp-json\/wp\/v2\/comments?post=24023"}],"version-history":[{"count":22,"href":"https:\/\/cordeliers.ch\/de\/wp-json\/wp\/v2\/pages\/24023\/revisions"}],"predecessor-version":[{"id":24712,"href":"https:\/\/cordeliers.ch\/de\/wp-json\/wp\/v2\/pages\/24023\/revisions\/24712"}],"wp:attachment":[{"href":"https:\/\/cordeliers.ch\/de\/wp-json\/wp\/v2\/media?parent=24023"}],"curies":[{"name":"wp","href":"https:\/\/api.w.org\/{rel}","templated":true}]}}