{"id":23989,"date":"2025-01-27T15:39:13","date_gmt":"2025-01-27T14:39:13","guid":{"rendered":"http:\/\/195.34.73.93:81\/?page_id=23989"},"modified":"2025-12-17T16:48:35","modified_gmt":"2025-12-17T15:48:35","slug":"patrimoine","status":"publish","type":"page","link":"https:\/\/cordeliers.ch\/de\/patrimoine\/","title":{"rendered":"Kulturerbe"},"content":{"rendered":"<div data-elementor-type=\"wp-page\" data-elementor-id=\"23989\" class=\"elementor elementor-23989\" data-elementor-post-type=\"page\">\n\t\t\t\t<div class=\"elementor-element elementor-element-b7f4d81 e-flex e-con-boxed wpr-particle-no wpr-jarallax-no wpr-parallax-no wpr-sticky-section-no e-con e-parent\" data-id=\"b7f4d81\" data-element_type=\"container\" data-e-type=\"container\">\n\t\t\t\t\t<div class=\"e-con-inner\">\n\t\t\t\t<div class=\"elementor-element elementor-element-2bff315 elementor-widget elementor-widget-heading\" data-id=\"2bff315\" data-element_type=\"widget\" data-e-type=\"widget\" data-widget_type=\"heading.default\">\n\t\t\t\t<div class=\"elementor-widget-container\">\n\t\t\t\t\t<h1 class=\"elementor-heading-title elementor-size-default\">Kulturerbe<\/h1>\t\t\t\t<\/div>\n\t\t\t\t<\/div>\n\t\t\t\t\t<\/div>\n\t\t\t\t<\/div>\n\t\t<div class=\"elementor-element elementor-element-7846d0a e-flex e-con-boxed wpr-particle-no wpr-jarallax-no wpr-parallax-no wpr-sticky-section-no e-con e-parent\" data-id=\"7846d0a\" data-element_type=\"container\" data-e-type=\"container\">\n\t\t\t\t\t<div class=\"e-con-inner\">\n\t\t\t\t<div class=\"elementor-element elementor-element-4265c4b9 elementor-widget elementor-widget-image\" data-id=\"4265c4b9\" data-element_type=\"widget\" data-e-type=\"widget\" data-widget_type=\"image.default\">\n\t\t\t\t<div class=\"elementor-widget-container\">\n\t\t\t\t\t\t\t\t\t\t\t\t<figure class=\"wp-caption\">\n\t\t\t\t\t\t\t\t\t\t<img fetchpriority=\"high\" decoding=\"async\" width=\"1024\" height=\"683\" src=\"https:\/\/cordeliers.ch\/wp-content\/uploads\/2025\/01\/Photo-patrimoine-1024x683.jpg\" class=\"attachment-large size-large wp-image-23991\" alt=\"\" srcset=\"https:\/\/cordeliers.ch\/wp-content\/uploads\/2025\/01\/Photo-patrimoine-1024x683.jpg 1024w, https:\/\/cordeliers.ch\/wp-content\/uploads\/2025\/01\/Photo-patrimoine-300x200.jpg 300w, https:\/\/cordeliers.ch\/wp-content\/uploads\/2025\/01\/Photo-patrimoine-768x512.jpg 768w, https:\/\/cordeliers.ch\/wp-content\/uploads\/2025\/01\/Photo-patrimoine-1536x1024.jpg 1536w, https:\/\/cordeliers.ch\/wp-content\/uploads\/2025\/01\/Photo-patrimoine-2048x1365.jpg 2048w, https:\/\/cordeliers.ch\/wp-content\/uploads\/2025\/01\/Photo-patrimoine-18x12.jpg 18w\" sizes=\"(max-width: 1024px) 100vw, 1024px\" \/>\t\t\t\t\t\t\t\t\t\t\t<figcaption class=\"widget-image-caption wp-caption-text\"><\/figcaption>\n\t\t\t\t\t\t\t\t\t\t<\/figure>\n\t\t\t\t\t\t\t\t\t<\/div>\n\t\t\t\t<\/div>\n\t\t\t\t<div class=\"elementor-element elementor-element-290445f elementor-widget elementor-widget-text-editor\" data-id=\"290445f\" data-element_type=\"widget\" data-e-type=\"widget\" data-widget_type=\"text-editor.default\">\n\t\t\t\t<div class=\"elementor-widget-container\">\n\t\t\t\t\t\t\t\t\t<p>Die Konventsbibliothek beherbergt die wertvollen B\u00fccherbest\u00e4nde des Franziskanerklosters. Darunter befinden sich mittelalterliche und fr\u00fchneuzeitliche Handschriften, Inkunabeln sowie zahlreiche alte Drucke. Das Archiv, das u.a. den historischen Urkunden- und Aktenbestand beherbergt, dokumentiert die Geschichte des Klosters von seiner Gr\u00fcndung im 13. Jahrhundert bis heute. In der Restaurierungswerkstatt werden die mittelalterlichen Handschriften und Inkunabeln des Franziskanerklosters restauriert. Die Werkstatt steht auch f\u00fcr externe Auftr\u00e4ge jederzeit offen. Begutachtungen von Schrift- und Kulturgut werden auf Anfrage gerne durchgef\u00fchrt.<\/p>\t\t\t\t\t\t\t\t<\/div>\n\t\t\t\t<\/div>\n\t\t\t\t\t<\/div>\n\t\t\t\t<\/div>\n\t\t<div class=\"elementor-element elementor-element-3ed59a9 e-flex e-con-boxed wpr-particle-no wpr-jarallax-no wpr-parallax-no wpr-sticky-section-no e-con e-parent\" data-id=\"3ed59a9\" data-element_type=\"container\" data-e-type=\"container\">\n\t\t\t\t\t<div class=\"e-con-inner\">\n\t\t\t\t<div class=\"elementor-element elementor-element-a903afb elementor-widget elementor-widget-text-editor\" data-id=\"a903afb\" data-element_type=\"widget\" data-e-type=\"widget\" data-widget_type=\"text-editor.default\">\n\t\t\t\t<div class=\"elementor-widget-container\">\n\t\t\t\t\t\t\t\t\t<h3><a href=\"https:\/\/cordeliers.ch\/de\/archives\/\" rel=\"noopener\">=&gt; <span style=\"text-decoration: underline;\">Archiv<\/span><\/a><\/h3><h3><a href=\"https:\/\/cordeliers.ch\/de\/bibliotheque\/\" rel=\"noopener\">=&gt; <span style=\"text-decoration: underline;\">Bibliothek<\/span><\/a><\/h3><h3><a href=\"https:\/\/cordeliers.ch\/de\/atelier-restauration\/\" rel=\"noopener\">=&gt; <span style=\"text-decoration: underline;\">Restaurierungswerkstatt<\/span><\/a><\/h3><h3><a href=\"https:\/\/cordeliers.ch\/de\/category\/blogs\/\" rel=\"noopener\">=&gt; <span style=\"text-decoration: underline;\">Kulturerbe-Blog<\/span><\/a><\/h3>\t\t\t\t\t\t\t\t<\/div>\n\t\t\t\t<\/div>\n\t\t\t\t\t<\/div>\n\t\t\t\t<\/div>\n\t\t<div class=\"elementor-element elementor-element-91c7ede e-flex e-con-boxed wpr-particle-no wpr-jarallax-no wpr-parallax-no wpr-sticky-section-no e-con e-parent\" data-id=\"91c7ede\" data-element_type=\"container\" data-e-type=\"container\">\n\t\t\t\t\t<div class=\"e-con-inner\">\n\t\t\t\t<div class=\"elementor-element elementor-element-07e5068 elementor-widget elementor-widget-text-editor\" data-id=\"07e5068\" data-element_type=\"widget\" data-e-type=\"widget\" data-widget_type=\"text-editor.default\">\n\t\t\t\t<div class=\"elementor-widget-container\">\n\t\t\t\t\t\t\t\t\t<h3>Kontakt<\/h3>\t\t\t\t\t\t\t\t<\/div>\n\t\t\t\t<\/div>\n\t\t\t\t\t<\/div>\n\t\t\t\t<\/div>\n\t\t<div class=\"elementor-element elementor-element-098069a e-flex e-con-boxed wpr-particle-no wpr-jarallax-no wpr-parallax-no wpr-sticky-section-no e-con e-parent\" data-id=\"098069a\" data-element_type=\"container\" data-e-type=\"container\">\n\t\t\t\t\t<div class=\"e-con-inner\">\n\t\t<div class=\"elementor-element elementor-element-45d0c82 e-con-full e-flex wpr-particle-no wpr-jarallax-no wpr-parallax-no wpr-sticky-section-no e-con e-child\" data-id=\"45d0c82\" data-element_type=\"container\" data-e-type=\"container\">\n\t\t\t\t<div class=\"elementor-element elementor-element-0d08b7c elementor-widget elementor-widget-html\" data-id=\"0d08b7c\" data-element_type=\"widget\" data-e-type=\"widget\" data-widget_type=\"html.default\">\n\t\t\t\t<div class=\"elementor-widget-container\">\n\t\t\t\t\t\n\n<div>\n    \n    <div class=\"contact-container\">\n        <div class=\"contact-info\">\n            <p><strong><i class=\"fas fa-building\"><\/i> Franziskanerkloster<\/strong><\/p>\n            <p><i class=\"fas fa-book\"><\/i> Archiv und Bibliothek<\/p>\n            <p><strong><i class=\"fas fa-user\"><\/i> Dr. Lukas Camenzind<\/strong><\/p>\n         \n            <p><i class=\"fas fa-phone-alt\"><\/i> Tel. +41 26 347 11 77<\/p>\n            <p><i class=\"fas fa-envelope\"><\/i> archives(at)cordeliers.ch<\/p>\n        <\/div>\n    <\/div>\n<\/div>\n\n<!-- Include FontAwesome for the icons -->\n<link href=\"https:\/\/cdnjs.cloudflare.com\/ajax\/libs\/font-awesome\/5.15.4\/css\/all.min.css\" rel=\"stylesheet\">\n<!-- Import Source Sans Pro font -->\n<link href=\"https:\/\/fonts.googleapis.com\/css2?family=Source+Sans+Pro:wght@400;600&display=swap\" rel=\"stylesheet\">\n\n<style>\n    \/* Apply Source Sans Pro font to the entire page *\/\n    body {\n        font-family: 'Source Sans Pro', sans-serif;\n    }\n\n    .contact-container {\n        display: flex;\n        align-items: flex-start;\n        margin-top: 20px;\n    }\n\n    .contact-info {\n        font-size: 17px;\n        line-height: 1.6;\n    }\n\n    .contact-info p {\n        margin: 5px 0;\n    }\n\n    .contact-info i {\n        margin-right: 8px;\n        color: #c15520;\n    }\n\n    .contact-info a {\n        color: #c15520;\n        text-decoration: none;\n    }\n\n    .contact-info a:hover {\n        text-decoration: underline;\n    }\n<\/style>\n\n\t\t\t\t<\/div>\n\t\t\t\t<\/div>\n\t\t\t\t<\/div>\n\t\t<div class=\"elementor-element elementor-element-d95a889 e-con-full e-flex wpr-particle-no wpr-jarallax-no wpr-parallax-no wpr-sticky-section-no e-con e-child\" data-id=\"d95a889\" data-element_type=\"container\" data-e-type=\"container\">\n\t\t\t\t<div class=\"elementor-element elementor-element-9741749 elementor-widget elementor-widget-html\" data-id=\"9741749\" data-element_type=\"widget\" data-e-type=\"widget\" data-widget_type=\"html.default\">\n\t\t\t\t<div class=\"elementor-widget-container\">\n\t\t\t\t\t<div>\n<h3><\/h3>\n    <div class=\"contact-container\">\n        <div class=\"contact-info\">\n            <p><strong><i class=\"fas fa-building\"><\/i> Franziskanerkloster<\/strong><\/p>\n            <p><i class=\"fas fa-book\"><\/i> Restaurierungswerkstatt<\/p>\n            <p><strong><i class=\"fas fa-user\"><\/i> Andrea Friedli\t<\/strong><\/p>\n            \n            <p><i class=\"fas fa-phone-alt\"><\/i> Tel. +41 26 347 11 70<\/p>\n            <p><i class=\"fas fa-envelope\"><\/i> atelier(at)cordeliers.ch<\/p>\n        <\/div>\n    <\/div>\n<\/div>\n\n<!-- Include FontAwesome for the icons -->\n<link href=\"https:\/\/cdnjs.cloudflare.com\/ajax\/libs\/font-awesome\/5.15.4\/css\/all.min.css\" rel=\"stylesheet\">\n<!-- Import Source Sans Pro font -->\n<link href=\"https:\/\/fonts.googleapis.com\/css2?family=Source+Sans+Pro:wght@400;600&display=swap\" rel=\"stylesheet\">\n\n<style>\n    \/* Apply Source Sans Pro font to the entire page *\/\n    body {\n        font-family: 'Source Sans Pro', sans-serif;\n    }\n\n    .contact-container {\n        display: flex;\n        align-items: flex-start;\n        margin-top: 20px;\n    }\n\n    .contact-info {\n        font-size: 17px;\n        line-height: 1.6;\n    }\n\n    .contact-info p {\n        margin: 5px 0;\n    }\n\n    .contact-info i {\n        margin-right: 8px;\n        color: #c15520;\n    }\n\n    .contact-info a {\n        color: #c15520;\n        text-decoration: none;\n    }\n\n    .contact-info a:hover {\n        text-decoration: underline;\n    }\n<\/style>\n\t\t\t\t<\/div>\n\t\t\t\t<\/div>\n\t\t\t\t<\/div>\n\t\t\t\t\t<\/div>\n\t\t\t\t<\/div>\n\t\t\t\t<\/div>","protected":false},"excerpt":{"rendered":"<p>Patrimoine La biblioth\u00e8que conventuelle abrite les pr\u00e9cieuses collections de livres du couvent. Parmi eux se trouvent des manuscrits m\u00e9di\u00e9vaux et du d\u00e9but de l\u2019\u00e9poque moderne, des incunables ainsi que de nombreux imprim\u00e9s anciens. Les archives, qui abritent le fonds historique de chartes et d\u2019actes, documentent l\u2019histoire du couvent depuis sa fondation au XIIIe si\u00e8cle jusqu\u2019\u00e0 &#8230; <a title=\"Kulturerbe\" class=\"read-more\" href=\"https:\/\/cordeliers.ch\/de\/patrimoine\/\" aria-label=\"Mehr Informationen \u00fcber Patrimoine\">Weiterlesen &#8230;<\/a><\/p>","protected":false},"author":1,"featured_media":0,"parent":0,"menu_order":0,"comment_status":"closed","ping_status":"closed","template":"elementor_header_footer","meta":{"footnotes":""},"class_list":["post-23989","page","type-page","status-publish"],"yoast_head":"<!-- This site is optimized with the Yoast SEO plugin v27.3 - https:\/\/yoast.com\/product\/yoast-seo-wordpress\/ -->\n<title>Patrimoine - cordeliers - Franziskanerorden - Freiburg<\/title>\n<meta name=\"robots\" content=\"index, follow, max-snippet:-1, max-image-preview:large, max-video-preview:-1\" \/>\n<link rel=\"canonical\" href=\"https:\/\/cordeliers.ch\/de\/patrimoine\/\" \/>\n<meta property=\"og:locale\" content=\"de_DE\" \/>\n<meta property=\"og:type\" content=\"article\" \/>\n<meta property=\"og:title\" content=\"Patrimoine - cordeliers - Franziskanerorden - Freiburg\" \/>\n<meta property=\"og:description\" content=\"Patrimoine La biblioth\u00e8que conventuelle abrite les pr\u00e9cieuses collections de livres du couvent. Parmi eux se trouvent des manuscrits m\u00e9di\u00e9vaux et du d\u00e9but de l\u2019\u00e9poque moderne, des incunables ainsi que de nombreux imprim\u00e9s anciens. Les archives, qui abritent le fonds historique de chartes et d\u2019actes, documentent l\u2019histoire du couvent depuis sa fondation au XIIIe si\u00e8cle jusqu\u2019\u00e0 ... Weiterlesen ...\" \/>\n<meta property=\"og:url\" content=\"https:\/\/cordeliers.ch\/de\/patrimoine\/\" \/>\n<meta property=\"og:site_name\" content=\"cordeliers\" \/>\n<meta property=\"article:modified_time\" content=\"2025-12-17T15:48:35+00:00\" \/>\n<meta property=\"og:image\" content=\"https:\/\/cordeliers.ch\/wp-content\/uploads\/2025\/01\/Photo-patrimoine-1024x683.jpg\" \/>\n<meta name=\"twitter:card\" content=\"summary_large_image\" \/>\n<meta name=\"twitter:label1\" content=\"Gesch\u00e4tzte Lesezeit\" \/>\n\t<meta name=\"twitter:data1\" content=\"1\u00a0Minute\" \/>\n<script type=\"application\/ld+json\" class=\"yoast-schema-graph\">{\"@context\":\"https:\\\/\\\/schema.org\",\"@graph\":[{\"@type\":\"WebPage\",\"@id\":\"https:\\\/\\\/cordeliers.ch\\\/patrimoine\\\/\",\"url\":\"https:\\\/\\\/cordeliers.ch\\\/patrimoine\\\/\",\"name\":\"Patrimoine - cordeliers - Franziskanerorden - Freiburg\",\"isPartOf\":{\"@id\":\"https:\\\/\\\/cordeliers.ch\\\/#website\"},\"primaryImageOfPage\":{\"@id\":\"https:\\\/\\\/cordeliers.ch\\\/patrimoine\\\/#primaryimage\"},\"image\":{\"@id\":\"https:\\\/\\\/cordeliers.ch\\\/patrimoine\\\/#primaryimage\"},\"thumbnailUrl\":\"https:\\\/\\\/cordeliers.ch\\\/wp-content\\\/uploads\\\/2025\\\/01\\\/Photo-patrimoine-1024x683.jpg\",\"datePublished\":\"2025-01-27T14:39:13+00:00\",\"dateModified\":\"2025-12-17T15:48:35+00:00\",\"breadcrumb\":{\"@id\":\"https:\\\/\\\/cordeliers.ch\\\/patrimoine\\\/#breadcrumb\"},\"inLanguage\":\"de\",\"potentialAction\":[{\"@type\":\"ReadAction\",\"target\":[\"https:\\\/\\\/cordeliers.ch\\\/patrimoine\\\/\"]}]},{\"@type\":\"ImageObject\",\"inLanguage\":\"de\",\"@id\":\"https:\\\/\\\/cordeliers.ch\\\/patrimoine\\\/#primaryimage\",\"url\":\"https:\\\/\\\/cordeliers.ch\\\/wp-content\\\/uploads\\\/2025\\\/01\\\/Photo-patrimoine-1024x683.jpg\",\"contentUrl\":\"https:\\\/\\\/cordeliers.ch\\\/wp-content\\\/uploads\\\/2025\\\/01\\\/Photo-patrimoine-1024x683.jpg\"},{\"@type\":\"BreadcrumbList\",\"@id\":\"https:\\\/\\\/cordeliers.ch\\\/patrimoine\\\/#breadcrumb\",\"itemListElement\":[{\"@type\":\"ListItem\",\"position\":1,\"name\":\"Accueil\",\"item\":\"https:\\\/\\\/cordeliers.ch\\\/\"},{\"@type\":\"ListItem\",\"position\":2,\"name\":\"Patrimoine\"}]},{\"@type\":\"WebSite\",\"@id\":\"https:\\\/\\\/cordeliers.ch\\\/#website\",\"url\":\"https:\\\/\\\/cordeliers.ch\\\/\",\"name\":\"cordeliers\",\"description\":\"\",\"publisher\":{\"@id\":\"https:\\\/\\\/cordeliers.ch\\\/#organization\"},\"potentialAction\":[{\"@type\":\"SearchAction\",\"target\":{\"@type\":\"EntryPoint\",\"urlTemplate\":\"https:\\\/\\\/cordeliers.ch\\\/?s={search_term_string}\"},\"query-input\":{\"@type\":\"PropertyValueSpecification\",\"valueRequired\":true,\"valueName\":\"search_term_string\"}}],\"inLanguage\":\"de\"},{\"@type\":\"Organization\",\"@id\":\"https:\\\/\\\/cordeliers.ch\\\/#organization\",\"name\":\"cordeliers\",\"url\":\"https:\\\/\\\/cordeliers.ch\\\/\",\"logo\":{\"@type\":\"ImageObject\",\"inLanguage\":\"de\",\"@id\":\"https:\\\/\\\/cordeliers.ch\\\/#\\\/schema\\\/logo\\\/image\\\/\",\"url\":\"https:\\\/\\\/cordeliers.ch\\\/wp-content\\\/uploads\\\/2024\\\/11\\\/cropped-Ativa-MS-2.png\",\"contentUrl\":\"https:\\\/\\\/cordeliers.ch\\\/wp-content\\\/uploads\\\/2024\\\/11\\\/cropped-Ativa-MS-2.png\",\"width\":461,\"height\":108,\"caption\":\"cordeliers\"},\"image\":{\"@id\":\"https:\\\/\\\/cordeliers.ch\\\/#\\\/schema\\\/logo\\\/image\\\/\"}}]}<\/script>\n<!-- \/ Yoast SEO plugin. -->","yoast_head_json":{"title":"Patrimoine - cordeliers - Franziskanerorden - Freiburg","robots":{"index":"index","follow":"follow","max-snippet":"max-snippet:-1","max-image-preview":"max-image-preview:large","max-video-preview":"max-video-preview:-1"},"canonical":"https:\/\/cordeliers.ch\/de\/patrimoine\/","og_locale":"de_DE","og_type":"article","og_title":"Patrimoine - cordeliers - Franziskanerorden - Freiburg","og_description":"Patrimoine La biblioth\u00e8que conventuelle abrite les pr\u00e9cieuses collections de livres du couvent. Parmi eux se trouvent des manuscrits m\u00e9di\u00e9vaux et du d\u00e9but de l\u2019\u00e9poque moderne, des incunables ainsi que de nombreux imprim\u00e9s anciens. Les archives, qui abritent le fonds historique de chartes et d\u2019actes, documentent l\u2019histoire du couvent depuis sa fondation au XIIIe si\u00e8cle jusqu\u2019\u00e0 ... Weiterlesen ...","og_url":"https:\/\/cordeliers.ch\/de\/patrimoine\/","og_site_name":"cordeliers","article_modified_time":"2025-12-17T15:48:35+00:00","og_image":[{"url":"https:\/\/cordeliers.ch\/wp-content\/uploads\/2025\/01\/Photo-patrimoine-1024x683.jpg","type":"","width":"","height":""}],"twitter_card":"summary_large_image","twitter_misc":{"Gesch\u00e4tzte Lesezeit":"1\u00a0Minute"},"schema":{"@context":"https:\/\/schema.org","@graph":[{"@type":"WebPage","@id":"https:\/\/cordeliers.ch\/patrimoine\/","url":"https:\/\/cordeliers.ch\/patrimoine\/","name":"Patrimoine - cordeliers - Franziskanerorden - Freiburg","isPartOf":{"@id":"https:\/\/cordeliers.ch\/#website"},"primaryImageOfPage":{"@id":"https:\/\/cordeliers.ch\/patrimoine\/#primaryimage"},"image":{"@id":"https:\/\/cordeliers.ch\/patrimoine\/#primaryimage"},"thumbnailUrl":"https:\/\/cordeliers.ch\/wp-content\/uploads\/2025\/01\/Photo-patrimoine-1024x683.jpg","datePublished":"2025-01-27T14:39:13+00:00","dateModified":"2025-12-17T15:48:35+00:00","breadcrumb":{"@id":"https:\/\/cordeliers.ch\/patrimoine\/#breadcrumb"},"inLanguage":"de","potentialAction":[{"@type":"ReadAction","target":["https:\/\/cordeliers.ch\/patrimoine\/"]}]},{"@type":"ImageObject","inLanguage":"de","@id":"https:\/\/cordeliers.ch\/patrimoine\/#primaryimage","url":"https:\/\/cordeliers.ch\/wp-content\/uploads\/2025\/01\/Photo-patrimoine-1024x683.jpg","contentUrl":"https:\/\/cordeliers.ch\/wp-content\/uploads\/2025\/01\/Photo-patrimoine-1024x683.jpg"},{"@type":"BreadcrumbList","@id":"https:\/\/cordeliers.ch\/patrimoine\/#breadcrumb","itemListElement":[{"@type":"ListItem","position":1,"name":"Accueil","item":"https:\/\/cordeliers.ch\/"},{"@type":"ListItem","position":2,"name":"Patrimoine"}]},{"@type":"WebSite","@id":"https:\/\/cordeliers.ch\/#website","url":"https:\/\/cordeliers.ch\/","name":"cordeliers","description":"","publisher":{"@id":"https:\/\/cordeliers.ch\/#organization"},"potentialAction":[{"@type":"SearchAction","target":{"@type":"EntryPoint","urlTemplate":"https:\/\/cordeliers.ch\/?s={search_term_string}"},"query-input":{"@type":"PropertyValueSpecification","valueRequired":true,"valueName":"search_term_string"}}],"inLanguage":"de"},{"@type":"Organization","@id":"https:\/\/cordeliers.ch\/#organization","name":"cordeliers","url":"https:\/\/cordeliers.ch\/","logo":{"@type":"ImageObject","inLanguage":"de","@id":"https:\/\/cordeliers.ch\/#\/schema\/logo\/image\/","url":"https:\/\/cordeliers.ch\/wp-content\/uploads\/2024\/11\/cropped-Ativa-MS-2.png","contentUrl":"https:\/\/cordeliers.ch\/wp-content\/uploads\/2024\/11\/cropped-Ativa-MS-2.png","width":461,"height":108,"caption":"cordeliers"},"image":{"@id":"https:\/\/cordeliers.ch\/#\/schema\/logo\/image\/"}}]}},"_links":{"self":[{"href":"https:\/\/cordeliers.ch\/de\/wp-json\/wp\/v2\/pages\/23989","targetHints":{"allow":["GET"]}}],"collection":[{"href":"https:\/\/cordeliers.ch\/de\/wp-json\/wp\/v2\/pages"}],"about":[{"href":"https:\/\/cordeliers.ch\/de\/wp-json\/wp\/v2\/types\/page"}],"author":[{"embeddable":true,"href":"https:\/\/cordeliers.ch\/de\/wp-json\/wp\/v2\/users\/1"}],"replies":[{"embeddable":true,"href":"https:\/\/cordeliers.ch\/de\/wp-json\/wp\/v2\/comments?post=23989"}],"version-history":[{"count":22,"href":"https:\/\/cordeliers.ch\/de\/wp-json\/wp\/v2\/pages\/23989\/revisions"}],"predecessor-version":[{"id":24658,"href":"https:\/\/cordeliers.ch\/de\/wp-json\/wp\/v2\/pages\/23989\/revisions\/24658"}],"wp:attachment":[{"href":"https:\/\/cordeliers.ch\/de\/wp-json\/wp\/v2\/media?parent=23989"}],"curies":[{"name":"wp","href":"https:\/\/api.w.org\/{rel}","templated":true}]}}