{"id":23935,"date":"2025-01-27T14:37:35","date_gmt":"2025-01-27T13:37:35","guid":{"rendered":"http:\/\/195.34.73.93:81\/?page_id=23935"},"modified":"2025-12-17T16:42:07","modified_gmt":"2025-12-17T15:42:07","slug":"eglise","status":"publish","type":"page","link":"https:\/\/cordeliers.ch\/de\/eglise\/","title":{"rendered":"Kirche"},"content":{"rendered":"<div data-elementor-type=\"wp-page\" data-elementor-id=\"23935\" class=\"elementor elementor-23935\" data-elementor-post-type=\"page\">\n\t\t\t\t<div class=\"elementor-element elementor-element-3f59b34 e-flex e-con-boxed wpr-particle-no wpr-jarallax-no wpr-parallax-no wpr-sticky-section-no e-con e-parent\" data-id=\"3f59b34\" data-element_type=\"container\" data-e-type=\"container\">\n\t\t\t\t\t<div class=\"e-con-inner\">\n\t\t\t\t<div class=\"elementor-element elementor-element-4ad4a49 elementor-widget-mobile__width-inherit elementor-widget elementor-widget-heading\" data-id=\"4ad4a49\" data-element_type=\"widget\" data-e-type=\"widget\" data-widget_type=\"heading.default\">\n\t\t\t\t<div class=\"elementor-widget-container\">\n\t\t\t\t\t<h1 class=\"elementor-heading-title elementor-size-default\">Kirche<\/h1>\t\t\t\t<\/div>\n\t\t\t\t<\/div>\n\t\t\t\t\t<\/div>\n\t\t\t\t<\/div>\n\t\t<div class=\"elementor-element elementor-element-7846d0a e-flex e-con-boxed wpr-particle-no wpr-jarallax-no wpr-parallax-no wpr-sticky-section-no e-con e-parent\" data-id=\"7846d0a\" data-element_type=\"container\" data-e-type=\"container\">\n\t\t\t\t\t<div class=\"e-con-inner\">\n\t\t\t\t<div class=\"elementor-element elementor-element-4265c4b9 elementor-widget elementor-widget-image\" data-id=\"4265c4b9\" data-element_type=\"widget\" data-e-type=\"widget\" data-widget_type=\"image.default\">\n\t\t\t\t<div class=\"elementor-widget-container\">\n\t\t\t\t\t\t\t\t\t\t\t\t<figure class=\"wp-caption\">\n\t\t\t\t\t\t\t\t\t\t<img fetchpriority=\"high\" decoding=\"async\" width=\"1024\" height=\"683\" src=\"https:\/\/cordeliers.ch\/wp-content\/uploads\/2025\/01\/Photo-eglise-1024x683.png\" class=\"attachment-large size-large wp-image-23940\" alt=\"\" srcset=\"https:\/\/cordeliers.ch\/wp-content\/uploads\/2025\/01\/Photo-eglise-1024x683.png 1024w, https:\/\/cordeliers.ch\/wp-content\/uploads\/2025\/01\/Photo-eglise-300x200.png 300w, https:\/\/cordeliers.ch\/wp-content\/uploads\/2025\/01\/Photo-eglise-768x512.png 768w, https:\/\/cordeliers.ch\/wp-content\/uploads\/2025\/01\/Photo-eglise-1536x1024.png 1536w, https:\/\/cordeliers.ch\/wp-content\/uploads\/2025\/01\/Photo-eglise-2048x1365.png 2048w, https:\/\/cordeliers.ch\/wp-content\/uploads\/2025\/01\/Photo-eglise-18x12.png 18w\" sizes=\"(max-width: 1024px) 100vw, 1024px\" \/>\t\t\t\t\t\t\t\t\t\t\t<figcaption class=\"widget-image-caption wp-caption-text\"><\/figcaption>\n\t\t\t\t\t\t\t\t\t\t<\/figure>\n\t\t\t\t\t\t\t\t\t<\/div>\n\t\t\t\t<\/div>\n\t\t\t\t\t<\/div>\n\t\t\t\t<\/div>\n\t\t<div class=\"elementor-element elementor-element-d71f803 e-flex e-con-boxed wpr-particle-no wpr-jarallax-no wpr-parallax-no wpr-sticky-section-no e-con e-parent\" data-id=\"d71f803\" data-element_type=\"container\" data-e-type=\"container\">\n\t\t\t\t\t<div class=\"e-con-inner\">\n\t\t\t\t<div class=\"elementor-element elementor-element-085289b elementor-widget elementor-widget-text-editor\" data-id=\"085289b\" data-element_type=\"widget\" data-e-type=\"widget\" data-widget_type=\"text-editor.default\">\n\t\t\t\t<div class=\"elementor-widget-container\">\n\t\t\t\t\t\t\t\t\t<p>Die im 13. Jahrhundert erbaute Klosterkirche des Franziskanerklosters Freiburg birgt einen bedeutenden Schatz an Kunstwerken. Die Ausstattung reicht bis in die Anf\u00e4nge des Klosters im 13. Jahrhundert zur\u00fcck. Die Kunstwerke, die \u00fcber die Jahrhunderte Eingang in die Klosterkirche gefunden haben, spiegeln die Entwicklung der bildenden K\u00fcnste in Freiburg. Erw\u00e4hnenswert sind etwa das Chorgest\u00fchl von 1310, der Nelkenmeisteraltar von 1479\/80 oder der Furno-Altar von 1518. Die hervorragende Ausstattung der Kirche verweist auf die engen und vielf\u00e4ltigen Verbindungen des Klosters mit den B\u00fcrgerinnen und B\u00fcrgern der Stadt Freiburg, welche die Franziskanerkirche im Lauf der Jahrhunderte mit Stiftungen und Kunstwerken bedachten.<\/p>\t\t\t\t\t\t\t\t<\/div>\n\t\t\t\t<\/div>\n\t\t\t\t\t<\/div>\n\t\t\t\t<\/div>\n\t\t<div class=\"elementor-element elementor-element-d0fbd09 e-flex e-con-boxed wpr-particle-no wpr-jarallax-no wpr-parallax-no wpr-sticky-section-no e-con e-parent\" data-id=\"d0fbd09\" data-element_type=\"container\" data-e-type=\"container\">\n\t\t\t\t\t<div class=\"e-con-inner\">\n\t\t\t\t<div class=\"elementor-element elementor-element-e47e483 elementor-widget elementor-widget-text-editor\" data-id=\"e47e483\" data-element_type=\"widget\" data-e-type=\"widget\" data-widget_type=\"text-editor.default\">\n\t\t\t\t<div class=\"elementor-widget-container\">\n\t\t\t\t\t\t\t\t\t<h3><a href=\"https:\/\/cordeliers.ch\/de\/propositions-pastorales\/\">=&gt; <span style=\"text-decoration: underline;\">Gottesdienste und Seelsorge<\/span><\/a><\/h3><h3><a href=\"https:\/\/cordeliers.ch\/de\/visite-de-leglise\/\">=&gt; <span style=\"text-decoration: underline;\">Besuch der Kirche<\/span><\/a><\/h3><h3><a href=\"https:\/\/cordeliers.ch\/de\/vepres-orgue\/\">=&gt; <span style=\"text-decoration: underline;\">Orgelvespern<\/span><\/a><\/h3><h3><a href=\"https:\/\/cordeliers.ch\/de\/concerts\/\">=&gt; <span style=\"text-decoration: underline;\">Konzerte<\/span><\/a><\/h3><h3>\u00a0<\/h3>\t\t\t\t\t\t\t\t<\/div>\n\t\t\t\t<\/div>\n\t\t\t\t\t<\/div>\n\t\t\t\t<\/div>\n\t\t\t\t<\/div>","protected":false},"excerpt":{"rendered":"<p>\u00c9glise L&rsquo;\u00e9glise du Couvent des Cordeliers de Fribourg, construite au XIIIe si\u00e8cle et t\u00e9moin de l&rsquo;architecture franciscaine, abrite un important tr\u00e9sor d&rsquo;\u0153uvres d&rsquo;art. Le d\u00e9cor remonte aux d\u00e9buts du couvent au XIIIe si\u00e8cle. Les \u0153uvres d&rsquo;art qui ont trouv\u00e9 leur place dans l&rsquo;\u00e9glise au fil des si\u00e8cles refl\u00e8tent l&rsquo;\u00e9volution des beaux-arts \u00e0 Fribourg. On retiendra, &#8230; <a title=\"Kirche\" class=\"read-more\" href=\"https:\/\/cordeliers.ch\/de\/eglise\/\" aria-label=\"Mehr Informationen \u00fcber \u00c9glise\">Weiterlesen &#8230;<\/a><\/p>","protected":false},"author":1,"featured_media":0,"parent":0,"menu_order":0,"comment_status":"closed","ping_status":"closed","template":"elementor_header_footer","meta":{"footnotes":""},"class_list":["post-23935","page","type-page","status-publish"],"yoast_head":"<!-- This site is optimized with the Yoast SEO plugin v27.3 - https:\/\/yoast.com\/product\/yoast-seo-wordpress\/ -->\n<title>\u00c9glise - cordeliers - Franziskus<\/title>\n<meta name=\"robots\" content=\"index, follow, max-snippet:-1, max-image-preview:large, max-video-preview:-1\" \/>\n<link rel=\"canonical\" href=\"https:\/\/cordeliers.ch\/de\/eglise\/\" \/>\n<meta property=\"og:locale\" content=\"de_DE\" \/>\n<meta property=\"og:type\" content=\"article\" \/>\n<meta property=\"og:title\" content=\"\u00c9glise - cordeliers - Franziskus\" \/>\n<meta property=\"og:description\" content=\"\u00c9glise L&rsquo;\u00e9glise du Couvent des Cordeliers de Fribourg, construite au XIIIe si\u00e8cle et t\u00e9moin de l&rsquo;architecture franciscaine, abrite un important tr\u00e9sor d&rsquo;\u0153uvres d&rsquo;art. Le d\u00e9cor remonte aux d\u00e9buts du couvent au XIIIe si\u00e8cle. Les \u0153uvres d&rsquo;art qui ont trouv\u00e9 leur place dans l&rsquo;\u00e9glise au fil des si\u00e8cles refl\u00e8tent l&rsquo;\u00e9volution des beaux-arts \u00e0 Fribourg. On retiendra, ... Weiterlesen ...\" \/>\n<meta property=\"og:url\" content=\"https:\/\/cordeliers.ch\/de\/eglise\/\" \/>\n<meta property=\"og:site_name\" content=\"cordeliers\" \/>\n<meta property=\"article:modified_time\" content=\"2025-12-17T15:42:07+00:00\" \/>\n<meta property=\"og:image\" content=\"https:\/\/cordeliers.ch\/wp-content\/uploads\/2025\/01\/Photo-eglise-1024x683.png\" \/>\n<meta name=\"twitter:card\" content=\"summary_large_image\" \/>\n<meta name=\"twitter:label1\" content=\"Gesch\u00e4tzte Lesezeit\" \/>\n\t<meta name=\"twitter:data1\" content=\"1\u00a0Minute\" \/>\n<script type=\"application\/ld+json\" class=\"yoast-schema-graph\">{\"@context\":\"https:\\\/\\\/schema.org\",\"@graph\":[{\"@type\":\"WebPage\",\"@id\":\"https:\\\/\\\/cordeliers.ch\\\/eglise\\\/\",\"url\":\"https:\\\/\\\/cordeliers.ch\\\/eglise\\\/\",\"name\":\"\u00c9glise - cordeliers - Franziskus\",\"isPartOf\":{\"@id\":\"https:\\\/\\\/cordeliers.ch\\\/#website\"},\"primaryImageOfPage\":{\"@id\":\"https:\\\/\\\/cordeliers.ch\\\/eglise\\\/#primaryimage\"},\"image\":{\"@id\":\"https:\\\/\\\/cordeliers.ch\\\/eglise\\\/#primaryimage\"},\"thumbnailUrl\":\"https:\\\/\\\/cordeliers.ch\\\/wp-content\\\/uploads\\\/2025\\\/01\\\/Photo-eglise-1024x683.png\",\"datePublished\":\"2025-01-27T13:37:35+00:00\",\"dateModified\":\"2025-12-17T15:42:07+00:00\",\"breadcrumb\":{\"@id\":\"https:\\\/\\\/cordeliers.ch\\\/eglise\\\/#breadcrumb\"},\"inLanguage\":\"de\",\"potentialAction\":[{\"@type\":\"ReadAction\",\"target\":[\"https:\\\/\\\/cordeliers.ch\\\/eglise\\\/\"]}]},{\"@type\":\"ImageObject\",\"inLanguage\":\"de\",\"@id\":\"https:\\\/\\\/cordeliers.ch\\\/eglise\\\/#primaryimage\",\"url\":\"https:\\\/\\\/cordeliers.ch\\\/wp-content\\\/uploads\\\/2025\\\/01\\\/Photo-eglise-1024x683.png\",\"contentUrl\":\"https:\\\/\\\/cordeliers.ch\\\/wp-content\\\/uploads\\\/2025\\\/01\\\/Photo-eglise-1024x683.png\"},{\"@type\":\"BreadcrumbList\",\"@id\":\"https:\\\/\\\/cordeliers.ch\\\/eglise\\\/#breadcrumb\",\"itemListElement\":[{\"@type\":\"ListItem\",\"position\":1,\"name\":\"Accueil\",\"item\":\"https:\\\/\\\/cordeliers.ch\\\/\"},{\"@type\":\"ListItem\",\"position\":2,\"name\":\"\u00c9glise\"}]},{\"@type\":\"WebSite\",\"@id\":\"https:\\\/\\\/cordeliers.ch\\\/#website\",\"url\":\"https:\\\/\\\/cordeliers.ch\\\/\",\"name\":\"cordeliers\",\"description\":\"\",\"publisher\":{\"@id\":\"https:\\\/\\\/cordeliers.ch\\\/#organization\"},\"potentialAction\":[{\"@type\":\"SearchAction\",\"target\":{\"@type\":\"EntryPoint\",\"urlTemplate\":\"https:\\\/\\\/cordeliers.ch\\\/?s={search_term_string}\"},\"query-input\":{\"@type\":\"PropertyValueSpecification\",\"valueRequired\":true,\"valueName\":\"search_term_string\"}}],\"inLanguage\":\"de\"},{\"@type\":\"Organization\",\"@id\":\"https:\\\/\\\/cordeliers.ch\\\/#organization\",\"name\":\"cordeliers\",\"url\":\"https:\\\/\\\/cordeliers.ch\\\/\",\"logo\":{\"@type\":\"ImageObject\",\"inLanguage\":\"de\",\"@id\":\"https:\\\/\\\/cordeliers.ch\\\/#\\\/schema\\\/logo\\\/image\\\/\",\"url\":\"https:\\\/\\\/cordeliers.ch\\\/wp-content\\\/uploads\\\/2024\\\/11\\\/cropped-Ativa-MS-2.png\",\"contentUrl\":\"https:\\\/\\\/cordeliers.ch\\\/wp-content\\\/uploads\\\/2024\\\/11\\\/cropped-Ativa-MS-2.png\",\"width\":461,\"height\":108,\"caption\":\"cordeliers\"},\"image\":{\"@id\":\"https:\\\/\\\/cordeliers.ch\\\/#\\\/schema\\\/logo\\\/image\\\/\"}}]}<\/script>\n<!-- \/ Yoast SEO plugin. -->","yoast_head_json":{"title":"\u00c9glise - cordeliers - Franziskus","robots":{"index":"index","follow":"follow","max-snippet":"max-snippet:-1","max-image-preview":"max-image-preview:large","max-video-preview":"max-video-preview:-1"},"canonical":"https:\/\/cordeliers.ch\/de\/eglise\/","og_locale":"de_DE","og_type":"article","og_title":"\u00c9glise - cordeliers - Franziskus","og_description":"\u00c9glise L&rsquo;\u00e9glise du Couvent des Cordeliers de Fribourg, construite au XIIIe si\u00e8cle et t\u00e9moin de l&rsquo;architecture franciscaine, abrite un important tr\u00e9sor d&rsquo;\u0153uvres d&rsquo;art. Le d\u00e9cor remonte aux d\u00e9buts du couvent au XIIIe si\u00e8cle. Les \u0153uvres d&rsquo;art qui ont trouv\u00e9 leur place dans l&rsquo;\u00e9glise au fil des si\u00e8cles refl\u00e8tent l&rsquo;\u00e9volution des beaux-arts \u00e0 Fribourg. On retiendra, ... Weiterlesen ...","og_url":"https:\/\/cordeliers.ch\/de\/eglise\/","og_site_name":"cordeliers","article_modified_time":"2025-12-17T15:42:07+00:00","og_image":[{"url":"https:\/\/cordeliers.ch\/wp-content\/uploads\/2025\/01\/Photo-eglise-1024x683.png","type":"","width":"","height":""}],"twitter_card":"summary_large_image","twitter_misc":{"Gesch\u00e4tzte Lesezeit":"1\u00a0Minute"},"schema":{"@context":"https:\/\/schema.org","@graph":[{"@type":"WebPage","@id":"https:\/\/cordeliers.ch\/eglise\/","url":"https:\/\/cordeliers.ch\/eglise\/","name":"\u00c9glise - cordeliers - Franziskus","isPartOf":{"@id":"https:\/\/cordeliers.ch\/#website"},"primaryImageOfPage":{"@id":"https:\/\/cordeliers.ch\/eglise\/#primaryimage"},"image":{"@id":"https:\/\/cordeliers.ch\/eglise\/#primaryimage"},"thumbnailUrl":"https:\/\/cordeliers.ch\/wp-content\/uploads\/2025\/01\/Photo-eglise-1024x683.png","datePublished":"2025-01-27T13:37:35+00:00","dateModified":"2025-12-17T15:42:07+00:00","breadcrumb":{"@id":"https:\/\/cordeliers.ch\/eglise\/#breadcrumb"},"inLanguage":"de","potentialAction":[{"@type":"ReadAction","target":["https:\/\/cordeliers.ch\/eglise\/"]}]},{"@type":"ImageObject","inLanguage":"de","@id":"https:\/\/cordeliers.ch\/eglise\/#primaryimage","url":"https:\/\/cordeliers.ch\/wp-content\/uploads\/2025\/01\/Photo-eglise-1024x683.png","contentUrl":"https:\/\/cordeliers.ch\/wp-content\/uploads\/2025\/01\/Photo-eglise-1024x683.png"},{"@type":"BreadcrumbList","@id":"https:\/\/cordeliers.ch\/eglise\/#breadcrumb","itemListElement":[{"@type":"ListItem","position":1,"name":"Accueil","item":"https:\/\/cordeliers.ch\/"},{"@type":"ListItem","position":2,"name":"\u00c9glise"}]},{"@type":"WebSite","@id":"https:\/\/cordeliers.ch\/#website","url":"https:\/\/cordeliers.ch\/","name":"cordeliers","description":"","publisher":{"@id":"https:\/\/cordeliers.ch\/#organization"},"potentialAction":[{"@type":"SearchAction","target":{"@type":"EntryPoint","urlTemplate":"https:\/\/cordeliers.ch\/?s={search_term_string}"},"query-input":{"@type":"PropertyValueSpecification","valueRequired":true,"valueName":"search_term_string"}}],"inLanguage":"de"},{"@type":"Organization","@id":"https:\/\/cordeliers.ch\/#organization","name":"cordeliers","url":"https:\/\/cordeliers.ch\/","logo":{"@type":"ImageObject","inLanguage":"de","@id":"https:\/\/cordeliers.ch\/#\/schema\/logo\/image\/","url":"https:\/\/cordeliers.ch\/wp-content\/uploads\/2024\/11\/cropped-Ativa-MS-2.png","contentUrl":"https:\/\/cordeliers.ch\/wp-content\/uploads\/2024\/11\/cropped-Ativa-MS-2.png","width":461,"height":108,"caption":"cordeliers"},"image":{"@id":"https:\/\/cordeliers.ch\/#\/schema\/logo\/image\/"}}]}},"_links":{"self":[{"href":"https:\/\/cordeliers.ch\/de\/wp-json\/wp\/v2\/pages\/23935","targetHints":{"allow":["GET"]}}],"collection":[{"href":"https:\/\/cordeliers.ch\/de\/wp-json\/wp\/v2\/pages"}],"about":[{"href":"https:\/\/cordeliers.ch\/de\/wp-json\/wp\/v2\/types\/page"}],"author":[{"embeddable":true,"href":"https:\/\/cordeliers.ch\/de\/wp-json\/wp\/v2\/users\/1"}],"replies":[{"embeddable":true,"href":"https:\/\/cordeliers.ch\/de\/wp-json\/wp\/v2\/comments?post=23935"}],"version-history":[{"count":16,"href":"https:\/\/cordeliers.ch\/de\/wp-json\/wp\/v2\/pages\/23935\/revisions"}],"predecessor-version":[{"id":24266,"href":"https:\/\/cordeliers.ch\/de\/wp-json\/wp\/v2\/pages\/23935\/revisions\/24266"}],"wp:attachment":[{"href":"https:\/\/cordeliers.ch\/de\/wp-json\/wp\/v2\/media?parent=23935"}],"curies":[{"name":"wp","href":"https:\/\/api.w.org\/{rel}","templated":true}]}}