{"id":23920,"date":"2025-01-27T14:24:03","date_gmt":"2025-01-27T13:24:03","guid":{"rendered":"http:\/\/195.34.73.93:81\/?page_id=23920"},"modified":"2025-12-17T16:44:28","modified_gmt":"2025-12-17T15:44:28","slug":"prestations","status":"publish","type":"page","link":"https:\/\/cordeliers.ch\/de\/prestations\/","title":{"rendered":"Angebote"},"content":{"rendered":"<div data-elementor-type=\"wp-page\" data-elementor-id=\"23920\" class=\"elementor elementor-23920\" data-elementor-post-type=\"page\">\n\t\t\t\t<div class=\"elementor-element elementor-element-3f59b34 e-flex e-con-boxed wpr-particle-no wpr-jarallax-no wpr-parallax-no wpr-sticky-section-no e-con e-parent\" data-id=\"3f59b34\" data-element_type=\"container\" data-e-type=\"container\">\n\t\t\t\t\t<div class=\"e-con-inner\">\n\t\t\t\t<div class=\"elementor-element elementor-element-4ad4a49 elementor-widget-mobile__width-inherit elementor-widget elementor-widget-heading\" data-id=\"4ad4a49\" data-element_type=\"widget\" data-e-type=\"widget\" data-widget_type=\"heading.default\">\n\t\t\t\t<div class=\"elementor-widget-container\">\n\t\t\t\t\t<h1 class=\"elementor-heading-title elementor-size-default\">Angebote<\/h1>\t\t\t\t<\/div>\n\t\t\t\t<\/div>\n\t\t\t\t\t<\/div>\n\t\t\t\t<\/div>\n\t\t<div class=\"elementor-element elementor-element-7846d0a e-flex e-con-boxed wpr-particle-no wpr-jarallax-no wpr-parallax-no wpr-sticky-section-no e-con e-parent\" data-id=\"7846d0a\" data-element_type=\"container\" data-e-type=\"container\">\n\t\t\t\t\t<div class=\"e-con-inner\">\n\t\t\t\t<div class=\"elementor-element elementor-element-4265c4b9 elementor-widget elementor-widget-image\" data-id=\"4265c4b9\" data-element_type=\"widget\" data-e-type=\"widget\" data-widget_type=\"image.default\">\n\t\t\t\t<div class=\"elementor-widget-container\">\n\t\t\t\t\t\t\t\t\t\t\t\t<figure class=\"wp-caption\">\n\t\t\t\t\t\t\t\t\t\t<img fetchpriority=\"high\" decoding=\"async\" width=\"1024\" height=\"683\" src=\"https:\/\/cordeliers.ch\/wp-content\/uploads\/2025\/01\/Photo-prestations-1024x683.jpg\" class=\"attachment-large size-large wp-image-23922\" alt=\"\" srcset=\"https:\/\/cordeliers.ch\/wp-content\/uploads\/2025\/01\/Photo-prestations-1024x683.jpg 1024w, https:\/\/cordeliers.ch\/wp-content\/uploads\/2025\/01\/Photo-prestations-300x200.jpg 300w, https:\/\/cordeliers.ch\/wp-content\/uploads\/2025\/01\/Photo-prestations-768x512.jpg 768w, https:\/\/cordeliers.ch\/wp-content\/uploads\/2025\/01\/Photo-prestations-1536x1024.jpg 1536w, https:\/\/cordeliers.ch\/wp-content\/uploads\/2025\/01\/Photo-prestations-2048x1365.jpg 2048w, https:\/\/cordeliers.ch\/wp-content\/uploads\/2025\/01\/Photo-prestations-18x12.jpg 18w\" sizes=\"(max-width: 1024px) 100vw, 1024px\" \/>\t\t\t\t\t\t\t\t\t\t\t<figcaption class=\"widget-image-caption wp-caption-text\"><\/figcaption>\n\t\t\t\t\t\t\t\t\t\t<\/figure>\n\t\t\t\t\t\t\t\t\t<\/div>\n\t\t\t\t<\/div>\n\t\t\t\t\t<\/div>\n\t\t\t\t<\/div>\n\t\t<div class=\"elementor-element elementor-element-d71f803 e-flex e-con-boxed wpr-particle-no wpr-jarallax-no wpr-parallax-no wpr-sticky-section-no e-con e-parent\" data-id=\"d71f803\" data-element_type=\"container\" data-e-type=\"container\">\n\t\t\t\t\t<div class=\"e-con-inner\">\n\t\t\t\t<div class=\"elementor-element elementor-element-085289b elementor-widget elementor-widget-text-editor\" data-id=\"085289b\" data-element_type=\"widget\" data-e-type=\"widget\" data-widget_type=\"text-editor.default\">\n\t\t\t\t<div class=\"elementor-widget-container\">\n\t\t\t\t\t\t\t\t\t<p>Das Franziskanerkloster bietet Ihnen eine breite Palette an Angeboten. Im Haus P\u00e8re-Girard stehen Studios und Wohnungen f\u00fcr Studierende zur Verf\u00fcgung. Einladende und moderne G\u00e4ste- und Pilgerzimmer sind im Kloster vorhanden. F\u00fcr Hochzeiten, Tagungen, Feste oder andere Anl\u00e4sse k\u00f6nnen S\u00e4le gemietet werden. Die klostereigene Restaurierungswerkstatt, spezialisiert auf alte Dokumente, steht f\u00fcr Auftr\u00e4ge jederzeit offen.<\/p>\t\t\t\t\t\t\t\t<\/div>\n\t\t\t\t<\/div>\n\t\t\t\t\t<\/div>\n\t\t\t\t<\/div>\n\t\t<div class=\"elementor-element elementor-element-d0fbd09 e-flex e-con-boxed wpr-particle-no wpr-jarallax-no wpr-parallax-no wpr-sticky-section-no e-con e-parent\" data-id=\"d0fbd09\" data-element_type=\"container\" data-e-type=\"container\">\n\t\t\t\t\t<div class=\"e-con-inner\">\n\t\t\t\t<div class=\"elementor-element elementor-element-e47e483 elementor-widget elementor-widget-text-editor\" data-id=\"e47e483\" data-element_type=\"widget\" data-e-type=\"widget\" data-widget_type=\"text-editor.default\">\n\t\t\t\t<div class=\"elementor-widget-container\">\n\t\t\t\t\t\t\t\t\t<h3><a href=\"https:\/\/cordeliers.ch\/de\/studios-et-appartements\/\" rel=\"noopener\">=&gt; <span style=\"text-decoration: underline;\">Studios und Wohnungen<\/span><\/a><\/h3><h3><a href=\"https:\/\/cordeliers.ch\/de\/chambres-hotes\/\" rel=\"noopener\">=&gt; <span style=\"text-decoration: underline;\">G\u00e4stezimmer<\/span><\/a><\/h3><h3><a href=\"https:\/\/cordeliers.ch\/de\/accueil-pelerins\/\">=&gt; <span style=\"text-decoration: underline;\">Jakobspilger<\/span><\/a><\/h3><h3><a href=\"https:\/\/cordeliers.ch\/de\/location-salles-voutees\/\">=&gt; <span style=\"text-decoration: underline;\">Vermietung Gew\u00f6lbes\u00e4le<\/span><\/a><\/h3><h3><a href=\"https:\/\/cordeliers.ch\/de\/ancienne-cave-vin\/\">=&gt; <span style=\"text-decoration: underline;\">Vermietung Weinkeller<\/span><\/a><\/h3><h3><a href=\"https:\/\/cordeliers.ch\/de\/atelier-restauration\/\">=&gt;\u00a0<span style=\"text-decoration: underline;\">Restaurierungswerkstatt<\/span><\/a><\/h3><h3><a href=\"https:\/\/cordeliers.ch\/de\/concerts\/\">=&gt;\u00a0<span style=\"text-decoration: underline;\">Konzerte<\/span><\/a><\/h3>\t\t\t\t\t\t\t\t<\/div>\n\t\t\t\t<\/div>\n\t\t\t\t\t<\/div>\n\t\t\t\t<\/div>\n\t\t\t\t<\/div>","protected":false},"excerpt":{"rendered":"<p>Prestations Le Couvent des Cordeliers offre une gamme \u00e9tendue de prestations. Avec le Foyer P\u00e8re-Girard, le couvent dispose de studios et d\u2019appartements pour \u00e9tudiantes et \u00e9tudiants. Au couvent, des chambres d\u2019h\u00f4tes et des chambres pour p\u00e8lerins sont \u00e0 votre disposition. Des salles peuvent \u00e9galement \u00eatre lou\u00e9es pour des conf\u00e9rences, des mariages, des r\u00e9ceptions ou autres. &#8230; <a title=\"Angebote\" class=\"read-more\" href=\"https:\/\/cordeliers.ch\/de\/prestations\/\" aria-label=\"Mehr Informationen \u00fcber Prestations\">Weiterlesen &#8230;<\/a><\/p>","protected":false},"author":1,"featured_media":0,"parent":0,"menu_order":0,"comment_status":"closed","ping_status":"closed","template":"elementor_header_footer","meta":{"footnotes":""},"class_list":["post-23920","page","type-page","status-publish"],"yoast_head":"<!-- This site is optimized with the Yoast SEO plugin v27.3 - https:\/\/yoast.com\/product\/yoast-seo-wordpress\/ -->\n<title>Prestations - cordeliers - Franziskaner-Minoriten<\/title>\n<meta name=\"robots\" content=\"index, follow, max-snippet:-1, max-image-preview:large, max-video-preview:-1\" \/>\n<link rel=\"canonical\" href=\"https:\/\/cordeliers.ch\/de\/prestations\/\" \/>\n<meta property=\"og:locale\" content=\"de_DE\" \/>\n<meta property=\"og:type\" content=\"article\" \/>\n<meta property=\"og:title\" content=\"Prestations - cordeliers - Franziskaner-Minoriten\" \/>\n<meta property=\"og:description\" content=\"Prestations Le Couvent des Cordeliers offre une gamme \u00e9tendue de prestations. Avec le Foyer P\u00e8re-Girard, le couvent dispose de studios et d\u2019appartements pour \u00e9tudiantes et \u00e9tudiants. Au couvent, des chambres d\u2019h\u00f4tes et des chambres pour p\u00e8lerins sont \u00e0 votre disposition. Des salles peuvent \u00e9galement \u00eatre lou\u00e9es pour des conf\u00e9rences, des mariages, des r\u00e9ceptions ou autres. ... Weiterlesen ...\" \/>\n<meta property=\"og:url\" content=\"https:\/\/cordeliers.ch\/de\/prestations\/\" \/>\n<meta property=\"og:site_name\" content=\"cordeliers\" \/>\n<meta property=\"article:modified_time\" content=\"2025-12-17T15:44:28+00:00\" \/>\n<meta property=\"og:image\" content=\"https:\/\/cordeliers.ch\/wp-content\/uploads\/2025\/01\/Photo-prestations-1024x683.jpg\" \/>\n<meta name=\"twitter:card\" content=\"summary_large_image\" \/>\n<meta name=\"twitter:label1\" content=\"Gesch\u00e4tzte Lesezeit\" \/>\n\t<meta name=\"twitter:data1\" content=\"1\u00a0Minute\" \/>\n<script type=\"application\/ld+json\" class=\"yoast-schema-graph\">{\"@context\":\"https:\\\/\\\/schema.org\",\"@graph\":[{\"@type\":\"WebPage\",\"@id\":\"https:\\\/\\\/cordeliers.ch\\\/prestations\\\/\",\"url\":\"https:\\\/\\\/cordeliers.ch\\\/prestations\\\/\",\"name\":\"Prestations - cordeliers - Franziskaner-Minoriten\",\"isPartOf\":{\"@id\":\"https:\\\/\\\/cordeliers.ch\\\/#website\"},\"primaryImageOfPage\":{\"@id\":\"https:\\\/\\\/cordeliers.ch\\\/prestations\\\/#primaryimage\"},\"image\":{\"@id\":\"https:\\\/\\\/cordeliers.ch\\\/prestations\\\/#primaryimage\"},\"thumbnailUrl\":\"https:\\\/\\\/cordeliers.ch\\\/wp-content\\\/uploads\\\/2025\\\/01\\\/Photo-prestations-1024x683.jpg\",\"datePublished\":\"2025-01-27T13:24:03+00:00\",\"dateModified\":\"2025-12-17T15:44:28+00:00\",\"breadcrumb\":{\"@id\":\"https:\\\/\\\/cordeliers.ch\\\/prestations\\\/#breadcrumb\"},\"inLanguage\":\"de\",\"potentialAction\":[{\"@type\":\"ReadAction\",\"target\":[\"https:\\\/\\\/cordeliers.ch\\\/prestations\\\/\"]}]},{\"@type\":\"ImageObject\",\"inLanguage\":\"de\",\"@id\":\"https:\\\/\\\/cordeliers.ch\\\/prestations\\\/#primaryimage\",\"url\":\"https:\\\/\\\/cordeliers.ch\\\/wp-content\\\/uploads\\\/2025\\\/01\\\/Photo-prestations-1024x683.jpg\",\"contentUrl\":\"https:\\\/\\\/cordeliers.ch\\\/wp-content\\\/uploads\\\/2025\\\/01\\\/Photo-prestations-1024x683.jpg\"},{\"@type\":\"BreadcrumbList\",\"@id\":\"https:\\\/\\\/cordeliers.ch\\\/prestations\\\/#breadcrumb\",\"itemListElement\":[{\"@type\":\"ListItem\",\"position\":1,\"name\":\"Accueil\",\"item\":\"https:\\\/\\\/cordeliers.ch\\\/\"},{\"@type\":\"ListItem\",\"position\":2,\"name\":\"Prestations\"}]},{\"@type\":\"WebSite\",\"@id\":\"https:\\\/\\\/cordeliers.ch\\\/#website\",\"url\":\"https:\\\/\\\/cordeliers.ch\\\/\",\"name\":\"cordeliers\",\"description\":\"\",\"publisher\":{\"@id\":\"https:\\\/\\\/cordeliers.ch\\\/#organization\"},\"potentialAction\":[{\"@type\":\"SearchAction\",\"target\":{\"@type\":\"EntryPoint\",\"urlTemplate\":\"https:\\\/\\\/cordeliers.ch\\\/?s={search_term_string}\"},\"query-input\":{\"@type\":\"PropertyValueSpecification\",\"valueRequired\":true,\"valueName\":\"search_term_string\"}}],\"inLanguage\":\"de\"},{\"@type\":\"Organization\",\"@id\":\"https:\\\/\\\/cordeliers.ch\\\/#organization\",\"name\":\"cordeliers\",\"url\":\"https:\\\/\\\/cordeliers.ch\\\/\",\"logo\":{\"@type\":\"ImageObject\",\"inLanguage\":\"de\",\"@id\":\"https:\\\/\\\/cordeliers.ch\\\/#\\\/schema\\\/logo\\\/image\\\/\",\"url\":\"https:\\\/\\\/cordeliers.ch\\\/wp-content\\\/uploads\\\/2024\\\/11\\\/cropped-Ativa-MS-2.png\",\"contentUrl\":\"https:\\\/\\\/cordeliers.ch\\\/wp-content\\\/uploads\\\/2024\\\/11\\\/cropped-Ativa-MS-2.png\",\"width\":461,\"height\":108,\"caption\":\"cordeliers\"},\"image\":{\"@id\":\"https:\\\/\\\/cordeliers.ch\\\/#\\\/schema\\\/logo\\\/image\\\/\"}}]}<\/script>\n<!-- \/ Yoast SEO plugin. -->","yoast_head_json":{"title":"Prestations - cordeliers - Franziskaner-Minoriten","robots":{"index":"index","follow":"follow","max-snippet":"max-snippet:-1","max-image-preview":"max-image-preview:large","max-video-preview":"max-video-preview:-1"},"canonical":"https:\/\/cordeliers.ch\/de\/prestations\/","og_locale":"de_DE","og_type":"article","og_title":"Prestations - cordeliers - Franziskaner-Minoriten","og_description":"Prestations Le Couvent des Cordeliers offre une gamme \u00e9tendue de prestations. Avec le Foyer P\u00e8re-Girard, le couvent dispose de studios et d\u2019appartements pour \u00e9tudiantes et \u00e9tudiants. Au couvent, des chambres d\u2019h\u00f4tes et des chambres pour p\u00e8lerins sont \u00e0 votre disposition. Des salles peuvent \u00e9galement \u00eatre lou\u00e9es pour des conf\u00e9rences, des mariages, des r\u00e9ceptions ou autres. ... Weiterlesen ...","og_url":"https:\/\/cordeliers.ch\/de\/prestations\/","og_site_name":"cordeliers","article_modified_time":"2025-12-17T15:44:28+00:00","og_image":[{"url":"https:\/\/cordeliers.ch\/wp-content\/uploads\/2025\/01\/Photo-prestations-1024x683.jpg","type":"","width":"","height":""}],"twitter_card":"summary_large_image","twitter_misc":{"Gesch\u00e4tzte Lesezeit":"1\u00a0Minute"},"schema":{"@context":"https:\/\/schema.org","@graph":[{"@type":"WebPage","@id":"https:\/\/cordeliers.ch\/prestations\/","url":"https:\/\/cordeliers.ch\/prestations\/","name":"Prestations - cordeliers - Franziskaner-Minoriten","isPartOf":{"@id":"https:\/\/cordeliers.ch\/#website"},"primaryImageOfPage":{"@id":"https:\/\/cordeliers.ch\/prestations\/#primaryimage"},"image":{"@id":"https:\/\/cordeliers.ch\/prestations\/#primaryimage"},"thumbnailUrl":"https:\/\/cordeliers.ch\/wp-content\/uploads\/2025\/01\/Photo-prestations-1024x683.jpg","datePublished":"2025-01-27T13:24:03+00:00","dateModified":"2025-12-17T15:44:28+00:00","breadcrumb":{"@id":"https:\/\/cordeliers.ch\/prestations\/#breadcrumb"},"inLanguage":"de","potentialAction":[{"@type":"ReadAction","target":["https:\/\/cordeliers.ch\/prestations\/"]}]},{"@type":"ImageObject","inLanguage":"de","@id":"https:\/\/cordeliers.ch\/prestations\/#primaryimage","url":"https:\/\/cordeliers.ch\/wp-content\/uploads\/2025\/01\/Photo-prestations-1024x683.jpg","contentUrl":"https:\/\/cordeliers.ch\/wp-content\/uploads\/2025\/01\/Photo-prestations-1024x683.jpg"},{"@type":"BreadcrumbList","@id":"https:\/\/cordeliers.ch\/prestations\/#breadcrumb","itemListElement":[{"@type":"ListItem","position":1,"name":"Accueil","item":"https:\/\/cordeliers.ch\/"},{"@type":"ListItem","position":2,"name":"Prestations"}]},{"@type":"WebSite","@id":"https:\/\/cordeliers.ch\/#website","url":"https:\/\/cordeliers.ch\/","name":"cordeliers","description":"","publisher":{"@id":"https:\/\/cordeliers.ch\/#organization"},"potentialAction":[{"@type":"SearchAction","target":{"@type":"EntryPoint","urlTemplate":"https:\/\/cordeliers.ch\/?s={search_term_string}"},"query-input":{"@type":"PropertyValueSpecification","valueRequired":true,"valueName":"search_term_string"}}],"inLanguage":"de"},{"@type":"Organization","@id":"https:\/\/cordeliers.ch\/#organization","name":"cordeliers","url":"https:\/\/cordeliers.ch\/","logo":{"@type":"ImageObject","inLanguage":"de","@id":"https:\/\/cordeliers.ch\/#\/schema\/logo\/image\/","url":"https:\/\/cordeliers.ch\/wp-content\/uploads\/2024\/11\/cropped-Ativa-MS-2.png","contentUrl":"https:\/\/cordeliers.ch\/wp-content\/uploads\/2024\/11\/cropped-Ativa-MS-2.png","width":461,"height":108,"caption":"cordeliers"},"image":{"@id":"https:\/\/cordeliers.ch\/#\/schema\/logo\/image\/"}}]}},"_links":{"self":[{"href":"https:\/\/cordeliers.ch\/de\/wp-json\/wp\/v2\/pages\/23920","targetHints":{"allow":["GET"]}}],"collection":[{"href":"https:\/\/cordeliers.ch\/de\/wp-json\/wp\/v2\/pages"}],"about":[{"href":"https:\/\/cordeliers.ch\/de\/wp-json\/wp\/v2\/types\/page"}],"author":[{"embeddable":true,"href":"https:\/\/cordeliers.ch\/de\/wp-json\/wp\/v2\/users\/1"}],"replies":[{"embeddable":true,"href":"https:\/\/cordeliers.ch\/de\/wp-json\/wp\/v2\/comments?post=23920"}],"version-history":[{"count":22,"href":"https:\/\/cordeliers.ch\/de\/wp-json\/wp\/v2\/pages\/23920\/revisions"}],"predecessor-version":[{"id":24534,"href":"https:\/\/cordeliers.ch\/de\/wp-json\/wp\/v2\/pages\/23920\/revisions\/24534"}],"wp:attachment":[{"href":"https:\/\/cordeliers.ch\/de\/wp-json\/wp\/v2\/media?parent=23920"}],"curies":[{"name":"wp","href":"https:\/\/api.w.org\/{rel}","templated":true}]}}