{"id":23911,"date":"2025-01-27T12:10:44","date_gmt":"2025-01-27T11:10:44","guid":{"rendered":"http:\/\/195.34.73.93:81\/?page_id=23911"},"modified":"2025-12-17T16:52:15","modified_gmt":"2025-12-17T15:52:15","slug":"a-propos","status":"publish","type":"page","link":"https:\/\/cordeliers.ch\/de\/a-propos\/","title":{"rendered":"\u00dcber uns"},"content":{"rendered":"<div data-elementor-type=\"wp-page\" data-elementor-id=\"23911\" class=\"elementor elementor-23911\" data-elementor-post-type=\"page\">\n\t\t\t\t<div class=\"elementor-element elementor-element-3f59b34 e-flex e-con-boxed wpr-particle-no wpr-jarallax-no wpr-parallax-no wpr-sticky-section-no e-con e-parent\" data-id=\"3f59b34\" data-element_type=\"container\" data-e-type=\"container\">\n\t\t\t\t\t<div class=\"e-con-inner\">\n\t\t\t\t<div class=\"elementor-element elementor-element-4ad4a49 elementor-widget-mobile__width-inherit elementor-widget elementor-widget-heading\" data-id=\"4ad4a49\" data-element_type=\"widget\" data-e-type=\"widget\" data-widget_type=\"heading.default\">\n\t\t\t\t<div class=\"elementor-widget-container\">\n\t\t\t\t\t<h1 class=\"elementor-heading-title elementor-size-default\">\u00dcber uns<\/h1>\t\t\t\t<\/div>\n\t\t\t\t<\/div>\n\t\t\t\t\t<\/div>\n\t\t\t\t<\/div>\n\t\t<div class=\"elementor-element elementor-element-7846d0a e-flex e-con-boxed wpr-particle-no wpr-jarallax-no wpr-parallax-no wpr-sticky-section-no e-con e-parent\" data-id=\"7846d0a\" data-element_type=\"container\" data-e-type=\"container\">\n\t\t\t\t\t<div class=\"e-con-inner\">\n\t\t\t\t<div class=\"elementor-element elementor-element-4265c4b9 elementor-widget elementor-widget-image\" data-id=\"4265c4b9\" data-element_type=\"widget\" data-e-type=\"widget\" data-widget_type=\"image.default\">\n\t\t\t\t<div class=\"elementor-widget-container\">\n\t\t\t\t\t\t\t\t\t\t\t\t<figure class=\"wp-caption\">\n\t\t\t\t\t\t\t\t\t\t<img fetchpriority=\"high\" decoding=\"async\" width=\"1024\" height=\"683\" src=\"https:\/\/cordeliers.ch\/wp-content\/uploads\/2025\/01\/Photo-a-propos-1024x683.jpg\" class=\"attachment-large size-large wp-image-23913\" alt=\"\" srcset=\"https:\/\/cordeliers.ch\/wp-content\/uploads\/2025\/01\/Photo-a-propos-1024x683.jpg 1024w, https:\/\/cordeliers.ch\/wp-content\/uploads\/2025\/01\/Photo-a-propos-300x200.jpg 300w, https:\/\/cordeliers.ch\/wp-content\/uploads\/2025\/01\/Photo-a-propos-768x512.jpg 768w, https:\/\/cordeliers.ch\/wp-content\/uploads\/2025\/01\/Photo-a-propos-1536x1024.jpg 1536w, https:\/\/cordeliers.ch\/wp-content\/uploads\/2025\/01\/Photo-a-propos-2048x1365.jpg 2048w, https:\/\/cordeliers.ch\/wp-content\/uploads\/2025\/01\/Photo-a-propos-18x12.jpg 18w\" sizes=\"(max-width: 1024px) 100vw, 1024px\" \/>\t\t\t\t\t\t\t\t\t\t\t<figcaption class=\"widget-image-caption wp-caption-text\"><\/figcaption>\n\t\t\t\t\t\t\t\t\t\t<\/figure>\n\t\t\t\t\t\t\t\t\t<\/div>\n\t\t\t\t<\/div>\n\t\t\t\t\t<\/div>\n\t\t\t\t<\/div>\n\t\t<div class=\"elementor-element elementor-element-d71f803 e-flex e-con-boxed wpr-particle-no wpr-jarallax-no wpr-parallax-no wpr-sticky-section-no e-con e-parent\" data-id=\"d71f803\" data-element_type=\"container\" data-e-type=\"container\">\n\t\t\t\t\t<div class=\"e-con-inner\">\n\t\t\t\t<div class=\"elementor-element elementor-element-085289b elementor-widget elementor-widget-text-editor\" data-id=\"085289b\" data-element_type=\"widget\" data-e-type=\"widget\" data-widget_type=\"text-editor.default\">\n\t\t\t\t<div class=\"elementor-widget-container\">\n\t\t\t\t\t\t\t\t\t<p><em>Das 1256 gegr\u00fcndete Franziskanerkloster ist das \u00e4lteste noch aktive Kloster der franziskanischen Ordensfamilie in der Schweiz. Der hl. Franz von Assisi gr\u00fcndete im Jahre 1209 den Orden der Minderen Br\u00fcder (Erster Orden des Hl. Franz von Assisi). Die Zahl der Minderbr\u00fcder, die im Jahre 1209 zw\u00f6lf betrug, erreichte zehn Jahre sp\u00e4ter schon 5\u2019000.\nKurze Zeit nach dem Tod des hl. Franziskus standen sich innerhalb des Ordens zwei Parteien gegen\u00fcber, jene der \u201eEiferer\u201c-Spiritualen und jene der Minoriten-Konventualen. Die Spiritualen befolgten eine buchst\u00e4bliche Regeltreue, wie sie die kleine Gemeinschaft von 1209 noch halten konnte, aber durch das st\u00e4ndige Anwachsen der Br\u00fcderzahl nicht mehr m\u00f6glich war.<\/em><\/p><p><em>Bei den Konventualen (Minoriten) kam es zur Gr\u00fcndung grosser Stadtkl\u00f6ster, die h\u00f6chst bereichernd auf dem Gebiet der Theologie, Philosophie und der Kunst wurden. Dies bewirkte jedoch wieder unter einigen Br\u00fcdern, die unter der Diskrepanz von Ideal und Wirklichkeit litten, einen eigenen Weg zu gehen. So entstand um 1368 die Observanzreform, deren wichtigste Vertreter der hl. Bernhard von Siena, Johannes Capistrano und Jakob von der Mark waren. <\/em><\/p><p><em>Mit der p\u00e4pstlichen Bulle \u201eIte et vos\u201c (Geht auch ihr euren Weg) gab Papst Leo X. im Jahre 1517 den Observanten einen eigenen Generalminister und teilte somit den Orden in den Zweig der Minoriten (OFM Conv.) und den der Franziskaner (OFM). Im Jahre 1525 formierten sich aus den Observanten die Kapuziner. Sie erlangten schon 1528 kirchliche Anerkennung und wurden 1619 ein selbst\u00e4ndiger Orden (OFM Cap.). Heute teilen sich das Erbe des hl. Franziskus die drei Zweige: Franziskaner-Minoriten, Franziskaner und Kapuziner.\nEnsuite: liens vers les pages \u00e9num\u00e9r\u00e9s dans le menu\nPhoto voir annexe<\/em><\/p>\t\t\t\t\t\t\t\t<\/div>\n\t\t\t\t<\/div>\n\t\t\t\t\t<\/div>\n\t\t\t\t<\/div>\n\t\t<div class=\"elementor-element elementor-element-d0fbd09 e-flex e-con-boxed wpr-particle-no wpr-jarallax-no wpr-parallax-no wpr-sticky-section-no e-con e-parent\" data-id=\"d0fbd09\" data-element_type=\"container\" data-e-type=\"container\">\n\t\t\t\t\t<div class=\"e-con-inner\">\n\t\t\t\t<div class=\"elementor-element elementor-element-e47e483 elementor-widget elementor-widget-text-editor\" data-id=\"e47e483\" data-element_type=\"widget\" data-e-type=\"widget\" data-widget_type=\"text-editor.default\">\n\t\t\t\t<div class=\"elementor-widget-container\">\n\t\t\t\t\t\t\t\t\t<h3><a href=\"https:\/\/cordeliers.ch\/de\/cordeliers-suisse\/\" rel=\"noopener\">=&gt; <span style=\"text-decoration: underline;\">Die Franziskaner in der Schweiz<\/span><\/a><\/h3><h3><a href=\"https:\/\/cordeliers.ch\/de\/fribourg\/\" rel=\"noopener\">=&gt; <span style=\"text-decoration: underline;\">Freiburg<\/span><\/a><\/h3><h3><a href=\"https:\/\/cordeliers.ch\/de\/flueli-ranft\/\">=&gt; <span style=\"text-decoration: underline;\">Fl\u00fceli-Ranft<\/span><\/a><\/h3><h3><a href=\"https:\/\/cordeliers.ch\/de\/devenir-cordelier\/\">=&gt; <span style=\"text-decoration: underline;\">Wie werde ich Franziskaner?<\/span><\/a><\/h3><h3><a href=\"https:\/\/cordeliers.ch\/de\/saint-francois-assise\/\">=&gt;\u00a0<span style=\"text-decoration: underline;\">Saint-fran\u00e7ois d\u2019Assise<\/span><\/a><\/h3>\t\t\t\t\t\t\t\t<\/div>\n\t\t\t\t<\/div>\n\t\t\t\t\t<\/div>\n\t\t\t\t<\/div>\n\t\t\t\t<\/div>","protected":false},"excerpt":{"rendered":"<p>\u00c0 propos Fond\u00e9 en 1256, le couvent des Cordelieres est le plus ancien couvent de la famille franciscaine encore en activit\u00e9 en Suisse. Saint Fran\u00e7ois d&rsquo;Assise fonda en 1209 l&rsquo;ordre des Fr\u00e8res Mineurs (Premier Ordre de Saint Fran\u00e7ois d&rsquo;Assise). Le nombre de Fr\u00e8res Mineurs, qui \u00e9tait de douze en 1209, atteignait d\u00e9j\u00e0 5&rsquo;000 dix ans &#8230; <a title=\"\u00dcber uns\" class=\"read-more\" href=\"https:\/\/cordeliers.ch\/de\/a-propos\/\" aria-label=\"Mehr Informationen \u00fcber \u00c0 propos\">Weiterlesen &#8230;<\/a><\/p>","protected":false},"author":1,"featured_media":0,"parent":0,"menu_order":0,"comment_status":"closed","ping_status":"closed","template":"elementor_header_footer","meta":{"footnotes":""},"class_list":["post-23911","page","type-page","status-publish"],"yoast_head":"<!-- This site is optimized with the Yoast SEO plugin v27.3 - https:\/\/yoast.com\/product\/yoast-seo-wordpress\/ -->\n<title>\u00c0 propos - cordeliers - Franziskanerkirche - Franziskaner<\/title>\n<meta name=\"robots\" content=\"index, follow, max-snippet:-1, max-image-preview:large, max-video-preview:-1\" \/>\n<link rel=\"canonical\" href=\"https:\/\/cordeliers.ch\/de\/a-propos\/\" \/>\n<meta property=\"og:locale\" content=\"de_DE\" \/>\n<meta property=\"og:type\" content=\"article\" \/>\n<meta property=\"og:title\" content=\"\u00c0 propos - cordeliers - Franziskanerkirche - Franziskaner\" \/>\n<meta property=\"og:description\" content=\"\u00c0 propos Fond\u00e9 en 1256, le couvent des Cordelieres est le plus ancien couvent de la famille franciscaine encore en activit\u00e9 en Suisse. Saint Fran\u00e7ois d&rsquo;Assise fonda en 1209 l&rsquo;ordre des Fr\u00e8res Mineurs (Premier Ordre de Saint Fran\u00e7ois d&rsquo;Assise). Le nombre de Fr\u00e8res Mineurs, qui \u00e9tait de douze en 1209, atteignait d\u00e9j\u00e0 5&rsquo;000 dix ans ... Weiterlesen ...\" \/>\n<meta property=\"og:url\" content=\"https:\/\/cordeliers.ch\/de\/a-propos\/\" \/>\n<meta property=\"og:site_name\" content=\"cordeliers\" \/>\n<meta property=\"article:modified_time\" content=\"2025-12-17T15:52:15+00:00\" \/>\n<meta property=\"og:image\" content=\"https:\/\/cordeliers.ch\/wp-content\/uploads\/2025\/01\/Photo-a-propos-1024x683.jpg\" \/>\n<meta name=\"twitter:card\" content=\"summary_large_image\" \/>\n<meta name=\"twitter:label1\" content=\"Gesch\u00e4tzte Lesezeit\" \/>\n\t<meta name=\"twitter:data1\" content=\"2\u00a0Minuten\" \/>\n<script type=\"application\/ld+json\" class=\"yoast-schema-graph\">{\"@context\":\"https:\\\/\\\/schema.org\",\"@graph\":[{\"@type\":\"WebPage\",\"@id\":\"https:\\\/\\\/cordeliers.ch\\\/a-propos\\\/\",\"url\":\"https:\\\/\\\/cordeliers.ch\\\/a-propos\\\/\",\"name\":\"\u00c0 propos - cordeliers - Franziskanerkirche - Franziskaner\",\"isPartOf\":{\"@id\":\"https:\\\/\\\/cordeliers.ch\\\/#website\"},\"primaryImageOfPage\":{\"@id\":\"https:\\\/\\\/cordeliers.ch\\\/a-propos\\\/#primaryimage\"},\"image\":{\"@id\":\"https:\\\/\\\/cordeliers.ch\\\/a-propos\\\/#primaryimage\"},\"thumbnailUrl\":\"https:\\\/\\\/cordeliers.ch\\\/wp-content\\\/uploads\\\/2025\\\/01\\\/Photo-a-propos-1024x683.jpg\",\"datePublished\":\"2025-01-27T11:10:44+00:00\",\"dateModified\":\"2025-12-17T15:52:15+00:00\",\"breadcrumb\":{\"@id\":\"https:\\\/\\\/cordeliers.ch\\\/a-propos\\\/#breadcrumb\"},\"inLanguage\":\"de\",\"potentialAction\":[{\"@type\":\"ReadAction\",\"target\":[\"https:\\\/\\\/cordeliers.ch\\\/a-propos\\\/\"]}]},{\"@type\":\"ImageObject\",\"inLanguage\":\"de\",\"@id\":\"https:\\\/\\\/cordeliers.ch\\\/a-propos\\\/#primaryimage\",\"url\":\"https:\\\/\\\/cordeliers.ch\\\/wp-content\\\/uploads\\\/2025\\\/01\\\/Photo-a-propos-1024x683.jpg\",\"contentUrl\":\"https:\\\/\\\/cordeliers.ch\\\/wp-content\\\/uploads\\\/2025\\\/01\\\/Photo-a-propos-1024x683.jpg\"},{\"@type\":\"BreadcrumbList\",\"@id\":\"https:\\\/\\\/cordeliers.ch\\\/a-propos\\\/#breadcrumb\",\"itemListElement\":[{\"@type\":\"ListItem\",\"position\":1,\"name\":\"Accueil\",\"item\":\"https:\\\/\\\/cordeliers.ch\\\/\"},{\"@type\":\"ListItem\",\"position\":2,\"name\":\"\u00c0 propos\"}]},{\"@type\":\"WebSite\",\"@id\":\"https:\\\/\\\/cordeliers.ch\\\/#website\",\"url\":\"https:\\\/\\\/cordeliers.ch\\\/\",\"name\":\"cordeliers\",\"description\":\"\",\"publisher\":{\"@id\":\"https:\\\/\\\/cordeliers.ch\\\/#organization\"},\"potentialAction\":[{\"@type\":\"SearchAction\",\"target\":{\"@type\":\"EntryPoint\",\"urlTemplate\":\"https:\\\/\\\/cordeliers.ch\\\/?s={search_term_string}\"},\"query-input\":{\"@type\":\"PropertyValueSpecification\",\"valueRequired\":true,\"valueName\":\"search_term_string\"}}],\"inLanguage\":\"de\"},{\"@type\":\"Organization\",\"@id\":\"https:\\\/\\\/cordeliers.ch\\\/#organization\",\"name\":\"cordeliers\",\"url\":\"https:\\\/\\\/cordeliers.ch\\\/\",\"logo\":{\"@type\":\"ImageObject\",\"inLanguage\":\"de\",\"@id\":\"https:\\\/\\\/cordeliers.ch\\\/#\\\/schema\\\/logo\\\/image\\\/\",\"url\":\"https:\\\/\\\/cordeliers.ch\\\/wp-content\\\/uploads\\\/2024\\\/11\\\/cropped-Ativa-MS-2.png\",\"contentUrl\":\"https:\\\/\\\/cordeliers.ch\\\/wp-content\\\/uploads\\\/2024\\\/11\\\/cropped-Ativa-MS-2.png\",\"width\":461,\"height\":108,\"caption\":\"cordeliers\"},\"image\":{\"@id\":\"https:\\\/\\\/cordeliers.ch\\\/#\\\/schema\\\/logo\\\/image\\\/\"}}]}<\/script>\n<!-- \/ Yoast SEO plugin. -->","yoast_head_json":{"title":"\u00c0 propos - cordeliers - Franziskanerkirche - Franziskaner","robots":{"index":"index","follow":"follow","max-snippet":"max-snippet:-1","max-image-preview":"max-image-preview:large","max-video-preview":"max-video-preview:-1"},"canonical":"https:\/\/cordeliers.ch\/de\/a-propos\/","og_locale":"de_DE","og_type":"article","og_title":"\u00c0 propos - cordeliers - Franziskanerkirche - Franziskaner","og_description":"\u00c0 propos Fond\u00e9 en 1256, le couvent des Cordelieres est le plus ancien couvent de la famille franciscaine encore en activit\u00e9 en Suisse. Saint Fran\u00e7ois d&rsquo;Assise fonda en 1209 l&rsquo;ordre des Fr\u00e8res Mineurs (Premier Ordre de Saint Fran\u00e7ois d&rsquo;Assise). Le nombre de Fr\u00e8res Mineurs, qui \u00e9tait de douze en 1209, atteignait d\u00e9j\u00e0 5&rsquo;000 dix ans ... Weiterlesen ...","og_url":"https:\/\/cordeliers.ch\/de\/a-propos\/","og_site_name":"cordeliers","article_modified_time":"2025-12-17T15:52:15+00:00","og_image":[{"url":"https:\/\/cordeliers.ch\/wp-content\/uploads\/2025\/01\/Photo-a-propos-1024x683.jpg","type":"","width":"","height":""}],"twitter_card":"summary_large_image","twitter_misc":{"Gesch\u00e4tzte Lesezeit":"2\u00a0Minuten"},"schema":{"@context":"https:\/\/schema.org","@graph":[{"@type":"WebPage","@id":"https:\/\/cordeliers.ch\/a-propos\/","url":"https:\/\/cordeliers.ch\/a-propos\/","name":"\u00c0 propos - cordeliers - Franziskanerkirche - Franziskaner","isPartOf":{"@id":"https:\/\/cordeliers.ch\/#website"},"primaryImageOfPage":{"@id":"https:\/\/cordeliers.ch\/a-propos\/#primaryimage"},"image":{"@id":"https:\/\/cordeliers.ch\/a-propos\/#primaryimage"},"thumbnailUrl":"https:\/\/cordeliers.ch\/wp-content\/uploads\/2025\/01\/Photo-a-propos-1024x683.jpg","datePublished":"2025-01-27T11:10:44+00:00","dateModified":"2025-12-17T15:52:15+00:00","breadcrumb":{"@id":"https:\/\/cordeliers.ch\/a-propos\/#breadcrumb"},"inLanguage":"de","potentialAction":[{"@type":"ReadAction","target":["https:\/\/cordeliers.ch\/a-propos\/"]}]},{"@type":"ImageObject","inLanguage":"de","@id":"https:\/\/cordeliers.ch\/a-propos\/#primaryimage","url":"https:\/\/cordeliers.ch\/wp-content\/uploads\/2025\/01\/Photo-a-propos-1024x683.jpg","contentUrl":"https:\/\/cordeliers.ch\/wp-content\/uploads\/2025\/01\/Photo-a-propos-1024x683.jpg"},{"@type":"BreadcrumbList","@id":"https:\/\/cordeliers.ch\/a-propos\/#breadcrumb","itemListElement":[{"@type":"ListItem","position":1,"name":"Accueil","item":"https:\/\/cordeliers.ch\/"},{"@type":"ListItem","position":2,"name":"\u00c0 propos"}]},{"@type":"WebSite","@id":"https:\/\/cordeliers.ch\/#website","url":"https:\/\/cordeliers.ch\/","name":"cordeliers","description":"","publisher":{"@id":"https:\/\/cordeliers.ch\/#organization"},"potentialAction":[{"@type":"SearchAction","target":{"@type":"EntryPoint","urlTemplate":"https:\/\/cordeliers.ch\/?s={search_term_string}"},"query-input":{"@type":"PropertyValueSpecification","valueRequired":true,"valueName":"search_term_string"}}],"inLanguage":"de"},{"@type":"Organization","@id":"https:\/\/cordeliers.ch\/#organization","name":"cordeliers","url":"https:\/\/cordeliers.ch\/","logo":{"@type":"ImageObject","inLanguage":"de","@id":"https:\/\/cordeliers.ch\/#\/schema\/logo\/image\/","url":"https:\/\/cordeliers.ch\/wp-content\/uploads\/2024\/11\/cropped-Ativa-MS-2.png","contentUrl":"https:\/\/cordeliers.ch\/wp-content\/uploads\/2024\/11\/cropped-Ativa-MS-2.png","width":461,"height":108,"caption":"cordeliers"},"image":{"@id":"https:\/\/cordeliers.ch\/#\/schema\/logo\/image\/"}}]}},"_links":{"self":[{"href":"https:\/\/cordeliers.ch\/de\/wp-json\/wp\/v2\/pages\/23911","targetHints":{"allow":["GET"]}}],"collection":[{"href":"https:\/\/cordeliers.ch\/de\/wp-json\/wp\/v2\/pages"}],"about":[{"href":"https:\/\/cordeliers.ch\/de\/wp-json\/wp\/v2\/types\/page"}],"author":[{"embeddable":true,"href":"https:\/\/cordeliers.ch\/de\/wp-json\/wp\/v2\/users\/1"}],"replies":[{"embeddable":true,"href":"https:\/\/cordeliers.ch\/de\/wp-json\/wp\/v2\/comments?post=23911"}],"version-history":[{"count":16,"href":"https:\/\/cordeliers.ch\/de\/wp-json\/wp\/v2\/pages\/23911\/revisions"}],"predecessor-version":[{"id":24197,"href":"https:\/\/cordeliers.ch\/de\/wp-json\/wp\/v2\/pages\/23911\/revisions\/24197"}],"wp:attachment":[{"href":"https:\/\/cordeliers.ch\/de\/wp-json\/wp\/v2\/media?parent=23911"}],"curies":[{"name":"wp","href":"https:\/\/api.w.org\/{rel}","templated":true}]}}