{"id":22674,"date":"2024-12-20T10:53:28","date_gmt":"2024-12-20T09:53:28","guid":{"rendered":"http:\/\/195.34.73.93:81\/?page_id=22674"},"modified":"2026-01-21T11:41:05","modified_gmt":"2026-01-21T10:41:05","slug":"propositions-pastorales","status":"publish","type":"page","link":"https:\/\/cordeliers.ch\/de\/propositions-pastorales\/","title":{"rendered":"Gottesdienste und Seelsorge"},"content":{"rendered":"<div data-elementor-type=\"wp-page\" data-elementor-id=\"22674\" class=\"elementor elementor-22674\" data-elementor-post-type=\"page\">\n\t\t\t\t<div class=\"elementor-element elementor-element-7846d0a e-flex e-con-boxed wpr-particle-no wpr-jarallax-no wpr-parallax-no wpr-sticky-section-no e-con e-parent\" data-id=\"7846d0a\" data-element_type=\"container\" data-e-type=\"container\">\n\t\t\t\t\t<div class=\"e-con-inner\">\n\t\t\t\t<div class=\"elementor-element elementor-element-52d9426 elementor-widget elementor-widget-heading\" data-id=\"52d9426\" data-element_type=\"widget\" data-e-type=\"widget\" data-widget_type=\"heading.default\">\n\t\t\t\t<div class=\"elementor-widget-container\">\n\t\t\t\t\t<h1 class=\"elementor-heading-title elementor-size-default\">Messen und Beichte in der Franziskanerkirche<\/h1>\t\t\t\t<\/div>\n\t\t\t\t<\/div>\n\t\t\t\t\t<\/div>\n\t\t\t\t<\/div>\n\t\t<div class=\"elementor-element elementor-element-2844f01 e-flex e-con-boxed wpr-particle-no wpr-jarallax-no wpr-parallax-no wpr-sticky-section-no e-con e-parent\" data-id=\"2844f01\" data-element_type=\"container\" data-e-type=\"container\">\n\t\t\t\t\t<div class=\"e-con-inner\">\n\t\t\t\t<div class=\"elementor-element elementor-element-1403937 elementor-widget elementor-widget-html\" data-id=\"1403937\" data-element_type=\"widget\" data-e-type=\"widget\" data-widget_type=\"html.default\">\n\t\t\t\t<div class=\"elementor-widget-container\">\n\t\t\t\t\t<div >\n    <h3>Messen<\/h3>\n    <table class=\"hours-table\">\n        <tr>\n            <th>Tag<\/th>\n            <th>Uhrzeit<\/th>\n            <th>Langue<\/th>\n        <\/tr>\n        <tr>\n            <td>Montag bis Samstag<\/td>\n            <td>8.00 Uhr<\/td>\n            <td>Franz\u00f6sisch<\/td>\n        <\/tr>\n        <tr>\n            <td>Sonn- und Feiertage<\/td>\n            <td>8.00 Uhr<\/td>\n            <td>Franz\u00f6sisch<\/td>\n        <\/tr>\n        <tr>\n            <td>Sonn- und Feiertage<\/td>\n            <td>19.30 Uhr<\/td>\n            <td>Deutsch<\/td>\n        <\/tr>\n    <\/table>\n\n    <h3>Beichten<\/h3>\n    <table class=\"hours-table\">\n        <tr>\n            <th>Tag<\/th>\n            <th>Uhrzeit<\/th>\n            <th>Langue<\/th>\n        <\/tr>\n        <tr>\n            <td>Samstag<\/td>\n            <td>8.45 - 9.30 Uhr<\/td>\n            <td>Deutsch \/ Franz\u00f6sisch \/ Italienisch<\/td>\n        <\/tr>\n        <tr>\n            <td>Samstag<\/td>\n            <td>14.00 - 14.30 Uhr<\/td>\n            <td>Deutsch \/ Franz\u00f6sisch \/ Italienisch<\/td>\n        <\/tr>\n    <\/table>\n<\/div>\n\n<style>\n     h3 {\n        margin-top: 20px;\n    }\n    .hours-table {\n        width: 100%;\n        border-collapse: collapse;\n        margin-top: 20px;\n    }\n\n    .hours-table th,\n    .hours-table td {\n        padding: 10px;\n        text-align: left;\n        border-bottom: 1px solid #ddd;\n    }\n\n    .hours-table th {\n        background-color: #c15520;\n        color: #fff;\n    }\n\n    .hours-table tr:nth-child(even) {\n        background-color: #f9f9f9;\n    }\n\n\n<\/style>\t\t\t\t<\/div>\n\t\t\t\t<\/div>\n\t\t\t\t\t<\/div>\n\t\t\t\t<\/div>\n\t\t<div class=\"elementor-element elementor-element-dc2c0da e-flex e-con-boxed wpr-particle-no wpr-jarallax-no wpr-parallax-no wpr-sticky-section-no e-con e-parent\" data-id=\"dc2c0da\" data-element_type=\"container\" data-e-type=\"container\">\n\t\t\t\t\t<div class=\"e-con-inner\">\n\t\t\t\t<div class=\"elementor-element elementor-element-64e8a12 elementor-widget elementor-widget-heading\" data-id=\"64e8a12\" data-element_type=\"widget\" data-e-type=\"widget\" data-widget_type=\"heading.default\">\n\t\t\t\t<div class=\"elementor-widget-container\">\n\t\t\t\t\t<h1 class=\"elementor-heading-title elementor-size-default\">Ewige Anbetung<\/h1>\t\t\t\t<\/div>\n\t\t\t\t<\/div>\n\t\t\t\t\t<\/div>\n\t\t\t\t<\/div>\n\t\t<div class=\"elementor-element elementor-element-ce8deca e-flex e-con-boxed wpr-particle-no wpr-jarallax-no wpr-parallax-no wpr-sticky-section-no e-con e-parent\" data-id=\"ce8deca\" data-element_type=\"container\" data-e-type=\"container\">\n\t\t\t\t\t<div class=\"e-con-inner\">\n\t\t\t\t<div class=\"elementor-element elementor-element-75f3704 elementor-widget elementor-widget-text-editor\" data-id=\"75f3704\" data-element_type=\"widget\" data-e-type=\"widget\" data-widget_type=\"text-editor.default\">\n\t\t\t\t<div class=\"elementor-widget-container\">\n\t\t\t\t\t\t\t\t\t<h3 class=\"title_oswald\">Am Tag<\/h3><div><div>Einsiedlerkapelle <b>8.45 - 19.00 Uhr<\/b> (Sommer - Herbst)<\/div><\/div><div>\u00a0<\/div><div><p><strong>Keine Anbetung w\u00e4hrend Messen und am Sonntag<br \/><\/strong><\/p><\/div>\t\t\t\t\t\t\t\t<\/div>\n\t\t\t\t<\/div>\n\t\t\t\t\t<\/div>\n\t\t\t\t<\/div>\n\t\t\t\t<\/div>","protected":false},"excerpt":{"rendered":"<p>Horaires des Messes et Confessions &#8211; \u00c9glise des Cordeliers Messes Jour Heure Langue Lundi \u00e0 samedi 8h00 Fran\u00e7ais Dimanches et jours de f\u00eate 8h00 Fran\u00e7ais Dimanches et jours de f\u00eate 19h30 Allemand Confessions Jour Heure Langue Samedi 8h45 \u2013 9h30 Fran\u00e7ais \/ Allemand \/ Italien Samedi 14h00 \u2013 14h30 Fran\u00e7ais \/ Allemand \/ Italien Adoration &#8230; <a title=\"Gottesdienste und Seelsorge\" class=\"read-more\" href=\"https:\/\/cordeliers.ch\/de\/propositions-pastorales\/\" aria-label=\"Mehr Informationen \u00fcber Propositions pastorales\">Weiterlesen &#8230;<\/a><\/p>","protected":false},"author":1,"featured_media":0,"parent":0,"menu_order":0,"comment_status":"closed","ping_status":"closed","template":"elementor_header_footer","meta":{"footnotes":""},"class_list":["post-22674","page","type-page","status-publish"],"yoast_head":"<!-- This site is optimized with the Yoast SEO plugin v27.6 - https:\/\/yoast.com\/product\/yoast-seo-wordpress\/ -->\n<title>Propositions pastorales - cordeliers<\/title>\n<meta name=\"robots\" content=\"index, follow, max-snippet:-1, max-image-preview:large, max-video-preview:-1\" \/>\n<link rel=\"canonical\" href=\"https:\/\/cordeliers.ch\/de\/propositions-pastorales\/\" \/>\n<meta property=\"og:locale\" content=\"de_DE\" \/>\n<meta property=\"og:type\" content=\"article\" \/>\n<meta property=\"og:title\" content=\"Propositions pastorales - cordeliers\" \/>\n<meta property=\"og:description\" content=\"Horaires des Messes et Confessions &#8211; \u00c9glise des Cordeliers Messes Jour Heure Langue Lundi \u00e0 samedi 8h00 Fran\u00e7ais Dimanches et jours de f\u00eate 8h00 Fran\u00e7ais Dimanches et jours de f\u00eate 19h30 Allemand Confessions Jour Heure Langue Samedi 8h45 \u2013 9h30 Fran\u00e7ais \/ Allemand \/ Italien Samedi 14h00 \u2013 14h30 Fran\u00e7ais \/ Allemand \/ Italien Adoration ... Weiterlesen ...\" \/>\n<meta property=\"og:url\" content=\"https:\/\/cordeliers.ch\/de\/propositions-pastorales\/\" \/>\n<meta property=\"og:site_name\" content=\"cordeliers\" \/>\n<meta property=\"article:modified_time\" content=\"2026-01-21T10:41:05+00:00\" \/>\n<meta name=\"twitter:card\" content=\"summary_large_image\" \/>\n<meta name=\"twitter:label1\" content=\"Gesch\u00e4tzte Lesezeit\" \/>\n\t<meta name=\"twitter:data1\" content=\"1\u00a0Minute\" \/>\n<script type=\"application\/ld+json\" class=\"yoast-schema-graph\">{\"@context\":\"https:\\\/\\\/schema.org\",\"@graph\":[{\"@type\":\"WebPage\",\"@id\":\"https:\\\/\\\/cordeliers.ch\\\/propositions-pastorales\\\/\",\"url\":\"https:\\\/\\\/cordeliers.ch\\\/propositions-pastorales\\\/\",\"name\":\"Propositions pastorales - cordeliers\",\"isPartOf\":{\"@id\":\"https:\\\/\\\/cordeliers.ch\\\/#website\"},\"datePublished\":\"2024-12-20T09:53:28+00:00\",\"dateModified\":\"2026-01-21T10:41:05+00:00\",\"breadcrumb\":{\"@id\":\"https:\\\/\\\/cordeliers.ch\\\/propositions-pastorales\\\/#breadcrumb\"},\"inLanguage\":\"de\",\"potentialAction\":[{\"@type\":\"ReadAction\",\"target\":[\"https:\\\/\\\/cordeliers.ch\\\/propositions-pastorales\\\/\"]}]},{\"@type\":\"BreadcrumbList\",\"@id\":\"https:\\\/\\\/cordeliers.ch\\\/propositions-pastorales\\\/#breadcrumb\",\"itemListElement\":[{\"@type\":\"ListItem\",\"position\":1,\"name\":\"Accueil\",\"item\":\"https:\\\/\\\/cordeliers.ch\\\/\"},{\"@type\":\"ListItem\",\"position\":2,\"name\":\"Propositions pastorales\"}]},{\"@type\":\"WebSite\",\"@id\":\"https:\\\/\\\/cordeliers.ch\\\/#website\",\"url\":\"https:\\\/\\\/cordeliers.ch\\\/\",\"name\":\"cordeliers\",\"description\":\"\",\"publisher\":{\"@id\":\"https:\\\/\\\/cordeliers.ch\\\/#organization\"},\"potentialAction\":[{\"@type\":\"SearchAction\",\"target\":{\"@type\":\"EntryPoint\",\"urlTemplate\":\"https:\\\/\\\/cordeliers.ch\\\/?s={search_term_string}\"},\"query-input\":{\"@type\":\"PropertyValueSpecification\",\"valueRequired\":true,\"valueName\":\"search_term_string\"}}],\"inLanguage\":\"de\"},{\"@type\":\"Organization\",\"@id\":\"https:\\\/\\\/cordeliers.ch\\\/#organization\",\"name\":\"cordeliers\",\"url\":\"https:\\\/\\\/cordeliers.ch\\\/\",\"logo\":{\"@type\":\"ImageObject\",\"inLanguage\":\"de\",\"@id\":\"https:\\\/\\\/cordeliers.ch\\\/#\\\/schema\\\/logo\\\/image\\\/\",\"url\":\"https:\\\/\\\/cordeliers.ch\\\/wp-content\\\/uploads\\\/2024\\\/11\\\/cropped-Ativa-MS-2.png\",\"contentUrl\":\"https:\\\/\\\/cordeliers.ch\\\/wp-content\\\/uploads\\\/2024\\\/11\\\/cropped-Ativa-MS-2.png\",\"width\":461,\"height\":108,\"caption\":\"cordeliers\"},\"image\":{\"@id\":\"https:\\\/\\\/cordeliers.ch\\\/#\\\/schema\\\/logo\\\/image\\\/\"}}]}<\/script>\n<!-- \/ Yoast SEO plugin. -->","yoast_head_json":{"title":"Propositions pastorales - cordeliers","robots":{"index":"index","follow":"follow","max-snippet":"max-snippet:-1","max-image-preview":"max-image-preview:large","max-video-preview":"max-video-preview:-1"},"canonical":"https:\/\/cordeliers.ch\/de\/propositions-pastorales\/","og_locale":"de_DE","og_type":"article","og_title":"Propositions pastorales - cordeliers","og_description":"Horaires des Messes et Confessions &#8211; \u00c9glise des Cordeliers Messes Jour Heure Langue Lundi \u00e0 samedi 8h00 Fran\u00e7ais Dimanches et jours de f\u00eate 8h00 Fran\u00e7ais Dimanches et jours de f\u00eate 19h30 Allemand Confessions Jour Heure Langue Samedi 8h45 \u2013 9h30 Fran\u00e7ais \/ Allemand \/ Italien Samedi 14h00 \u2013 14h30 Fran\u00e7ais \/ Allemand \/ Italien Adoration ... Weiterlesen ...","og_url":"https:\/\/cordeliers.ch\/de\/propositions-pastorales\/","og_site_name":"cordeliers","article_modified_time":"2026-01-21T10:41:05+00:00","twitter_card":"summary_large_image","twitter_misc":{"Gesch\u00e4tzte Lesezeit":"1\u00a0Minute"},"schema":{"@context":"https:\/\/schema.org","@graph":[{"@type":"WebPage","@id":"https:\/\/cordeliers.ch\/propositions-pastorales\/","url":"https:\/\/cordeliers.ch\/propositions-pastorales\/","name":"Propositions pastorales - cordeliers","isPartOf":{"@id":"https:\/\/cordeliers.ch\/#website"},"datePublished":"2024-12-20T09:53:28+00:00","dateModified":"2026-01-21T10:41:05+00:00","breadcrumb":{"@id":"https:\/\/cordeliers.ch\/propositions-pastorales\/#breadcrumb"},"inLanguage":"de","potentialAction":[{"@type":"ReadAction","target":["https:\/\/cordeliers.ch\/propositions-pastorales\/"]}]},{"@type":"BreadcrumbList","@id":"https:\/\/cordeliers.ch\/propositions-pastorales\/#breadcrumb","itemListElement":[{"@type":"ListItem","position":1,"name":"Accueil","item":"https:\/\/cordeliers.ch\/"},{"@type":"ListItem","position":2,"name":"Propositions pastorales"}]},{"@type":"WebSite","@id":"https:\/\/cordeliers.ch\/#website","url":"https:\/\/cordeliers.ch\/","name":"cordeliers","description":"","publisher":{"@id":"https:\/\/cordeliers.ch\/#organization"},"potentialAction":[{"@type":"SearchAction","target":{"@type":"EntryPoint","urlTemplate":"https:\/\/cordeliers.ch\/?s={search_term_string}"},"query-input":{"@type":"PropertyValueSpecification","valueRequired":true,"valueName":"search_term_string"}}],"inLanguage":"de"},{"@type":"Organization","@id":"https:\/\/cordeliers.ch\/#organization","name":"cordeliers","url":"https:\/\/cordeliers.ch\/","logo":{"@type":"ImageObject","inLanguage":"de","@id":"https:\/\/cordeliers.ch\/#\/schema\/logo\/image\/","url":"https:\/\/cordeliers.ch\/wp-content\/uploads\/2024\/11\/cropped-Ativa-MS-2.png","contentUrl":"https:\/\/cordeliers.ch\/wp-content\/uploads\/2024\/11\/cropped-Ativa-MS-2.png","width":461,"height":108,"caption":"cordeliers"},"image":{"@id":"https:\/\/cordeliers.ch\/#\/schema\/logo\/image\/"}}]}},"_links":{"self":[{"href":"https:\/\/cordeliers.ch\/de\/wp-json\/wp\/v2\/pages\/22674","targetHints":{"allow":["GET"]}}],"collection":[{"href":"https:\/\/cordeliers.ch\/de\/wp-json\/wp\/v2\/pages"}],"about":[{"href":"https:\/\/cordeliers.ch\/de\/wp-json\/wp\/v2\/types\/page"}],"author":[{"embeddable":true,"href":"https:\/\/cordeliers.ch\/de\/wp-json\/wp\/v2\/users\/1"}],"replies":[{"embeddable":true,"href":"https:\/\/cordeliers.ch\/de\/wp-json\/wp\/v2\/comments?post=22674"}],"version-history":[{"count":54,"href":"https:\/\/cordeliers.ch\/de\/wp-json\/wp\/v2\/pages\/22674\/revisions"}],"predecessor-version":[{"id":24695,"href":"https:\/\/cordeliers.ch\/de\/wp-json\/wp\/v2\/pages\/22674\/revisions\/24695"}],"wp:attachment":[{"href":"https:\/\/cordeliers.ch\/de\/wp-json\/wp\/v2\/media?parent=22674"}],"curies":[{"name":"wp","href":"https:\/\/api.w.org\/{rel}","templated":true}]}}