{"id":22629,"date":"2024-12-19T17:07:10","date_gmt":"2024-12-19T16:07:10","guid":{"rendered":"http:\/\/195.34.73.93:81\/?page_id=22629"},"modified":"2025-04-08T16:43:31","modified_gmt":"2025-04-08T14:43:31","slug":"parrainages-restauration-livres","status":"publish","type":"page","link":"https:\/\/cordeliers.ch\/de\/parrainages-restauration-livres\/","title":{"rendered":"Buchpatenschaften"},"content":{"rendered":"<div data-elementor-type=\"wp-page\" data-elementor-id=\"22629\" class=\"elementor elementor-22629\" data-elementor-post-type=\"page\">\n\t\t\t\t<div class=\"elementor-element elementor-element-6e522c6 e-flex e-con-boxed wpr-particle-no wpr-jarallax-no wpr-parallax-no wpr-sticky-section-no e-con e-parent\" data-id=\"6e522c6\" data-element_type=\"container\" data-e-type=\"container\">\n\t\t\t\t\t<div class=\"e-con-inner\">\n\t\t\t\t<div class=\"elementor-element elementor-element-52d9426 elementor-widget elementor-widget-heading\" data-id=\"52d9426\" data-element_type=\"widget\" data-e-type=\"widget\" data-widget_type=\"heading.default\">\n\t\t\t\t<div class=\"elementor-widget-container\">\n\t\t\t\t\t<h1 class=\"elementor-heading-title elementor-size-default\">Buchpatenschaften <\/h1>\t\t\t\t<\/div>\n\t\t\t\t<\/div>\n\t\t\t\t\t<\/div>\n\t\t\t\t<\/div>\n\t\t<div class=\"elementor-element elementor-element-7846d0a e-flex e-con-boxed wpr-particle-no wpr-jarallax-no wpr-parallax-no wpr-sticky-section-no e-con e-parent\" data-id=\"7846d0a\" data-element_type=\"container\" data-e-type=\"container\">\n\t\t\t\t\t<div class=\"e-con-inner\">\n\t\t\t\t<div class=\"elementor-element elementor-element-6f2d6a2 elementor-widget elementor-widget-image\" data-id=\"6f2d6a2\" data-element_type=\"widget\" data-e-type=\"widget\" data-widget_type=\"image.default\">\n\t\t\t\t<div class=\"elementor-widget-container\">\n\t\t\t\t\t\t\t\t\t\t\t\t<figure class=\"wp-caption\">\n\t\t\t\t\t\t\t\t\t\t<img fetchpriority=\"high\" decoding=\"async\" width=\"800\" height=\"533\" src=\"https:\/\/cordeliers.ch\/wp-content\/uploads\/2024\/11\/Atelier_nouveau-1.jpg\" class=\"attachment-2048x2048 size-2048x2048 wp-image-21025\" alt=\"\" srcset=\"https:\/\/cordeliers.ch\/wp-content\/uploads\/2024\/11\/Atelier_nouveau-1.jpg 800w, https:\/\/cordeliers.ch\/wp-content\/uploads\/2024\/11\/Atelier_nouveau-1-300x200.jpg 300w, https:\/\/cordeliers.ch\/wp-content\/uploads\/2024\/11\/Atelier_nouveau-1-768x512.jpg 768w\" sizes=\"(max-width: 800px) 100vw, 800px\" \/>\t\t\t\t\t\t\t\t\t\t\t<figcaption class=\"widget-image-caption wp-caption-text\">Neue Restaurierungswerkstatt<\/figcaption>\n\t\t\t\t\t\t\t\t\t\t<\/figure>\n\t\t\t\t\t\t\t\t\t<\/div>\n\t\t\t\t<\/div>\n\t\t\t\t<div class=\"elementor-element elementor-element-290445f elementor-widget elementor-widget-text-editor\" data-id=\"290445f\" data-element_type=\"widget\" data-e-type=\"widget\" data-widget_type=\"text-editor.default\">\n\t\t\t\t<div class=\"elementor-widget-container\">\n\t\t\t\t\t\t\t\t\t<p>Das Franziskanerkloster Freiburg sucht Paten und Patinnen, die die Konservierung und Restaurierung der B\u00fccher in der Alten Bibliothek des Klosters unterst\u00fctzen. Die Beitr\u00e4ge werden von der Stiftung f\u00fcr die Renovation und den Unterhalt des Franziskanerklosters Freiburg verwaltet und sind steuerlich absetzbar. Die Namen der Stifter und Stifterinnen werden im Band verzeichnet.<\/p><p>Einzahlung bitte auf das Konto der (gemeinn\u00fctzigen) Stiftung des Franziskanerklosters, Freiburger Kantonalbank<\/p><p><strong>IBAN CH49 0076 8300 1275 1770 9 mit Vermerk des unterst\u00fctzten Bandes.<\/strong><\/p><p>Namen und Adresse f\u00fcr die Verdankung und Spendenbescheinigung bitte nicht vergessen.<\/p>\t\t\t\t\t\t\t\t<\/div>\n\t\t\t\t<\/div>\n\t\t\t\t\t<\/div>\n\t\t\t\t<\/div>\n\t\t\t\t<\/div>","protected":false},"excerpt":{"rendered":"<p>Parrainages restauration livres Nouvel atelier de restauration Le Couvent des Cordeliers Fribourg cherche des parrains et des marraines en vue de soutenir le travail de conservation et de restauration des livres de la Biblioth\u00e8que ancienne du couvent. Les contributions sont g\u00e9r\u00e9es par la Fondation pour la r\u00e9novation et la conservation du Couvent des Cordeliers Fribourg &#8230; <a title=\"Buchpatenschaften\" class=\"read-more\" href=\"https:\/\/cordeliers.ch\/de\/parrainages-restauration-livres\/\" aria-label=\"Mehr Informationen \u00fcber Parrainages restauration livres\">Weiterlesen &#8230;<\/a><\/p>","protected":false},"author":1,"featured_media":0,"parent":0,"menu_order":0,"comment_status":"closed","ping_status":"closed","template":"elementor_header_footer","meta":{"footnotes":""},"class_list":["post-22629","page","type-page","status-publish"],"yoast_head":"<!-- This site is optimized with the Yoast SEO plugin v27.3 - https:\/\/yoast.com\/product\/yoast-seo-wordpress\/ -->\n<title>Parrainages restauration livres - cordeliers<\/title>\n<meta name=\"robots\" content=\"index, follow, max-snippet:-1, max-image-preview:large, max-video-preview:-1\" \/>\n<link rel=\"canonical\" href=\"https:\/\/cordeliers.ch\/de\/parrainages-restauration-livres\/\" \/>\n<meta property=\"og:locale\" content=\"de_DE\" \/>\n<meta property=\"og:type\" content=\"article\" \/>\n<meta property=\"og:title\" content=\"Parrainages restauration livres - cordeliers\" \/>\n<meta property=\"og:description\" content=\"Parrainages restauration livres Nouvel atelier de restauration Le Couvent des Cordeliers Fribourg cherche des parrains et des marraines en vue de soutenir le travail de conservation et de restauration des livres de la Biblioth\u00e8que ancienne du couvent. Les contributions sont g\u00e9r\u00e9es par la Fondation pour la r\u00e9novation et la conservation du Couvent des Cordeliers Fribourg ... Weiterlesen ...\" \/>\n<meta property=\"og:url\" content=\"https:\/\/cordeliers.ch\/de\/parrainages-restauration-livres\/\" \/>\n<meta property=\"og:site_name\" content=\"cordeliers\" \/>\n<meta property=\"article:modified_time\" content=\"2025-04-08T14:43:31+00:00\" \/>\n<meta property=\"og:image\" content=\"https:\/\/cordeliers.ch\/wp-content\/uploads\/2024\/11\/Atelier_nouveau-1.jpg\" \/>\n<meta name=\"twitter:card\" content=\"summary_large_image\" \/>\n<meta name=\"twitter:label1\" content=\"Gesch\u00e4tzte Lesezeit\" \/>\n\t<meta name=\"twitter:data1\" content=\"1\u00a0Minute\" \/>\n<script type=\"application\/ld+json\" class=\"yoast-schema-graph\">{\"@context\":\"https:\\\/\\\/schema.org\",\"@graph\":[{\"@type\":\"WebPage\",\"@id\":\"https:\\\/\\\/cordeliers.ch\\\/parrainages-restauration-livres\\\/\",\"url\":\"https:\\\/\\\/cordeliers.ch\\\/parrainages-restauration-livres\\\/\",\"name\":\"Parrainages restauration livres - cordeliers\",\"isPartOf\":{\"@id\":\"https:\\\/\\\/cordeliers.ch\\\/#website\"},\"primaryImageOfPage\":{\"@id\":\"https:\\\/\\\/cordeliers.ch\\\/parrainages-restauration-livres\\\/#primaryimage\"},\"image\":{\"@id\":\"https:\\\/\\\/cordeliers.ch\\\/parrainages-restauration-livres\\\/#primaryimage\"},\"thumbnailUrl\":\"https:\\\/\\\/cordeliers.ch\\\/wp-content\\\/uploads\\\/2024\\\/11\\\/Atelier_nouveau-1.jpg\",\"datePublished\":\"2024-12-19T16:07:10+00:00\",\"dateModified\":\"2025-04-08T14:43:31+00:00\",\"breadcrumb\":{\"@id\":\"https:\\\/\\\/cordeliers.ch\\\/parrainages-restauration-livres\\\/#breadcrumb\"},\"inLanguage\":\"de\",\"potentialAction\":[{\"@type\":\"ReadAction\",\"target\":[\"https:\\\/\\\/cordeliers.ch\\\/parrainages-restauration-livres\\\/\"]}]},{\"@type\":\"ImageObject\",\"inLanguage\":\"de\",\"@id\":\"https:\\\/\\\/cordeliers.ch\\\/parrainages-restauration-livres\\\/#primaryimage\",\"url\":\"https:\\\/\\\/cordeliers.ch\\\/wp-content\\\/uploads\\\/2024\\\/11\\\/Atelier_nouveau-1.jpg\",\"contentUrl\":\"https:\\\/\\\/cordeliers.ch\\\/wp-content\\\/uploads\\\/2024\\\/11\\\/Atelier_nouveau-1.jpg\"},{\"@type\":\"BreadcrumbList\",\"@id\":\"https:\\\/\\\/cordeliers.ch\\\/parrainages-restauration-livres\\\/#breadcrumb\",\"itemListElement\":[{\"@type\":\"ListItem\",\"position\":1,\"name\":\"Accueil\",\"item\":\"https:\\\/\\\/cordeliers.ch\\\/\"},{\"@type\":\"ListItem\",\"position\":2,\"name\":\"Parrainages restauration livres\"}]},{\"@type\":\"WebSite\",\"@id\":\"https:\\\/\\\/cordeliers.ch\\\/#website\",\"url\":\"https:\\\/\\\/cordeliers.ch\\\/\",\"name\":\"cordeliers\",\"description\":\"\",\"publisher\":{\"@id\":\"https:\\\/\\\/cordeliers.ch\\\/#organization\"},\"potentialAction\":[{\"@type\":\"SearchAction\",\"target\":{\"@type\":\"EntryPoint\",\"urlTemplate\":\"https:\\\/\\\/cordeliers.ch\\\/?s={search_term_string}\"},\"query-input\":{\"@type\":\"PropertyValueSpecification\",\"valueRequired\":true,\"valueName\":\"search_term_string\"}}],\"inLanguage\":\"de\"},{\"@type\":\"Organization\",\"@id\":\"https:\\\/\\\/cordeliers.ch\\\/#organization\",\"name\":\"cordeliers\",\"url\":\"https:\\\/\\\/cordeliers.ch\\\/\",\"logo\":{\"@type\":\"ImageObject\",\"inLanguage\":\"de\",\"@id\":\"https:\\\/\\\/cordeliers.ch\\\/#\\\/schema\\\/logo\\\/image\\\/\",\"url\":\"https:\\\/\\\/cordeliers.ch\\\/wp-content\\\/uploads\\\/2024\\\/11\\\/cropped-Ativa-MS-2.png\",\"contentUrl\":\"https:\\\/\\\/cordeliers.ch\\\/wp-content\\\/uploads\\\/2024\\\/11\\\/cropped-Ativa-MS-2.png\",\"width\":461,\"height\":108,\"caption\":\"cordeliers\"},\"image\":{\"@id\":\"https:\\\/\\\/cordeliers.ch\\\/#\\\/schema\\\/logo\\\/image\\\/\"}}]}<\/script>\n<!-- \/ Yoast SEO plugin. -->","yoast_head_json":{"title":"Parrainages restauration livres - cordeliers","robots":{"index":"index","follow":"follow","max-snippet":"max-snippet:-1","max-image-preview":"max-image-preview:large","max-video-preview":"max-video-preview:-1"},"canonical":"https:\/\/cordeliers.ch\/de\/parrainages-restauration-livres\/","og_locale":"de_DE","og_type":"article","og_title":"Parrainages restauration livres - cordeliers","og_description":"Parrainages restauration livres Nouvel atelier de restauration Le Couvent des Cordeliers Fribourg cherche des parrains et des marraines en vue de soutenir le travail de conservation et de restauration des livres de la Biblioth\u00e8que ancienne du couvent. Les contributions sont g\u00e9r\u00e9es par la Fondation pour la r\u00e9novation et la conservation du Couvent des Cordeliers Fribourg ... Weiterlesen ...","og_url":"https:\/\/cordeliers.ch\/de\/parrainages-restauration-livres\/","og_site_name":"cordeliers","article_modified_time":"2025-04-08T14:43:31+00:00","og_image":[{"url":"https:\/\/cordeliers.ch\/wp-content\/uploads\/2024\/11\/Atelier_nouveau-1.jpg","type":"","width":"","height":""}],"twitter_card":"summary_large_image","twitter_misc":{"Gesch\u00e4tzte Lesezeit":"1\u00a0Minute"},"schema":{"@context":"https:\/\/schema.org","@graph":[{"@type":"WebPage","@id":"https:\/\/cordeliers.ch\/parrainages-restauration-livres\/","url":"https:\/\/cordeliers.ch\/parrainages-restauration-livres\/","name":"Parrainages restauration livres - cordeliers","isPartOf":{"@id":"https:\/\/cordeliers.ch\/#website"},"primaryImageOfPage":{"@id":"https:\/\/cordeliers.ch\/parrainages-restauration-livres\/#primaryimage"},"image":{"@id":"https:\/\/cordeliers.ch\/parrainages-restauration-livres\/#primaryimage"},"thumbnailUrl":"https:\/\/cordeliers.ch\/wp-content\/uploads\/2024\/11\/Atelier_nouveau-1.jpg","datePublished":"2024-12-19T16:07:10+00:00","dateModified":"2025-04-08T14:43:31+00:00","breadcrumb":{"@id":"https:\/\/cordeliers.ch\/parrainages-restauration-livres\/#breadcrumb"},"inLanguage":"de","potentialAction":[{"@type":"ReadAction","target":["https:\/\/cordeliers.ch\/parrainages-restauration-livres\/"]}]},{"@type":"ImageObject","inLanguage":"de","@id":"https:\/\/cordeliers.ch\/parrainages-restauration-livres\/#primaryimage","url":"https:\/\/cordeliers.ch\/wp-content\/uploads\/2024\/11\/Atelier_nouveau-1.jpg","contentUrl":"https:\/\/cordeliers.ch\/wp-content\/uploads\/2024\/11\/Atelier_nouveau-1.jpg"},{"@type":"BreadcrumbList","@id":"https:\/\/cordeliers.ch\/parrainages-restauration-livres\/#breadcrumb","itemListElement":[{"@type":"ListItem","position":1,"name":"Accueil","item":"https:\/\/cordeliers.ch\/"},{"@type":"ListItem","position":2,"name":"Parrainages restauration livres"}]},{"@type":"WebSite","@id":"https:\/\/cordeliers.ch\/#website","url":"https:\/\/cordeliers.ch\/","name":"cordeliers","description":"","publisher":{"@id":"https:\/\/cordeliers.ch\/#organization"},"potentialAction":[{"@type":"SearchAction","target":{"@type":"EntryPoint","urlTemplate":"https:\/\/cordeliers.ch\/?s={search_term_string}"},"query-input":{"@type":"PropertyValueSpecification","valueRequired":true,"valueName":"search_term_string"}}],"inLanguage":"de"},{"@type":"Organization","@id":"https:\/\/cordeliers.ch\/#organization","name":"cordeliers","url":"https:\/\/cordeliers.ch\/","logo":{"@type":"ImageObject","inLanguage":"de","@id":"https:\/\/cordeliers.ch\/#\/schema\/logo\/image\/","url":"https:\/\/cordeliers.ch\/wp-content\/uploads\/2024\/11\/cropped-Ativa-MS-2.png","contentUrl":"https:\/\/cordeliers.ch\/wp-content\/uploads\/2024\/11\/cropped-Ativa-MS-2.png","width":461,"height":108,"caption":"cordeliers"},"image":{"@id":"https:\/\/cordeliers.ch\/#\/schema\/logo\/image\/"}}]}},"_links":{"self":[{"href":"https:\/\/cordeliers.ch\/de\/wp-json\/wp\/v2\/pages\/22629","targetHints":{"allow":["GET"]}}],"collection":[{"href":"https:\/\/cordeliers.ch\/de\/wp-json\/wp\/v2\/pages"}],"about":[{"href":"https:\/\/cordeliers.ch\/de\/wp-json\/wp\/v2\/types\/page"}],"author":[{"embeddable":true,"href":"https:\/\/cordeliers.ch\/de\/wp-json\/wp\/v2\/users\/1"}],"replies":[{"embeddable":true,"href":"https:\/\/cordeliers.ch\/de\/wp-json\/wp\/v2\/comments?post=22629"}],"version-history":[{"count":40,"href":"https:\/\/cordeliers.ch\/de\/wp-json\/wp\/v2\/pages\/22629\/revisions"}],"predecessor-version":[{"id":23861,"href":"https:\/\/cordeliers.ch\/de\/wp-json\/wp\/v2\/pages\/22629\/revisions\/23861"}],"wp:attachment":[{"href":"https:\/\/cordeliers.ch\/de\/wp-json\/wp\/v2\/media?parent=22629"}],"curies":[{"name":"wp","href":"https:\/\/api.w.org\/{rel}","templated":true}]}}