{"id":22603,"date":"2024-12-19T16:08:11","date_gmt":"2024-12-19T15:08:11","guid":{"rendered":"http:\/\/195.34.73.93:81\/?page_id=22603"},"modified":"2025-01-17T17:29:14","modified_gmt":"2025-01-17T16:29:14","slug":"fondation","status":"publish","type":"page","link":"https:\/\/cordeliers.ch\/de\/fondation\/","title":{"rendered":"Stiftung"},"content":{"rendered":"\t\t<div data-elementor-type=\"wp-page\" data-elementor-id=\"22603\" class=\"elementor elementor-22603\" data-elementor-post-type=\"page\">\n\t\t\t\t<div class=\"elementor-element elementor-element-bacec81 e-flex e-con-boxed wpr-particle-no wpr-jarallax-no wpr-parallax-no wpr-sticky-section-no e-con e-parent\" data-id=\"bacec81\" data-element_type=\"container\" data-e-type=\"container\">\n\t\t\t\t\t<div class=\"e-con-inner\">\n\t\t\t\t<div class=\"elementor-element elementor-element-52d9426 elementor-widget elementor-widget-heading\" data-id=\"52d9426\" data-element_type=\"widget\" data-e-type=\"widget\" data-widget_type=\"heading.default\">\n\t\t\t\t<div class=\"elementor-widget-container\">\n\t\t\t\t\t<h1 class=\"elementor-heading-title elementor-size-default\">Fondation pour la r\u00e9novation et la conservation du Couvent des Cordeliers<\/h1>\t\t\t\t<\/div>\n\t\t\t\t<\/div>\n\t\t\t\t\t<\/div>\n\t\t\t\t<\/div>\n\t\t<div class=\"elementor-element elementor-element-7846d0a e-flex e-con-boxed wpr-particle-no wpr-jarallax-no wpr-parallax-no wpr-sticky-section-no e-con e-parent\" data-id=\"7846d0a\" data-element_type=\"container\" data-e-type=\"container\">\n\t\t\t\t\t<div class=\"e-con-inner\">\n\t\t\t\t<div class=\"elementor-element elementor-element-4265c4b9 elementor-widget elementor-widget-image\" data-id=\"4265c4b9\" data-element_type=\"widget\" data-e-type=\"widget\" data-widget_type=\"image.default\">\n\t\t\t\t<div class=\"elementor-widget-container\">\n\t\t\t\t\t\t\t\t\t\t\t\t<figure class=\"wp-caption\">\n\t\t\t\t\t\t\t\t\t\t<img fetchpriority=\"high\" decoding=\"async\" width=\"550\" height=\"247\" src=\"https:\/\/cordeliers.ch\/wp-content\/uploads\/2024\/12\/Picture1.png\" class=\"attachment-large size-large wp-image-22609\" alt=\"\" srcset=\"https:\/\/cordeliers.ch\/wp-content\/uploads\/2024\/12\/Picture1.png 550w, https:\/\/cordeliers.ch\/wp-content\/uploads\/2024\/12\/Picture1-300x135.png 300w, https:\/\/cordeliers.ch\/wp-content\/uploads\/2024\/12\/Picture1-18x8.png 18w\" sizes=\"(max-width: 550px) 100vw, 550px\" \/>\t\t\t\t\t\t\t\t\t\t\t<figcaption class=\"widget-image-caption wp-caption-text\"><\/figcaption>\n\t\t\t\t\t\t\t\t\t\t<\/figure>\n\t\t\t\t\t\t\t\t\t<\/div>\n\t\t\t\t<\/div>\n\t\t\t\t<div class=\"elementor-element elementor-element-912d6e1 elementor-widget elementor-widget-text-editor\" data-id=\"912d6e1\" data-element_type=\"widget\" data-e-type=\"widget\" data-widget_type=\"text-editor.default\">\n\t\t\t\t<div class=\"elementor-widget-container\">\n\t\t\t\t\t\t\t\t\t<p>La Fondation pour la r\u00e9novation et la conservation du Couvent des Cordeliers (fondation \u00e0 but non lucratif) soutient la communaut\u00e9 des Cordeliers depuis 2012, afin de financer et de r\u00e9aliser des projets d\u2019envergure. Par le pass\u00e9, le soutien de la Fondation a permi la r\u00e9novation des b\u00e2timents du couvent ainsi que la restauration et la conservation des nombreux biens culturels du couvent. Dirig\u00e9e par un conseil de fondation compos\u00e9 de 5 membres, la Fondation a pour but de rechercher et de recevoir des dons priv\u00e9s et publics, indispensables \u00e0 la r\u00e9novation et \u00e0 la conservation du patrimoine du couvent. La fondation ne poursuit aucun but lucratif ou commercial.<\/p>\t\t\t\t\t\t\t\t<\/div>\n\t\t\t\t<\/div>\n\t\t\t\t\t<\/div>\n\t\t\t\t<\/div>\n\t\t<div class=\"elementor-element elementor-element-d6460a6 e-flex e-con-boxed wpr-particle-no wpr-jarallax-no wpr-parallax-no wpr-sticky-section-no e-con e-parent\" data-id=\"d6460a6\" data-element_type=\"container\" data-e-type=\"container\">\n\t\t\t\t\t<div class=\"e-con-inner\">\n\t\t\t\t<div class=\"elementor-element elementor-element-88cf52c elementor-widget elementor-widget-text-editor\" data-id=\"88cf52c\" data-element_type=\"widget\" data-e-type=\"widget\" data-widget_type=\"text-editor.default\">\n\t\t\t\t<div class=\"elementor-widget-container\">\n\t\t\t\t\t\t\t\t\t<h3 style=\"text-align: left;\"><b>Contact et dons <\/b><\/h3>\t\t\t\t\t\t\t\t<\/div>\n\t\t\t\t<\/div>\n\t\t\t\t<div class=\"elementor-element elementor-element-0508c73 elementor-widget elementor-widget-html\" data-id=\"0508c73\" data-element_type=\"widget\" data-e-type=\"widget\" data-widget_type=\"html.default\">\n\t\t\t\t<div class=\"elementor-widget-container\">\n\t\t\t\t\t<div>\n    <table class=\"details-table\">\n        <thead>\n            <tr>\n                <th>Information<\/th>\n                <th>D\u00e9tail<\/th>\n            <\/tr>\n        <\/thead>\n        <tbody>\n            <tr>\n                <th scope=\"row\">B\u00e9n\u00e9ficiaire<\/th>\n                <td>Fondation pour la r\u00e9novation et la conservation du Couvent des Cordeliers de Fribourg<\/td>\n            <\/tr>\n            <tr>\n                <th scope=\"row\">Adresse<\/th>\n                <td>rue de Morat 6, 1700 Fribourg<\/td>\n            <\/tr>\n            <tr>\n                <th scope=\"row\">Banque<\/th>\n                <td>Banque Cantonale de Fribourg,<br>1701 Fribourg<\/td>\n            <\/tr>\n            <tr>\n                <th scope=\"row\">IBAN<\/th>\n                <td>CH49 0076 8300 1275 1770 9<\/td>\n            <\/tr>\n        <\/tbody>\n    <\/table>\n<\/div>\n\n<style>\n    .details-table {\n        width: 100%;\n        border-collapse: collapse;\n        margin-top: 20px;\n    }\n\n    .details-table th,\n    .details-table td {\n        padding: 10px;\n        text-align: left;\n        border-bottom: 1px solid #ddd;\n    }\n\n    .details-table th {\n        background-color: #C15520;\n        color: #fff;\n    }\n\n    .details-table tr:nth-child(even) {\n        background-color: #f9f9f9;\n    }\n\n    .details-table th[scope=\"row\"] {\n        text-align: right;\n        font-weight: bold;\n        color: #575760;\n        background-color: #f3f3f3;\n    }\n<\/style>\n\t\t\t\t<\/div>\n\t\t\t\t<\/div>\n\t\t\t\t\t<\/div>\n\t\t\t\t<\/div>\n\t\t<div class=\"elementor-element elementor-element-60ac249 e-flex e-con-boxed wpr-particle-no wpr-jarallax-no wpr-parallax-no wpr-sticky-section-no e-con e-parent\" data-id=\"60ac249\" data-element_type=\"container\" data-e-type=\"container\">\n\t\t\t\t\t<div class=\"e-con-inner\">\n\t\t\t\t<div class=\"elementor-element elementor-element-ba0f098 elementor-widget elementor-widget-image\" data-id=\"ba0f098\" data-element_type=\"widget\" data-e-type=\"widget\" data-widget_type=\"image.default\">\n\t\t\t\t<div class=\"elementor-widget-container\">\n\t\t\t\t\t\t\t\t\t\t\t\t\t\t\t<img decoding=\"async\" width=\"1024\" height=\"542\" src=\"https:\/\/cordeliers.ch\/wp-content\/uploads\/2024\/12\/Picture1-1024x542.jpg\" class=\"attachment-large size-large wp-image-22616\" alt=\"\" srcset=\"https:\/\/cordeliers.ch\/wp-content\/uploads\/2024\/12\/Picture1-1024x542.jpg 1024w, https:\/\/cordeliers.ch\/wp-content\/uploads\/2024\/12\/Picture1-300x159.jpg 300w, https:\/\/cordeliers.ch\/wp-content\/uploads\/2024\/12\/Picture1-768x407.jpg 768w, https:\/\/cordeliers.ch\/wp-content\/uploads\/2024\/12\/Picture1-1536x813.jpg 1536w, https:\/\/cordeliers.ch\/wp-content\/uploads\/2024\/12\/Picture1-2048x1084.jpg 2048w, https:\/\/cordeliers.ch\/wp-content\/uploads\/2024\/12\/Picture1-18x10.jpg 18w\" sizes=\"(max-width: 1024px) 100vw, 1024px\" \/>\t\t\t\t\t\t\t\t\t\t\t\t\t\t\t<\/div>\n\t\t\t\t<\/div>\n\t\t\t\t\t<\/div>\n\t\t\t\t<\/div>\n\t\t\t\t<\/div>\n\t\t","protected":false},"excerpt":{"rendered":"<p>Fondation pour la r\u00e9novation et la conservation du Couvent des Cordeliers La Fondation pour la r\u00e9novation et la conservation du Couvent des Cordeliers (fondation \u00e0 but non lucratif) soutient la communaut\u00e9 des Cordeliers depuis 2012, afin de financer et de r\u00e9aliser des projets d\u2019envergure. Par le pass\u00e9, le soutien de la Fondation a permi la &#8230; <a title=\"Stiftung\" class=\"read-more\" href=\"https:\/\/cordeliers.ch\/de\/fondation\/\" aria-label=\"Mehr Informationen \u00fcber Fondation\">Weiterlesen &#8230;<\/a><\/p>","protected":false},"author":1,"featured_media":0,"parent":0,"menu_order":0,"comment_status":"closed","ping_status":"closed","template":"elementor_header_footer","meta":{"footnotes":""},"class_list":["post-22603","page","type-page","status-publish"],"yoast_head":"<!-- This site is optimized with the Yoast SEO plugin v27.3 - https:\/\/yoast.com\/product\/yoast-seo-wordpress\/ -->\n<title>Fondation - cordeliers<\/title>\n<meta name=\"robots\" content=\"index, follow, max-snippet:-1, max-image-preview:large, max-video-preview:-1\" \/>\n<link rel=\"canonical\" href=\"https:\/\/cordeliers.ch\/de\/fondation\/\" \/>\n<meta property=\"og:locale\" content=\"de_DE\" \/>\n<meta property=\"og:type\" content=\"article\" \/>\n<meta property=\"og:title\" content=\"Fondation - cordeliers\" \/>\n<meta property=\"og:description\" content=\"Fondation pour la r\u00e9novation et la conservation du Couvent des Cordeliers La Fondation pour la r\u00e9novation et la conservation du Couvent des Cordeliers (fondation \u00e0 but non lucratif) soutient la communaut\u00e9 des Cordeliers depuis 2012, afin de financer et de r\u00e9aliser des projets d\u2019envergure. Par le pass\u00e9, le soutien de la Fondation a permi la ... Weiterlesen ...\" \/>\n<meta property=\"og:url\" content=\"https:\/\/cordeliers.ch\/de\/fondation\/\" \/>\n<meta property=\"og:site_name\" content=\"cordeliers\" \/>\n<meta property=\"article:modified_time\" content=\"2025-01-17T16:29:14+00:00\" \/>\n<meta property=\"og:image\" content=\"https:\/\/cordeliers.ch\/wp-content\/uploads\/2024\/12\/Picture1.png\" \/>\n<meta name=\"twitter:card\" content=\"summary_large_image\" \/>\n<meta name=\"twitter:label1\" content=\"Gesch\u00e4tzte Lesezeit\" \/>\n\t<meta name=\"twitter:data1\" content=\"1\u00a0Minute\" \/>\n<script type=\"application\/ld+json\" class=\"yoast-schema-graph\">{\"@context\":\"https:\\\/\\\/schema.org\",\"@graph\":[{\"@type\":\"WebPage\",\"@id\":\"https:\\\/\\\/cordeliers.ch\\\/fondation\\\/\",\"url\":\"https:\\\/\\\/cordeliers.ch\\\/fondation\\\/\",\"name\":\"Fondation - cordeliers\",\"isPartOf\":{\"@id\":\"https:\\\/\\\/cordeliers.ch\\\/#website\"},\"primaryImageOfPage\":{\"@id\":\"https:\\\/\\\/cordeliers.ch\\\/fondation\\\/#primaryimage\"},\"image\":{\"@id\":\"https:\\\/\\\/cordeliers.ch\\\/fondation\\\/#primaryimage\"},\"thumbnailUrl\":\"https:\\\/\\\/cordeliers.ch\\\/wp-content\\\/uploads\\\/2024\\\/12\\\/Picture1.png\",\"datePublished\":\"2024-12-19T15:08:11+00:00\",\"dateModified\":\"2025-01-17T16:29:14+00:00\",\"breadcrumb\":{\"@id\":\"https:\\\/\\\/cordeliers.ch\\\/fondation\\\/#breadcrumb\"},\"inLanguage\":\"de\",\"potentialAction\":[{\"@type\":\"ReadAction\",\"target\":[\"https:\\\/\\\/cordeliers.ch\\\/fondation\\\/\"]}]},{\"@type\":\"ImageObject\",\"inLanguage\":\"de\",\"@id\":\"https:\\\/\\\/cordeliers.ch\\\/fondation\\\/#primaryimage\",\"url\":\"https:\\\/\\\/cordeliers.ch\\\/wp-content\\\/uploads\\\/2024\\\/12\\\/Picture1.png\",\"contentUrl\":\"https:\\\/\\\/cordeliers.ch\\\/wp-content\\\/uploads\\\/2024\\\/12\\\/Picture1.png\"},{\"@type\":\"BreadcrumbList\",\"@id\":\"https:\\\/\\\/cordeliers.ch\\\/fondation\\\/#breadcrumb\",\"itemListElement\":[{\"@type\":\"ListItem\",\"position\":1,\"name\":\"Accueil\",\"item\":\"https:\\\/\\\/cordeliers.ch\\\/\"},{\"@type\":\"ListItem\",\"position\":2,\"name\":\"Fondation\"}]},{\"@type\":\"WebSite\",\"@id\":\"https:\\\/\\\/cordeliers.ch\\\/#website\",\"url\":\"https:\\\/\\\/cordeliers.ch\\\/\",\"name\":\"cordeliers\",\"description\":\"\",\"publisher\":{\"@id\":\"https:\\\/\\\/cordeliers.ch\\\/#organization\"},\"potentialAction\":[{\"@type\":\"SearchAction\",\"target\":{\"@type\":\"EntryPoint\",\"urlTemplate\":\"https:\\\/\\\/cordeliers.ch\\\/?s={search_term_string}\"},\"query-input\":{\"@type\":\"PropertyValueSpecification\",\"valueRequired\":true,\"valueName\":\"search_term_string\"}}],\"inLanguage\":\"de\"},{\"@type\":\"Organization\",\"@id\":\"https:\\\/\\\/cordeliers.ch\\\/#organization\",\"name\":\"cordeliers\",\"url\":\"https:\\\/\\\/cordeliers.ch\\\/\",\"logo\":{\"@type\":\"ImageObject\",\"inLanguage\":\"de\",\"@id\":\"https:\\\/\\\/cordeliers.ch\\\/#\\\/schema\\\/logo\\\/image\\\/\",\"url\":\"https:\\\/\\\/cordeliers.ch\\\/wp-content\\\/uploads\\\/2024\\\/11\\\/cropped-Ativa-MS-2.png\",\"contentUrl\":\"https:\\\/\\\/cordeliers.ch\\\/wp-content\\\/uploads\\\/2024\\\/11\\\/cropped-Ativa-MS-2.png\",\"width\":461,\"height\":108,\"caption\":\"cordeliers\"},\"image\":{\"@id\":\"https:\\\/\\\/cordeliers.ch\\\/#\\\/schema\\\/logo\\\/image\\\/\"}}]}<\/script>\n<!-- \/ Yoast SEO plugin. -->","yoast_head_json":{"title":"Fondation - cordeliers","robots":{"index":"index","follow":"follow","max-snippet":"max-snippet:-1","max-image-preview":"max-image-preview:large","max-video-preview":"max-video-preview:-1"},"canonical":"https:\/\/cordeliers.ch\/de\/fondation\/","og_locale":"de_DE","og_type":"article","og_title":"Fondation - cordeliers","og_description":"Fondation pour la r\u00e9novation et la conservation du Couvent des Cordeliers La Fondation pour la r\u00e9novation et la conservation du Couvent des Cordeliers (fondation \u00e0 but non lucratif) soutient la communaut\u00e9 des Cordeliers depuis 2012, afin de financer et de r\u00e9aliser des projets d\u2019envergure. Par le pass\u00e9, le soutien de la Fondation a permi la ... Weiterlesen ...","og_url":"https:\/\/cordeliers.ch\/de\/fondation\/","og_site_name":"cordeliers","article_modified_time":"2025-01-17T16:29:14+00:00","og_image":[{"url":"https:\/\/cordeliers.ch\/wp-content\/uploads\/2024\/12\/Picture1.png","type":"","width":"","height":""}],"twitter_card":"summary_large_image","twitter_misc":{"Gesch\u00e4tzte Lesezeit":"1\u00a0Minute"},"schema":{"@context":"https:\/\/schema.org","@graph":[{"@type":"WebPage","@id":"https:\/\/cordeliers.ch\/fondation\/","url":"https:\/\/cordeliers.ch\/fondation\/","name":"Fondation - cordeliers","isPartOf":{"@id":"https:\/\/cordeliers.ch\/#website"},"primaryImageOfPage":{"@id":"https:\/\/cordeliers.ch\/fondation\/#primaryimage"},"image":{"@id":"https:\/\/cordeliers.ch\/fondation\/#primaryimage"},"thumbnailUrl":"https:\/\/cordeliers.ch\/wp-content\/uploads\/2024\/12\/Picture1.png","datePublished":"2024-12-19T15:08:11+00:00","dateModified":"2025-01-17T16:29:14+00:00","breadcrumb":{"@id":"https:\/\/cordeliers.ch\/fondation\/#breadcrumb"},"inLanguage":"de","potentialAction":[{"@type":"ReadAction","target":["https:\/\/cordeliers.ch\/fondation\/"]}]},{"@type":"ImageObject","inLanguage":"de","@id":"https:\/\/cordeliers.ch\/fondation\/#primaryimage","url":"https:\/\/cordeliers.ch\/wp-content\/uploads\/2024\/12\/Picture1.png","contentUrl":"https:\/\/cordeliers.ch\/wp-content\/uploads\/2024\/12\/Picture1.png"},{"@type":"BreadcrumbList","@id":"https:\/\/cordeliers.ch\/fondation\/#breadcrumb","itemListElement":[{"@type":"ListItem","position":1,"name":"Accueil","item":"https:\/\/cordeliers.ch\/"},{"@type":"ListItem","position":2,"name":"Fondation"}]},{"@type":"WebSite","@id":"https:\/\/cordeliers.ch\/#website","url":"https:\/\/cordeliers.ch\/","name":"cordeliers","description":"","publisher":{"@id":"https:\/\/cordeliers.ch\/#organization"},"potentialAction":[{"@type":"SearchAction","target":{"@type":"EntryPoint","urlTemplate":"https:\/\/cordeliers.ch\/?s={search_term_string}"},"query-input":{"@type":"PropertyValueSpecification","valueRequired":true,"valueName":"search_term_string"}}],"inLanguage":"de"},{"@type":"Organization","@id":"https:\/\/cordeliers.ch\/#organization","name":"cordeliers","url":"https:\/\/cordeliers.ch\/","logo":{"@type":"ImageObject","inLanguage":"de","@id":"https:\/\/cordeliers.ch\/#\/schema\/logo\/image\/","url":"https:\/\/cordeliers.ch\/wp-content\/uploads\/2024\/11\/cropped-Ativa-MS-2.png","contentUrl":"https:\/\/cordeliers.ch\/wp-content\/uploads\/2024\/11\/cropped-Ativa-MS-2.png","width":461,"height":108,"caption":"cordeliers"},"image":{"@id":"https:\/\/cordeliers.ch\/#\/schema\/logo\/image\/"}}]}},"_links":{"self":[{"href":"https:\/\/cordeliers.ch\/de\/wp-json\/wp\/v2\/pages\/22603","targetHints":{"allow":["GET"]}}],"collection":[{"href":"https:\/\/cordeliers.ch\/de\/wp-json\/wp\/v2\/pages"}],"about":[{"href":"https:\/\/cordeliers.ch\/de\/wp-json\/wp\/v2\/types\/page"}],"author":[{"embeddable":true,"href":"https:\/\/cordeliers.ch\/de\/wp-json\/wp\/v2\/users\/1"}],"replies":[{"embeddable":true,"href":"https:\/\/cordeliers.ch\/de\/wp-json\/wp\/v2\/comments?post=22603"}],"version-history":[{"count":58,"href":"https:\/\/cordeliers.ch\/de\/wp-json\/wp\/v2\/pages\/22603\/revisions"}],"predecessor-version":[{"id":23867,"href":"https:\/\/cordeliers.ch\/de\/wp-json\/wp\/v2\/pages\/22603\/revisions\/23867"}],"wp:attachment":[{"href":"https:\/\/cordeliers.ch\/de\/wp-json\/wp\/v2\/media?parent=22603"}],"curies":[{"name":"wp","href":"https:\/\/api.w.org\/{rel}","templated":true}]}}