{"id":22589,"date":"2024-12-19T14:56:36","date_gmt":"2024-12-19T13:56:36","guid":{"rendered":"http:\/\/195.34.73.93:81\/?page_id=22589"},"modified":"2025-02-27T16:27:07","modified_gmt":"2025-02-27T15:27:07","slug":"saint-francois-assise","status":"publish","type":"page","link":"https:\/\/cordeliers.ch\/de\/saint-francois-assise\/","title":{"rendered":"Franziskus"},"content":{"rendered":"<div class=\"gb-container gb-container-364c06b5\">\n\n<figure class=\"gb-block-image gb-block-image-44301fec\"><img fetchpriority=\"high\" decoding=\"async\" width=\"665\" height=\"500\" class=\"gb-image gb-image-44301fec\" src=\"https:\/\/cordeliers.ch\/wp-content\/uploads\/2024\/12\/image.jpg\" alt=\"\" srcset=\"https:\/\/cordeliers.ch\/wp-content\/uploads\/2024\/12\/image.jpg 665w, https:\/\/cordeliers.ch\/wp-content\/uploads\/2024\/12\/image-300x226.jpg 300w, https:\/\/cordeliers.ch\/wp-content\/uploads\/2024\/12\/image-16x12.jpg 16w\" sizes=\"(max-width: 665px) 100vw, 665px\" \/><\/figure>\n\n<\/div>\n\n<div class=\"gb-container gb-container-7930b6fd alignwide\">\n<div class=\"gb-container gb-container-f03eefb7 alignwide\">\n\n<h1 class=\"wp-block-heading alignwide has-text-align-center has-var-accent-2-color has-text-color\">Heiliger Franz von Assisi, sein Leben (Details)<\/h1>\n\n\n<div class=\"gb-container gb-container-5690b317\">\n\n<p class=\"has-medium-font-size\">Franz von Assisi (1181-1226)<\/p>\n\n\n\n<div class=\"wp-block-media-text has-media-on-the-right is-stacked-on-mobile\" style=\"grid-template-columns:auto 45%\"><div class=\"wp-block-media-text__content\">\n<h3 class=\"gb-headline gb-headline-8e0ab991 gb-headline-text\">In Assisi geboren<\/h3>\n\n\n\n<p class=\"has-medium-font-size translation-block\">Franz von Assisi wurde 1181 oder 1182 in Assisi geboren.\nEr entstammt einer wohlhabenden Familie, da sein Vater Pietro Bernardone Tuchh\u00e4ndler war. Seine Mutter, die den Beinamen \u201eDonna Pica\u201c hatte, sorgte sich um ihre S\u00f6hne, und war f\u00fcr Franziskus ein wichtiger Halt in seinem Leben.\nEigentlich auf den Namen Giovanni (deutsch: Johannes) getauft, gab ihm sein Vater \u2013 der sich zum Zeitpunkt der Geburt auf einer Handelsreise in Frankreich befunden hatte \u2013 nach seiner R\u00fcckkehr den Rufnamen Francesco (Franzose).<\/p>\n<\/div><figure class=\"wp-block-media-text__media\"><img decoding=\"async\" width=\"1024\" height=\"683\" src=\"https:\/\/cordeliers.ch\/wp-content\/uploads\/2024\/12\/img-1687-1024x683-1.jpg\" alt=\"\" class=\"wp-image-22593 size-full\" srcset=\"https:\/\/cordeliers.ch\/wp-content\/uploads\/2024\/12\/img-1687-1024x683-1.jpg 1024w, https:\/\/cordeliers.ch\/wp-content\/uploads\/2024\/12\/img-1687-1024x683-1-300x200.jpg 300w, https:\/\/cordeliers.ch\/wp-content\/uploads\/2024\/12\/img-1687-1024x683-1-768x512.jpg 768w, https:\/\/cordeliers.ch\/wp-content\/uploads\/2024\/12\/img-1687-1024x683-1-18x12.jpg 18w\" sizes=\"(max-width: 1024px) 100vw, 1024px\" \/><\/figure><\/div>\n\n\n\n<p class=\"has-medium-font-size\">In der Pfarre San Giorgio erhielt Franz seine Ausbildung: Gemeinsam mit S\u00f6hnen anderer wohlhabender Familien, erlernt er das Lesen, Schreiben und Rechnen, sicherlich aber auch einige Grundkenntnisse in Latein. Sein Vater sorgte daf\u00fcr, dass er m\u00f6glichst bald mit den Usancen eines Kaufmannes vertraut wurde. Wir k\u00f6nnen davon ausgehen, dass Franz seinen Vater auf so mancher Reise begleitet hat.<\/p>\n\n\n\n<div class=\"wp-block-cover has-parallax is-repeated\"><span aria-hidden=\"true\" class=\"wp-block-cover__background has-background-dim\"><\/span><div class=\"wp-block-cover__image-background wp-image-22594 has-parallax is-repeated\" style=\"background-position:50% 50%;background-image:url(https:\/\/cordeliers.ch\/wp-content\/uploads\/2024\/12\/pfarrwallfahrt-2016-34-1.jpg)\"><\/div><div class=\"wp-block-cover__inner-container is-layout-flow wp-block-cover-is-layout-flow\">\n<h3 class=\"gb-headline gb-headline-7b6655f3 gb-headline-text\">Lebenslustig und spendabel<\/h3>\n\n\n\n<p class=\"has-medium-font-size\">Franz galt als sehr lebenslustig und spendabel, wie es auch seine Biographen best\u00e4tigen. Er organisierte Feste und erwarb dadurch grosses Ansehen und Beliebtheit, was seinem Vater Freude bereitete!\nGetrieben vom Streben nach Ruhm und dem Wunsch Ritter zu werden, gab es einen f\u00fcr sein sp\u00e4teres Leben entscheidenden Moment: Im November 1202 zog er mit Assisi in einen Krieg gegen die Nachbarstadt Perugia, wobei Assisi unterlag (Gefecht bei Collestrada). Doch statt des erw\u00fcnschten Erfolges, musste der junge Mann aus Assisi die bittere Erfahrung der Gefangenschaft, der Dem\u00fctigung des Kerkers und der Krankheit machen. Nach fast \u00fcber einem Jahr kamer erst wieder frei. Sein Jugendtraum, Ritter zu werden, und sein unbek\u00fcmmertes Leben waren durch das Erleben des Krieges in Frage gestellt worden. Als er freikam, war er krank und innerlich zutiefst ersch\u00fcttert.\nAls Walter III von Brienne, ein Lehnsmann des Papstes, 1204 oder 1205 einen Kriegszug nach Apulien in S\u00fcditalien vorbereitete, um dort f\u00fcr den Papst die Herrschaft gegen die Staufer wiederzugewinnen, machte Franziskus sich mit Pferd und R\u00fcstung auf den Weg nach Apulien, um sich dem papsttreuen Ritter anzuschliessen, kehrte aber um, als er noch auf dem Weg dorthin war. Seinen Biographen zufolge, war Franziskus von Gott im Traum aufgerufen worden, sich statt in den Dienst eines weltlichen Ritters in den Dienst Gottes zu stellen \u2013 lesen wir dar\u00fcber in Thomas von Celano:<br>\u201eWer kann dir Besseres geben? Der Herr oder der Knecht\u201c<br>Franz antwortet: \u201eDer Herr!\u201c<br>Darauf die Stimme: \u201eWarum dienst du dem Knecht statt dem Herrn?\u201c<br>Franz: \u201eWas willst du Herr, das ich tun soll?\u201c<br>Der Herr: \u201eKehre zur\u00fcck in deine Heimat, denn ich will dein Gesicht in geistlicher Weise erf\u00fcllen.\u201c<\/p>\n<\/div><\/div>\n\n\n\n<h3 class=\"gb-headline gb-headline-d6c6c989 gb-headline-text\">Lebenserfahrungen<\/h3>\n\n\n\n<p class=\"has-medium-font-size\">Ein weitere zun\u00e4chst einmal bittere Erfahrung f\u00fcr den Lebensk\u00fcnstler Franziskus: Der einst bejubelte \u201eK\u00f6nig der Feste\u201c, wurde belacht, verspottet, ja sogar beschimpft. Franz zog die Konsequenzen und zog sich in der folgenden Zeit zunehmend aus seinem Freundeskreis zur\u00fcck und suchte die Einsamkeit. 1205 oder 1206 unternahm er eine Wallfahrt nach Rom, auf der er der Legende nach mit einem Bettler die Kleidung tauschte, um das Leben in vollkommener Armut \u201eauszuprobieren\u201c. Sein Verhalten brachte ihn in Konflikt mit seinem Vater, der mit seinem \u00e4ltesten Sohn grosse Pl\u00e4ne hatte und es nicht duldete, dass er Waren aus dem Laden als Almosen gab.<br>Im Nachhinein verstand Franziskus, dass Gott ihn zu rufen begann \u2013 in die g\u00e4hnende Leere zerplatzter Tr\u00e4ume, nahm Gottes Liebe Platz ein und begann seinen Traum mit Franziskus zu verwirklichen: Ein Traum, der bis heute weilt!<\/p>\n\n\n\n<p class=\"has-medium-font-size\">Beim Gebet in San Damiano, etwa im Jahr 1205, f\u00fchlte sich Franz von der dortigen Kreuzikone her pers\u00f6nlich angesprochen. Die Legende berichtet, Christi Stimme habe zu ihm gesprochen:<\/p>\n\n\n\n<p class=\"has-medium-font-size\">\u201eFranziskus, geh und baue mein Haus wieder auf, das, wie du siehst, ganz und gar in Verfall ger\u00e4t.\u201c (nach II Cel 10).<\/p>\n\n\n\n<p class=\"has-medium-font-size\">W\u00f6rtlich diesem Auftrag folgend, begann der sich im Umbruch befindliche Franzikus die kleine romanische Kirche eigenh\u00e4ndig wiederherzustellen; sp\u00e4ter folgten die Kirchen San Pietro della Spina (eine heute nicht mehr vorhandene Kirche), sowie die etwa drei Kilometer von Assisi entfernte Kapelle Santa Maria degli Angeli, die unter dem Namen Portiuncula bekannt ist.<\/p>\n\n\n\n<p class=\"has-medium-font-size\">Es kam, wie es kommen musste: Der Streit mit dem Vater war vorprogrammiert, doch Franziskus liess sich nicht beirren. Franziskus verzichtete auf sein Erbe und sagte sich von seinem Vater mit den Worten los:<\/p>\n\n\n\n<p class=\"has-medium-font-size\">\u201eBis heute habe ich dich meinen Vater genannt auf dieser Erde; von nun an will ich sagen: \u00bbVater, der du bist im Himmel\u00ab.\u201c<br>Innerlich befreit, ging Franziskus seiner Berufung nach und lebte nach dem Evangelium. Er ging um Essen bettelnd von Haus zu Haus. Wie er selbst sagte, wurde sein Leben v\u00f6llig auf den Kopf gestellt: Was ihm vorher als bitter erschien, wurde ihm zur Freude \u2013 wie die Pflege der Auss\u00e4tzigen, der er sich hingab.<\/p>\n\n\n\n<p class=\"has-medium-font-size\">All das blieb nicht ohne Folgen. Waren die Leute am Anfang gereizt, verwirrt, bis hin zur Bereitschaft den eigenen Mitb\u00fcrger zu verspotten, begannen sich einige von ihnen zu besinnen. Das Leben des Franziskus liess sie nicht unger\u00fchrt, es sprach sie an. Nach und nach schlossen sich M\u00e4nner und Frauen an, um auch das Leben des \u201ePoverello\u201c (wegen seiner Art die Armut mit Freude anzunehmen) zu leben. Im Evangelium fanden sie ihre Lebensregel, in der Gemeinschaft und im Gebet die n\u00f6tige Kraft und Ausdauer, vor allem aber die Freude am neuen Leben!<br>Franziskus hatte nach eigenen Angaben nicht vor, einen Orden zu gr\u00fcnden. Er schreibt in seinem Testament:<br>\u201eUnd nachdem mir der Herr Br\u00fcder gegeben hat, zeigte mir niemand, was ich zu tun h\u00e4tte, sondern der H\u00f6chste selbst hat mir geoffenbart, dass ich nach der Vorschrift des heiligen Evangeliums leben sollte\u201c. (Testament 14,8). <\/p>\n\n\n\n<p class=\"has-medium-font-size\">Lebten die Br\u00fcder anfangs zun\u00e4chst in einer H\u00fctte in Rivotorto, dem ersten Ort der Rivotortofranziskanischen Gemeinschaft!), \u00fcbergab der Abt der Benediktinerabtei am Monte Subasio den Br\u00fcdern 1208 das Kirchlein Portiuncula. Doch bald wurde es notwendig, sich einer konkreten Regel zu leben.<br>1209 ging Franz mit seinen ersten zw\u00f6lf Gef\u00e4hrten \u2013 die Zahl hat er selbst oder sein Biograph wohl bewusst gew\u00e4hlt, um auf die zw\u00f6lf Apostel anzuspielen \u2013 nach Rom, um von Papst Innozenz III. die Best\u00e4tigung der Lebensweise ihrer kleinen Gemeinschaft zu erbitten. Nach einigem \u00dcberlegen, gab der Papst der kleinen Gemeinschaft um Franz zumindest die m\u00fcndliche und vermutlich probeweise erteilte Erlaubnis, nach ihrer Regel in Armut zu leben und Busse zu predigen. Hierzu trug bei, dass Franz F\u00fcrsprecher an der Kurie, also in den p\u00e4pstlichen Beh\u00f6rden fand, besonders Kardinal Ugolino von Ostia.<br>Mit grosse Freude ob der Regelbest\u00e4tigung, begannen die Br\u00fcder mit Einfachheit, Behutsamkeit, vor allem mit \u00dcberzeugung die Frohe Botschaft zu bekennen. Assisi wurde zum Zentrum ihres Wirkens, von wo aus sie in alle Richtungen gingen, um zu predigen und die Leute mit dem urfranziskanischen Wunsch von \u201ePax et Bonum\u201c (Friede und Wohlergehen) zur Umkehr und zum Vertrauen in Gott ermunterten.<\/p>\n\n\n\n<h3 class=\"gb-headline gb-headline-3697534c gb-headline-text\">Weitere wichtige Momente<\/h3>\n\n\n\n<p class=\"has-medium-font-size\">Mit der Abgabe der Ordensleitung zog sich Franziskus nach Lage der Quellen innerlich aus der Gemeinschaft zur\u00fcck, worunter er sehr litt. Er verfasste schliesslich auf Anweisung der r\u00f6mischen Kurie 1223 in der Einsiedelei Fonte Colombo widerwillig eine dritte, die letzte Version der franziskanischen Ordensregel. Diese Regel wurde auf dem Pfingstkapitel \u2013 so hiess die Ordensversammlung \u2013 im Juni 1223 diskutiert, und Papst Honorius III. genehmigte mit der Bulle \u201eSolet annuere\u201c die bullierte Regel am 29. November desselben Jahres. Aus diesem Grund feiert unser Orden das \u201eFest aller franziskanischen Heiligen\u201c am 29. November und die Br\u00fcder erneuern das Versprechen ihrer Gel\u00fcbde.<br>Als sich Franziskus im Sp\u00e4tsommer des Jahres 1224 auf den Berg La Verna zur\u00fcckzog, wo er seit 1212 eine kleine Felsnische als Einsiedelei benutzte, wurden bei ihm nach Aussage der Biographen Wundmale sichtbar, die die \u00e4ltesten Quellen als Einpr\u00e4gung der Wundmale Christi deuten. Dies gilt als der erste \u00fcberlieferte Fall einer Stigmatisation. Als Tag dieses Ereignisses wird in den Biographien der 17. September 1224 angegeben, drei Tage nach dem Fest der Kreuzerh\u00f6hung.<\/p>\n\n\n\n<p class=\"has-medium-font-size\">Seit seinem Orientaufenthalt war Franziskus durch eine Augenkrankheit nach und nach erblindet, ausserdem \u2013 vermutlich durch sein \u00fcbertriebenes Fasten \u2013 stark geschw\u00e4cht. Im Herbst 1226 lud der Bischof von Assisi ihn in seinen Palast ein. Zwei Tage vor seinem Tod liess Franziskus sich jedoch zur Portiuncula-Kirche tragen. Seine Beweggr\u00fcnde werden von Celano so interpretiert, dass er an seinem bevorzugten Ort sterben wollte, wo die Bewegung der Br\u00fcder ihren Anfang genommen hatte. Wahrscheinlich w\u00fcnschte er auch, dort begraben zu werden. Celano \u00fcberliefert, die B\u00fcrger von Assisi h\u00e4tten seinen Leichnam jedoch unmittelbar nach seinem Tod nach Assisi hineintragen lassen, da sie bef\u00fcrchteten, dass sich die B\u00fcrger des benachbarten und verfeindeten Perugia seines Leichnams bem\u00e4chtigen w\u00fcrden. Weil Franziskus schon zu Lebzeiten als Heiliger galt, erwartete der Magistrat der Stadt Assisi aus seiner \u00f6ffentlichen Verehrung auch politischen Nutzen.<\/p>\n\n\n\n<p class=\"has-medium-font-size\">Franziskus, so berichten uns die Biographen, wollte nackt auf die Erde gelegt zu werden, um seine Treue zur \u201eHerrin Armut\u201c zu verdeutlichen. Dann habe er sich das Evangelium von Jesu Leiden und Sterben vorlesen lassen. Bei seinem Tod schliesslich sollen der Legende nach Lerchen zu einer f\u00fcr sie ungew\u00f6hnlichen Tageszeit aufgeflogen sein.<br>Weil Franz am Vorabend des 4. Oktober starb und dieser nach damaliger Zeitrechnung nicht mehr zum 3. Oktober z\u00e4hlte, wird sein Fest von der katholischen Kirche am 4. Oktober gefeiert.<br>Schon 1228 \u2013 am 16. Juli \u2013 wurde er von Papst Gregor IX. heiliggesprochen, und seit 1230 liegen seine Gebeine in der Unterkirche der <a href=\"https:\/\/sanfrancescoassisi.org\/html\/ita\/index.php\" data-type=\"link\" data-id=\"https:\/\/sanfrancescoassisi.org\/html\/ita\/index.php\">Basilika San Francesco<\/a> in Assisi.<\/p>\n\n<\/div>\n<\/div>\n<\/div>\n\n<div class=\"gb-container gb-container-1fa89e6f alignwide\">\n\n<h3 class=\"gb-headline gb-headline-f7207de2 gb-headline-text\">Ben\u00f6tigen Sie weitere Informationen? Kontaktieren Sie uns, wir h\u00f6ren Ihnen gerne zu!<\/h3>\n\n\n\n<a class=\"gb-button gb-button-0185bd79\" href=\"https:\/\/cordeliers.ch\/de\/contact\/\"><span class=\"gb-button-text\">Kontaktieren Sie uns<\/span><span class=\"gb-icon\"><svg aria-hidden=\"true\" data-prefix=\"fas\" data-icon=\"long-arrow-alt-right\" class=\"svg-inline--fa fa-long-arrow-alt-right fa-w-14\" xmlns=\"http:\/\/www.w3.org\/2000\/svg\" viewbox=\"0 0 448 512\"><path fill=\"currentColor\" d=\"M313.941 216H12c-6.627 0-12 5.373-12 12v56c0 6.627 5.373 12 12 12h301.941v46.059c0 21.382 25.851 32.09 40.971 16.971l86.059-86.059c9.373-9.373 9.373-24.569 0-33.941l-86.059-86.059c-15.119-15.119-40.971-4.411-40.971 16.971V216z\"><\/path><\/svg><\/span><\/a>\n\n<\/div>\n\n\n<p><\/p>","protected":false},"excerpt":{"rendered":"<p>Saint Fran\u00e7ois d&rsquo;Assise, sa vie (d\u00e9tails) Fran\u00e7ois d&rsquo;Assise (1181-1226) N\u00e9 \u00e0 Assise Fran\u00e7ois d&rsquo;Assise est n\u00e9 \u00e0 Assise en 1181 ou 1182.Il est issu d&rsquo;une famille ais\u00e9e, son p\u00e8re Pietro Bernardone \u00e9tant marchand de tissus. Sa m\u00e8re, surnomm\u00e9e \u00ab Donna Pica \u00bb, s&rsquo;occupait de ses fils et fut pour Fran\u00e7ois un soutien important dans sa &#8230; <a title=\"Franziskus\" class=\"read-more\" href=\"https:\/\/cordeliers.ch\/de\/saint-francois-assise\/\" aria-label=\"Mehr Informationen \u00fcber Saint-Fran\u00e7ois d\u2019Assise\">Weiterlesen &#8230;<\/a><\/p>","protected":false},"author":1,"featured_media":0,"parent":0,"menu_order":0,"comment_status":"closed","ping_status":"closed","template":"elementor_header_footer","meta":{"footnotes":""},"class_list":["post-22589","page","type-page","status-publish"],"yoast_head":"<!-- This site is optimized with the Yoast SEO plugin v27.3 - https:\/\/yoast.com\/product\/yoast-seo-wordpress\/ -->\n<title>Saint-Fran\u00e7ois d\u2019Assise - cordeliers<\/title>\n<meta name=\"robots\" content=\"index, follow, max-snippet:-1, max-image-preview:large, max-video-preview:-1\" \/>\n<link rel=\"canonical\" href=\"https:\/\/cordeliers.ch\/de\/saint-francois-assise\/\" \/>\n<meta property=\"og:locale\" content=\"de_DE\" \/>\n<meta property=\"og:type\" content=\"article\" \/>\n<meta property=\"og:title\" content=\"Saint-Fran\u00e7ois d\u2019Assise - cordeliers\" \/>\n<meta property=\"og:description\" content=\"Saint Fran\u00e7ois d&rsquo;Assise, sa vie (d\u00e9tails) Fran\u00e7ois d&rsquo;Assise (1181-1226) N\u00e9 \u00e0 Assise Fran\u00e7ois d&rsquo;Assise est n\u00e9 \u00e0 Assise en 1181 ou 1182.Il est issu d&rsquo;une famille ais\u00e9e, son p\u00e8re Pietro Bernardone \u00e9tant marchand de tissus. Sa m\u00e8re, surnomm\u00e9e \u00ab Donna Pica \u00bb, s&rsquo;occupait de ses fils et fut pour Fran\u00e7ois un soutien important dans sa ... Weiterlesen ...\" \/>\n<meta property=\"og:url\" content=\"https:\/\/cordeliers.ch\/de\/saint-francois-assise\/\" \/>\n<meta property=\"og:site_name\" content=\"cordeliers\" \/>\n<meta property=\"article:modified_time\" content=\"2025-02-27T15:27:07+00:00\" \/>\n<meta property=\"og:image\" content=\"https:\/\/cordeliers.ch\/wp-content\/uploads\/2024\/12\/image.jpg\" \/>\n<meta name=\"twitter:card\" content=\"summary_large_image\" \/>\n<meta name=\"twitter:label1\" content=\"Gesch\u00e4tzte Lesezeit\" \/>\n\t<meta name=\"twitter:data1\" content=\"9\u00a0Minuten\" \/>\n<script type=\"application\/ld+json\" class=\"yoast-schema-graph\">{\"@context\":\"https:\\\/\\\/schema.org\",\"@graph\":[{\"@type\":\"WebPage\",\"@id\":\"https:\\\/\\\/cordeliers.ch\\\/saint-francois-assise\\\/\",\"url\":\"https:\\\/\\\/cordeliers.ch\\\/saint-francois-assise\\\/\",\"name\":\"Saint-Fran\u00e7ois d\u2019Assise - cordeliers\",\"isPartOf\":{\"@id\":\"https:\\\/\\\/cordeliers.ch\\\/#website\"},\"primaryImageOfPage\":{\"@id\":\"https:\\\/\\\/cordeliers.ch\\\/saint-francois-assise\\\/#primaryimage\"},\"image\":{\"@id\":\"https:\\\/\\\/cordeliers.ch\\\/saint-francois-assise\\\/#primaryimage\"},\"thumbnailUrl\":\"https:\\\/\\\/cordeliers.ch\\\/wp-content\\\/uploads\\\/2024\\\/12\\\/image.jpg\",\"datePublished\":\"2024-12-19T13:56:36+00:00\",\"dateModified\":\"2025-02-27T15:27:07+00:00\",\"breadcrumb\":{\"@id\":\"https:\\\/\\\/cordeliers.ch\\\/saint-francois-assise\\\/#breadcrumb\"},\"inLanguage\":\"de\",\"potentialAction\":[{\"@type\":\"ReadAction\",\"target\":[\"https:\\\/\\\/cordeliers.ch\\\/saint-francois-assise\\\/\"]}]},{\"@type\":\"ImageObject\",\"inLanguage\":\"de\",\"@id\":\"https:\\\/\\\/cordeliers.ch\\\/saint-francois-assise\\\/#primaryimage\",\"url\":\"https:\\\/\\\/cordeliers.ch\\\/wp-content\\\/uploads\\\/2024\\\/12\\\/image.jpg\",\"contentUrl\":\"https:\\\/\\\/cordeliers.ch\\\/wp-content\\\/uploads\\\/2024\\\/12\\\/image.jpg\"},{\"@type\":\"BreadcrumbList\",\"@id\":\"https:\\\/\\\/cordeliers.ch\\\/saint-francois-assise\\\/#breadcrumb\",\"itemListElement\":[{\"@type\":\"ListItem\",\"position\":1,\"name\":\"Accueil\",\"item\":\"https:\\\/\\\/cordeliers.ch\\\/\"},{\"@type\":\"ListItem\",\"position\":2,\"name\":\"Saint-Fran\u00e7ois d\u2019Assise\"}]},{\"@type\":\"WebSite\",\"@id\":\"https:\\\/\\\/cordeliers.ch\\\/#website\",\"url\":\"https:\\\/\\\/cordeliers.ch\\\/\",\"name\":\"cordeliers\",\"description\":\"\",\"publisher\":{\"@id\":\"https:\\\/\\\/cordeliers.ch\\\/#organization\"},\"potentialAction\":[{\"@type\":\"SearchAction\",\"target\":{\"@type\":\"EntryPoint\",\"urlTemplate\":\"https:\\\/\\\/cordeliers.ch\\\/?s={search_term_string}\"},\"query-input\":{\"@type\":\"PropertyValueSpecification\",\"valueRequired\":true,\"valueName\":\"search_term_string\"}}],\"inLanguage\":\"de\"},{\"@type\":\"Organization\",\"@id\":\"https:\\\/\\\/cordeliers.ch\\\/#organization\",\"name\":\"cordeliers\",\"url\":\"https:\\\/\\\/cordeliers.ch\\\/\",\"logo\":{\"@type\":\"ImageObject\",\"inLanguage\":\"de\",\"@id\":\"https:\\\/\\\/cordeliers.ch\\\/#\\\/schema\\\/logo\\\/image\\\/\",\"url\":\"https:\\\/\\\/cordeliers.ch\\\/wp-content\\\/uploads\\\/2024\\\/11\\\/cropped-Ativa-MS-2.png\",\"contentUrl\":\"https:\\\/\\\/cordeliers.ch\\\/wp-content\\\/uploads\\\/2024\\\/11\\\/cropped-Ativa-MS-2.png\",\"width\":461,\"height\":108,\"caption\":\"cordeliers\"},\"image\":{\"@id\":\"https:\\\/\\\/cordeliers.ch\\\/#\\\/schema\\\/logo\\\/image\\\/\"}}]}<\/script>\n<!-- \/ Yoast SEO plugin. -->","yoast_head_json":{"title":"Saint-Fran\u00e7ois d\u2019Assise - cordeliers","robots":{"index":"index","follow":"follow","max-snippet":"max-snippet:-1","max-image-preview":"max-image-preview:large","max-video-preview":"max-video-preview:-1"},"canonical":"https:\/\/cordeliers.ch\/de\/saint-francois-assise\/","og_locale":"de_DE","og_type":"article","og_title":"Saint-Fran\u00e7ois d\u2019Assise - cordeliers","og_description":"Saint Fran\u00e7ois d&rsquo;Assise, sa vie (d\u00e9tails) Fran\u00e7ois d&rsquo;Assise (1181-1226) N\u00e9 \u00e0 Assise Fran\u00e7ois d&rsquo;Assise est n\u00e9 \u00e0 Assise en 1181 ou 1182.Il est issu d&rsquo;une famille ais\u00e9e, son p\u00e8re Pietro Bernardone \u00e9tant marchand de tissus. Sa m\u00e8re, surnomm\u00e9e \u00ab Donna Pica \u00bb, s&rsquo;occupait de ses fils et fut pour Fran\u00e7ois un soutien important dans sa ... Weiterlesen ...","og_url":"https:\/\/cordeliers.ch\/de\/saint-francois-assise\/","og_site_name":"cordeliers","article_modified_time":"2025-02-27T15:27:07+00:00","og_image":[{"url":"https:\/\/cordeliers.ch\/wp-content\/uploads\/2024\/12\/image.jpg","type":"","width":"","height":""}],"twitter_card":"summary_large_image","twitter_misc":{"Gesch\u00e4tzte Lesezeit":"9\u00a0Minuten"},"schema":{"@context":"https:\/\/schema.org","@graph":[{"@type":"WebPage","@id":"https:\/\/cordeliers.ch\/saint-francois-assise\/","url":"https:\/\/cordeliers.ch\/saint-francois-assise\/","name":"Saint-Fran\u00e7ois d\u2019Assise - cordeliers","isPartOf":{"@id":"https:\/\/cordeliers.ch\/#website"},"primaryImageOfPage":{"@id":"https:\/\/cordeliers.ch\/saint-francois-assise\/#primaryimage"},"image":{"@id":"https:\/\/cordeliers.ch\/saint-francois-assise\/#primaryimage"},"thumbnailUrl":"https:\/\/cordeliers.ch\/wp-content\/uploads\/2024\/12\/image.jpg","datePublished":"2024-12-19T13:56:36+00:00","dateModified":"2025-02-27T15:27:07+00:00","breadcrumb":{"@id":"https:\/\/cordeliers.ch\/saint-francois-assise\/#breadcrumb"},"inLanguage":"de","potentialAction":[{"@type":"ReadAction","target":["https:\/\/cordeliers.ch\/saint-francois-assise\/"]}]},{"@type":"ImageObject","inLanguage":"de","@id":"https:\/\/cordeliers.ch\/saint-francois-assise\/#primaryimage","url":"https:\/\/cordeliers.ch\/wp-content\/uploads\/2024\/12\/image.jpg","contentUrl":"https:\/\/cordeliers.ch\/wp-content\/uploads\/2024\/12\/image.jpg"},{"@type":"BreadcrumbList","@id":"https:\/\/cordeliers.ch\/saint-francois-assise\/#breadcrumb","itemListElement":[{"@type":"ListItem","position":1,"name":"Accueil","item":"https:\/\/cordeliers.ch\/"},{"@type":"ListItem","position":2,"name":"Saint-Fran\u00e7ois d\u2019Assise"}]},{"@type":"WebSite","@id":"https:\/\/cordeliers.ch\/#website","url":"https:\/\/cordeliers.ch\/","name":"cordeliers","description":"","publisher":{"@id":"https:\/\/cordeliers.ch\/#organization"},"potentialAction":[{"@type":"SearchAction","target":{"@type":"EntryPoint","urlTemplate":"https:\/\/cordeliers.ch\/?s={search_term_string}"},"query-input":{"@type":"PropertyValueSpecification","valueRequired":true,"valueName":"search_term_string"}}],"inLanguage":"de"},{"@type":"Organization","@id":"https:\/\/cordeliers.ch\/#organization","name":"cordeliers","url":"https:\/\/cordeliers.ch\/","logo":{"@type":"ImageObject","inLanguage":"de","@id":"https:\/\/cordeliers.ch\/#\/schema\/logo\/image\/","url":"https:\/\/cordeliers.ch\/wp-content\/uploads\/2024\/11\/cropped-Ativa-MS-2.png","contentUrl":"https:\/\/cordeliers.ch\/wp-content\/uploads\/2024\/11\/cropped-Ativa-MS-2.png","width":461,"height":108,"caption":"cordeliers"},"image":{"@id":"https:\/\/cordeliers.ch\/#\/schema\/logo\/image\/"}}]}},"_links":{"self":[{"href":"https:\/\/cordeliers.ch\/de\/wp-json\/wp\/v2\/pages\/22589","targetHints":{"allow":["GET"]}}],"collection":[{"href":"https:\/\/cordeliers.ch\/de\/wp-json\/wp\/v2\/pages"}],"about":[{"href":"https:\/\/cordeliers.ch\/de\/wp-json\/wp\/v2\/types\/page"}],"author":[{"embeddable":true,"href":"https:\/\/cordeliers.ch\/de\/wp-json\/wp\/v2\/users\/1"}],"replies":[{"embeddable":true,"href":"https:\/\/cordeliers.ch\/de\/wp-json\/wp\/v2\/comments?post=22589"}],"version-history":[{"count":6,"href":"https:\/\/cordeliers.ch\/de\/wp-json\/wp\/v2\/pages\/22589\/revisions"}],"predecessor-version":[{"id":24338,"href":"https:\/\/cordeliers.ch\/de\/wp-json\/wp\/v2\/pages\/22589\/revisions\/24338"}],"wp:attachment":[{"href":"https:\/\/cordeliers.ch\/de\/wp-json\/wp\/v2\/media?parent=22589"}],"curies":[{"name":"wp","href":"https:\/\/api.w.org\/{rel}","templated":true}]}}