{"id":22569,"date":"2024-12-19T11:05:29","date_gmt":"2024-12-19T10:05:29","guid":{"rendered":"http:\/\/195.34.73.93:81\/?page_id=22569"},"modified":"2025-02-27T16:26:36","modified_gmt":"2025-02-27T15:26:36","slug":"devenir-cordelier","status":"publish","type":"page","link":"https:\/\/cordeliers.ch\/de\/devenir-cordelier\/","title":{"rendered":"Wie werde ich Franziskaner?"},"content":{"rendered":"<div class=\"gb-container gb-container-364c06b5\">\n\n<figure class=\"gb-block-image gb-block-image-44301fec\"><img fetchpriority=\"high\" decoding=\"async\" width=\"1968\" height=\"718\" class=\"gb-image gb-image-44301fec\" src=\"https:\/\/cordeliers.ch\/wp-content\/uploads\/2024\/12\/vogelpredigt-klein-2-1-e1734604337507.jpg\" alt=\"\" srcset=\"https:\/\/cordeliers.ch\/wp-content\/uploads\/2024\/12\/vogelpredigt-klein-2-1-e1734604337507.jpg 1968w, https:\/\/cordeliers.ch\/wp-content\/uploads\/2024\/12\/vogelpredigt-klein-2-1-e1734604337507-300x109.jpg 300w, https:\/\/cordeliers.ch\/wp-content\/uploads\/2024\/12\/vogelpredigt-klein-2-1-e1734604337507-1024x374.jpg 1024w, https:\/\/cordeliers.ch\/wp-content\/uploads\/2024\/12\/vogelpredigt-klein-2-1-e1734604337507-768x280.jpg 768w, https:\/\/cordeliers.ch\/wp-content\/uploads\/2024\/12\/vogelpredigt-klein-2-1-e1734604337507-1536x560.jpg 1536w, https:\/\/cordeliers.ch\/wp-content\/uploads\/2024\/12\/vogelpredigt-klein-2-1-e1734604337507-18x7.jpg 18w\" sizes=\"(max-width: 1968px) 100vw, 1968px\" \/><\/figure>\n\n<\/div>\n\n<div class=\"gb-container gb-container-7930b6fd alignwide\">\n<div class=\"gb-container gb-container-f03eefb7 alignwide\">\n\n<h1 class=\"wp-block-heading alignwide has-text-align-center has-var-accent-2-color has-text-color\">Wie werde ich Franziskaner?<\/h1>\n\n\n<div class=\"gb-container gb-container-5690b317\">\n\n<p class=\"has-medium-font-size\">Franziskus von Assisi (1182-1226) besitzt bis in unsere Tage eine grosse Anziehungskraft. Er \u00fcbersetzte die Botschaft Christi mit seiner n\u00fcchternen prophetischen Gabe und lebte auch danach, sodass er bis heute Vorbild ist.<\/p>\n\n\n\n<p class=\"has-medium-font-size\">Er ist ein Mann :<\/p>\n\n\n\n<ul class=\"wp-block-list has-medium-font-size\">\n<li>der radikal ernst machte mit der Botschaft Christi.<\/li>\n\n\n\n<li>der religi\u00f6ser Gleichg\u00fcltigkeit das h\u00f6chste Engagement im Glauben entgegensetzte.<\/li>\n\n\n\n<li>der einer Welt der Friedlosigkeit den wahren Frieden vom Himmel predigte.<\/li>\n\n\n\n<li>der in einer Welt der Verschwendung arm lebte, weil Gott sein ganzer Reichtum war.<\/li>\n\n\n\n<li>der die Gesch\u00f6pfe Br\u00fcder und Schwestern nannte.<\/li>\n\n\n\n<li>der jeden pers\u00f6nlichen Ehrgeiz aufgab, um sich selbst ganz dem leidenden N\u00e4chsten zu schenken.<\/li>\n<\/ul>\n\n\n\n<p class=\"has-medium-font-size\">Sein Arbeitsfeld war die Kirche.<\/p>\n\n\n\n<p class=\"has-medium-font-size\">Sein Arbeitsprogramm war das Evangelium Jesu Christi, auf das er seine Br\u00fcder in der Ordensregel verpflichtete.<\/p>\n\n\n\n<div class=\"wp-block-cover aligncenter\"><span aria-hidden=\"true\" class=\"wp-block-cover__background has-background-dim\"><\/span><img decoding=\"async\" width=\"640\" height=\"427\" class=\"wp-block-cover__image-background wp-image-22573\" alt=\"\" src=\"https:\/\/cordeliers.ch\/wp-content\/uploads\/2024\/12\/pfarrwallfahrt-2016-34.jpg\" data-object-fit=\"cover\" srcset=\"https:\/\/cordeliers.ch\/wp-content\/uploads\/2024\/12\/pfarrwallfahrt-2016-34.jpg 640w, https:\/\/cordeliers.ch\/wp-content\/uploads\/2024\/12\/pfarrwallfahrt-2016-34-300x200.jpg 300w, https:\/\/cordeliers.ch\/wp-content\/uploads\/2024\/12\/pfarrwallfahrt-2016-34-18x12.jpg 18w\" sizes=\"(max-width: 640px) 100vw, 640px\" \/><div class=\"wp-block-cover__inner-container is-layout-flow wp-block-cover-is-layout-flow\">\n<p class=\"has-text-align-center has-large-font-size\">Liebe zu Franz von Assisi und zur Nachfolge in seinem Geist<\/p>\n<\/div><\/div>\n\n\n\n<h3 class=\"gb-headline gb-headline-d6c6c989 gb-headline-text\">Wie kann ich nach seiner Regel leben?<\/h3>\n\n\n\n<ul class=\"wp-block-list has-medium-font-size\">\n<li>Aufnahme in den Orden nach ein- bis zweij\u00e4hrigen Probezeit. Dann folgt ein Jahr Noviziat und eine mindestens dreij\u00e4hrige Zeit im Juniorat mit einfacher Profess. In dieser Zeit geschieht die pers\u00f6nliche spirituelle Bildung und die berufliche Ausbildung. Die einfache Profess kann auf Wunsch auch verl\u00e4ngert werden bis die feierliche Profess abgelegt wird: Bei dieser bindet sich der Einzelne an die Gemeinschaft und die Gemeinschaft an ihn.<\/li>\n\n\n\n<li>In unserer Ordensgemeinschaft gibt es verschiedene Wege sein Leben als Minderbruder zu gestalten. Jene die das Priestertum anstreben, studieren Theologie. Andere Arbeitsgebiete sind Schule, Jugendarbeit, Betreuer von Gefangenen und Entlassenen oder Obdachlosen, Krankenpfleger,  Pfarrarbeit \u2013 sei es als Diakon, als  Sakristan, als Pastoralassistent, oder in der Pfarrkanzlei. Weitere M\u00f6glichkeiten sind als Pf\u00f6rtner, als Konventsbibliothekar, als Schneider, als Koch, als G\u00e4rtner u.a.m. gegeben. Auch ist bei entsprechender Berufung das Wirken in den Missionen unseres Ordens m\u00f6glich.<\/li>\n<\/ul>\n\n\n\n<h3 class=\"gb-headline gb-headline-3697534c gb-headline-text\">F\u00fcr Interessenten an unserer Ordensgemeinschaft<\/h3>\n\n\n\n<p class=\"has-medium-font-size\">Junge M\u00e4nner ab 18 Jahre, die unverheiratet und an unserer Bruderschaft interessiert sind, eine fertige Berufsausbildung, oder Matura haben und sich vorstellen k\u00f6nnen Christus auf dem franziskanischen Weg nachzufolgen, m\u00f6gen sich vertrauensvoll an einen der Konvente oder die Kurie wenden.<\/p>\n\n<\/div>\n<\/div>\n<\/div>\n\n<div class=\"gb-container gb-container-1fa89e6f alignwide\">\n\n<h3 class=\"gb-headline gb-headline-f7207de2 gb-headline-text\">Ben\u00f6tigen Sie weitere Informationen? Kontaktieren Sie uns, wir h\u00f6ren Ihnen gerne zu!<\/h3>\n\n\n\n<a class=\"gb-button gb-button-0185bd79\" href=\"https:\/\/cordeliers.ch\/de\/contact\/\"><span class=\"gb-button-text\">Kontaktieren Sie uns<\/span><span class=\"gb-icon\"><svg aria-hidden=\"true\" data-prefix=\"fas\" data-icon=\"long-arrow-alt-right\" class=\"svg-inline--fa fa-long-arrow-alt-right fa-w-14\" xmlns=\"http:\/\/www.w3.org\/2000\/svg\" viewbox=\"0 0 448 512\"><path fill=\"currentColor\" d=\"M313.941 216H12c-6.627 0-12 5.373-12 12v56c0 6.627 5.373 12 12 12h301.941v46.059c0 21.382 25.851 32.09 40.971 16.971l86.059-86.059c9.373-9.373 9.373-24.569 0-33.941l-86.059-86.059c-15.119-15.119-40.971-4.411-40.971 16.971V216z\"><\/path><\/svg><\/span><\/a>\n\n<\/div>\n\n\n<p><\/p>","protected":false},"excerpt":{"rendered":"<p>Comment devenir Cordelier ? Saint Fran\u00e7ois d&rsquo;Assise (1182-1226) exerce encore aujourd&rsquo;hui une grande force d&rsquo;attraction. Il a traduit le message du Christ avec son don proph\u00e9tique sobre et a v\u00e9cu en cons\u00e9quence, de sorte qu&rsquo;il reste un mod\u00e8le jusqu&rsquo;\u00e0 aujourd&rsquo;hui. C&rsquo;est un homme : Son champ d&rsquo;action \u00e9tait l&rsquo;\u00c9glise. Son programme de travail \u00e9tait l&rsquo;\u00c9vangile &#8230; <a title=\"Wie werde ich Franziskaner?\" class=\"read-more\" href=\"https:\/\/cordeliers.ch\/de\/devenir-cordelier\/\" aria-label=\"Mehr Informationen \u00fcber Comment devenir Cordelier ?\">Weiterlesen &#8230;<\/a><\/p>","protected":false},"author":1,"featured_media":0,"parent":0,"menu_order":0,"comment_status":"closed","ping_status":"closed","template":"elementor_header_footer","meta":{"footnotes":""},"class_list":["post-22569","page","type-page","status-publish"],"yoast_head":"<!-- This site is optimized with the Yoast SEO plugin v27.3 - https:\/\/yoast.com\/product\/yoast-seo-wordpress\/ -->\n<title>Comment devenir Cordelier ? - cordeliers<\/title>\n<meta name=\"robots\" content=\"index, follow, max-snippet:-1, max-image-preview:large, max-video-preview:-1\" \/>\n<link rel=\"canonical\" href=\"https:\/\/cordeliers.ch\/de\/devenir-cordelier\/\" \/>\n<meta property=\"og:locale\" content=\"de_DE\" \/>\n<meta property=\"og:type\" content=\"article\" \/>\n<meta property=\"og:title\" content=\"Comment devenir Cordelier ? - cordeliers\" \/>\n<meta property=\"og:description\" content=\"Comment devenir Cordelier ? Saint Fran\u00e7ois d&rsquo;Assise (1182-1226) exerce encore aujourd&rsquo;hui une grande force d&rsquo;attraction. Il a traduit le message du Christ avec son don proph\u00e9tique sobre et a v\u00e9cu en cons\u00e9quence, de sorte qu&rsquo;il reste un mod\u00e8le jusqu&rsquo;\u00e0 aujourd&rsquo;hui. C&rsquo;est un homme : Son champ d&rsquo;action \u00e9tait l&rsquo;\u00c9glise. Son programme de travail \u00e9tait l&rsquo;\u00c9vangile ... Weiterlesen ...\" \/>\n<meta property=\"og:url\" content=\"https:\/\/cordeliers.ch\/de\/devenir-cordelier\/\" \/>\n<meta property=\"og:site_name\" content=\"cordeliers\" \/>\n<meta property=\"article:modified_time\" content=\"2025-02-27T15:26:36+00:00\" \/>\n<meta property=\"og:image\" content=\"https:\/\/cordeliers.ch\/wp-content\/uploads\/2024\/12\/vogelpredigt-klein-2-1-e1734604337507.jpg\" \/>\n<meta name=\"twitter:card\" content=\"summary_large_image\" \/>\n<meta name=\"twitter:label1\" content=\"Gesch\u00e4tzte Lesezeit\" \/>\n\t<meta name=\"twitter:data1\" content=\"2\u00a0Minuten\" \/>\n<script type=\"application\/ld+json\" class=\"yoast-schema-graph\">{\"@context\":\"https:\\\/\\\/schema.org\",\"@graph\":[{\"@type\":\"WebPage\",\"@id\":\"https:\\\/\\\/cordeliers.ch\\\/devenir-cordelier\\\/\",\"url\":\"https:\\\/\\\/cordeliers.ch\\\/devenir-cordelier\\\/\",\"name\":\"Comment devenir Cordelier ? - cordeliers\",\"isPartOf\":{\"@id\":\"https:\\\/\\\/cordeliers.ch\\\/#website\"},\"primaryImageOfPage\":{\"@id\":\"https:\\\/\\\/cordeliers.ch\\\/devenir-cordelier\\\/#primaryimage\"},\"image\":{\"@id\":\"https:\\\/\\\/cordeliers.ch\\\/devenir-cordelier\\\/#primaryimage\"},\"thumbnailUrl\":\"https:\\\/\\\/cordeliers.ch\\\/wp-content\\\/uploads\\\/2024\\\/12\\\/vogelpredigt-klein-2-1-e1734604337507.jpg\",\"datePublished\":\"2024-12-19T10:05:29+00:00\",\"dateModified\":\"2025-02-27T15:26:36+00:00\",\"breadcrumb\":{\"@id\":\"https:\\\/\\\/cordeliers.ch\\\/devenir-cordelier\\\/#breadcrumb\"},\"inLanguage\":\"de\",\"potentialAction\":[{\"@type\":\"ReadAction\",\"target\":[\"https:\\\/\\\/cordeliers.ch\\\/devenir-cordelier\\\/\"]}]},{\"@type\":\"ImageObject\",\"inLanguage\":\"de\",\"@id\":\"https:\\\/\\\/cordeliers.ch\\\/devenir-cordelier\\\/#primaryimage\",\"url\":\"https:\\\/\\\/cordeliers.ch\\\/wp-content\\\/uploads\\\/2024\\\/12\\\/vogelpredigt-klein-2-1-e1734604337507.jpg\",\"contentUrl\":\"https:\\\/\\\/cordeliers.ch\\\/wp-content\\\/uploads\\\/2024\\\/12\\\/vogelpredigt-klein-2-1-e1734604337507.jpg\"},{\"@type\":\"BreadcrumbList\",\"@id\":\"https:\\\/\\\/cordeliers.ch\\\/devenir-cordelier\\\/#breadcrumb\",\"itemListElement\":[{\"@type\":\"ListItem\",\"position\":1,\"name\":\"Accueil\",\"item\":\"https:\\\/\\\/cordeliers.ch\\\/\"},{\"@type\":\"ListItem\",\"position\":2,\"name\":\"Comment devenir Cordelier ?\"}]},{\"@type\":\"WebSite\",\"@id\":\"https:\\\/\\\/cordeliers.ch\\\/#website\",\"url\":\"https:\\\/\\\/cordeliers.ch\\\/\",\"name\":\"cordeliers\",\"description\":\"\",\"publisher\":{\"@id\":\"https:\\\/\\\/cordeliers.ch\\\/#organization\"},\"potentialAction\":[{\"@type\":\"SearchAction\",\"target\":{\"@type\":\"EntryPoint\",\"urlTemplate\":\"https:\\\/\\\/cordeliers.ch\\\/?s={search_term_string}\"},\"query-input\":{\"@type\":\"PropertyValueSpecification\",\"valueRequired\":true,\"valueName\":\"search_term_string\"}}],\"inLanguage\":\"de\"},{\"@type\":\"Organization\",\"@id\":\"https:\\\/\\\/cordeliers.ch\\\/#organization\",\"name\":\"cordeliers\",\"url\":\"https:\\\/\\\/cordeliers.ch\\\/\",\"logo\":{\"@type\":\"ImageObject\",\"inLanguage\":\"de\",\"@id\":\"https:\\\/\\\/cordeliers.ch\\\/#\\\/schema\\\/logo\\\/image\\\/\",\"url\":\"https:\\\/\\\/cordeliers.ch\\\/wp-content\\\/uploads\\\/2024\\\/11\\\/cropped-Ativa-MS-2.png\",\"contentUrl\":\"https:\\\/\\\/cordeliers.ch\\\/wp-content\\\/uploads\\\/2024\\\/11\\\/cropped-Ativa-MS-2.png\",\"width\":461,\"height\":108,\"caption\":\"cordeliers\"},\"image\":{\"@id\":\"https:\\\/\\\/cordeliers.ch\\\/#\\\/schema\\\/logo\\\/image\\\/\"}}]}<\/script>\n<!-- \/ Yoast SEO plugin. -->","yoast_head_json":{"title":"Comment devenir Cordelier ? - cordeliers","robots":{"index":"index","follow":"follow","max-snippet":"max-snippet:-1","max-image-preview":"max-image-preview:large","max-video-preview":"max-video-preview:-1"},"canonical":"https:\/\/cordeliers.ch\/de\/devenir-cordelier\/","og_locale":"de_DE","og_type":"article","og_title":"Comment devenir Cordelier ? - cordeliers","og_description":"Comment devenir Cordelier ? Saint Fran\u00e7ois d&rsquo;Assise (1182-1226) exerce encore aujourd&rsquo;hui une grande force d&rsquo;attraction. Il a traduit le message du Christ avec son don proph\u00e9tique sobre et a v\u00e9cu en cons\u00e9quence, de sorte qu&rsquo;il reste un mod\u00e8le jusqu&rsquo;\u00e0 aujourd&rsquo;hui. C&rsquo;est un homme : Son champ d&rsquo;action \u00e9tait l&rsquo;\u00c9glise. Son programme de travail \u00e9tait l&rsquo;\u00c9vangile ... Weiterlesen ...","og_url":"https:\/\/cordeliers.ch\/de\/devenir-cordelier\/","og_site_name":"cordeliers","article_modified_time":"2025-02-27T15:26:36+00:00","og_image":[{"url":"https:\/\/cordeliers.ch\/wp-content\/uploads\/2024\/12\/vogelpredigt-klein-2-1-e1734604337507.jpg","type":"","width":"","height":""}],"twitter_card":"summary_large_image","twitter_misc":{"Gesch\u00e4tzte Lesezeit":"2\u00a0Minuten"},"schema":{"@context":"https:\/\/schema.org","@graph":[{"@type":"WebPage","@id":"https:\/\/cordeliers.ch\/devenir-cordelier\/","url":"https:\/\/cordeliers.ch\/devenir-cordelier\/","name":"Comment devenir Cordelier ? - cordeliers","isPartOf":{"@id":"https:\/\/cordeliers.ch\/#website"},"primaryImageOfPage":{"@id":"https:\/\/cordeliers.ch\/devenir-cordelier\/#primaryimage"},"image":{"@id":"https:\/\/cordeliers.ch\/devenir-cordelier\/#primaryimage"},"thumbnailUrl":"https:\/\/cordeliers.ch\/wp-content\/uploads\/2024\/12\/vogelpredigt-klein-2-1-e1734604337507.jpg","datePublished":"2024-12-19T10:05:29+00:00","dateModified":"2025-02-27T15:26:36+00:00","breadcrumb":{"@id":"https:\/\/cordeliers.ch\/devenir-cordelier\/#breadcrumb"},"inLanguage":"de","potentialAction":[{"@type":"ReadAction","target":["https:\/\/cordeliers.ch\/devenir-cordelier\/"]}]},{"@type":"ImageObject","inLanguage":"de","@id":"https:\/\/cordeliers.ch\/devenir-cordelier\/#primaryimage","url":"https:\/\/cordeliers.ch\/wp-content\/uploads\/2024\/12\/vogelpredigt-klein-2-1-e1734604337507.jpg","contentUrl":"https:\/\/cordeliers.ch\/wp-content\/uploads\/2024\/12\/vogelpredigt-klein-2-1-e1734604337507.jpg"},{"@type":"BreadcrumbList","@id":"https:\/\/cordeliers.ch\/devenir-cordelier\/#breadcrumb","itemListElement":[{"@type":"ListItem","position":1,"name":"Accueil","item":"https:\/\/cordeliers.ch\/"},{"@type":"ListItem","position":2,"name":"Comment devenir Cordelier ?"}]},{"@type":"WebSite","@id":"https:\/\/cordeliers.ch\/#website","url":"https:\/\/cordeliers.ch\/","name":"cordeliers","description":"","publisher":{"@id":"https:\/\/cordeliers.ch\/#organization"},"potentialAction":[{"@type":"SearchAction","target":{"@type":"EntryPoint","urlTemplate":"https:\/\/cordeliers.ch\/?s={search_term_string}"},"query-input":{"@type":"PropertyValueSpecification","valueRequired":true,"valueName":"search_term_string"}}],"inLanguage":"de"},{"@type":"Organization","@id":"https:\/\/cordeliers.ch\/#organization","name":"cordeliers","url":"https:\/\/cordeliers.ch\/","logo":{"@type":"ImageObject","inLanguage":"de","@id":"https:\/\/cordeliers.ch\/#\/schema\/logo\/image\/","url":"https:\/\/cordeliers.ch\/wp-content\/uploads\/2024\/11\/cropped-Ativa-MS-2.png","contentUrl":"https:\/\/cordeliers.ch\/wp-content\/uploads\/2024\/11\/cropped-Ativa-MS-2.png","width":461,"height":108,"caption":"cordeliers"},"image":{"@id":"https:\/\/cordeliers.ch\/#\/schema\/logo\/image\/"}}]}},"_links":{"self":[{"href":"https:\/\/cordeliers.ch\/de\/wp-json\/wp\/v2\/pages\/22569","targetHints":{"allow":["GET"]}}],"collection":[{"href":"https:\/\/cordeliers.ch\/de\/wp-json\/wp\/v2\/pages"}],"about":[{"href":"https:\/\/cordeliers.ch\/de\/wp-json\/wp\/v2\/types\/page"}],"author":[{"embeddable":true,"href":"https:\/\/cordeliers.ch\/de\/wp-json\/wp\/v2\/users\/1"}],"replies":[{"embeddable":true,"href":"https:\/\/cordeliers.ch\/de\/wp-json\/wp\/v2\/comments?post=22569"}],"version-history":[{"count":6,"href":"https:\/\/cordeliers.ch\/de\/wp-json\/wp\/v2\/pages\/22569\/revisions"}],"predecessor-version":[{"id":24337,"href":"https:\/\/cordeliers.ch\/de\/wp-json\/wp\/v2\/pages\/22569\/revisions\/24337"}],"wp:attachment":[{"href":"https:\/\/cordeliers.ch\/de\/wp-json\/wp\/v2\/media?parent=22569"}],"curies":[{"name":"wp","href":"https:\/\/api.w.org\/{rel}","templated":true}]}}