{"id":22528,"date":"2024-12-18T17:22:55","date_gmt":"2024-12-18T16:22:55","guid":{"rendered":"http:\/\/195.34.73.93:81\/?page_id=22528"},"modified":"2025-02-27T16:25:40","modified_gmt":"2025-02-27T15:25:40","slug":"cordeliers-suisse","status":"publish","type":"page","link":"https:\/\/cordeliers.ch\/de\/cordeliers-suisse\/","title":{"rendered":"Die Franziskaner in der Schweiz"},"content":{"rendered":"<div class=\"gb-container gb-container-364c06b5\">\n\n<figure class=\"gb-block-image gb-block-image-44301fec\"><img fetchpriority=\"high\" decoding=\"async\" width=\"850\" height=\"268\" class=\"gb-image gb-image-44301fec\" src=\"https:\/\/cordeliers.ch\/wp-content\/uploads\/2024\/11\/retable.jpg\" alt=\"\" srcset=\"https:\/\/cordeliers.ch\/wp-content\/uploads\/2024\/11\/retable.jpg 850w, https:\/\/cordeliers.ch\/wp-content\/uploads\/2024\/11\/retable-300x95.jpg 300w, https:\/\/cordeliers.ch\/wp-content\/uploads\/2024\/11\/retable-768x242.jpg 768w\" sizes=\"(max-width: 850px) 100vw, 850px\" \/><\/figure>\n\n<\/div>\n\n<div class=\"gb-container gb-container-04f53a05 alignwide\">\n<div class=\"gb-container gb-container-6183cada alignwide\">\n\n<h1 class=\"wp-block-heading alignwide has-text-align-center has-var-accent-2-color has-text-color\">Die Franziskaner in der Schweiz<\/h1>\n\n\n<div class=\"gb-container gb-container-f9d95989\">\n\n<h3 class=\"gb-headline gb-headline-b0aa936d gb-headline-text\">Ausbreitung des Franziskanerordens von 1230 bis zum 15. Jahrhundert<\/h3>\n\n\n\n<div class=\"wp-block-media-text alignwide has-media-on-the-right is-stacked-on-mobile is-vertically-aligned-top is-image-fill-element\" style=\"grid-template-columns:auto 28%\"><div class=\"wp-block-media-text__content\"><div class=\"gb-container gb-container-926d6eb2\">\n<div class=\"gb-container gb-container-efd7b543\">\n\n<p class=\"has-text-align-left\">Die 19 Konvente des Franziskanerordens auf dem Gebiet der heutigen Schweiz waren gem\u00e4ss ihrer kulturellen und sprachlichen Zugeh\u00f6rigkeit drei verschiedenen Provinzen zugeteilt. In der folgenden \u00dcbersicht werden nur die M\u00e4nnerkonvente ber\u00fccksichtigt.<\/p>\n\n<\/div>\n<\/div><\/div><figure class=\"wp-block-media-text__media\"><img decoding=\"async\" width=\"512\" height=\"512\" src=\"https:\/\/cordeliers.ch\/wp-content\/uploads\/2024\/12\/icon-512-maskable-1.png\" alt=\"\" class=\"wp-image-22404 size-full\" style=\"object-position:50% 50%\" srcset=\"https:\/\/cordeliers.ch\/wp-content\/uploads\/2024\/12\/icon-512-maskable-1.png 512w, https:\/\/cordeliers.ch\/wp-content\/uploads\/2024\/12\/icon-512-maskable-1-300x300.png 300w, https:\/\/cordeliers.ch\/wp-content\/uploads\/2024\/12\/icon-512-maskable-1-150x150.png 150w, https:\/\/cordeliers.ch\/wp-content\/uploads\/2024\/12\/icon-512-maskable-1-12x12.png 12w\" sizes=\"(max-width: 512px) 100vw, 512px\" \/><\/figure><\/div>\n\n\n\n<h3 class=\"gb-headline gb-headline-3b5e64d1 gb-headline-text\">Konvente der Oberdeutschen oder Strassburger Provinz<\/h3>\n\n\n\n<p class=\"has-medium-font-size\">Seit ihrer Gr\u00fcndung geh\u00f6rten die Franziskaner von Freiburg der Oberdeutschen oder Strassburger Provinz an. Guardiane und Lektoren wurden von der Ordensleitung in andere Kl\u00f6ster der Provinz versetzt. Diese Praxis sorgte w\u00e4hrend des ganzen Mittelalters f\u00fcr einen regen Austausch. Studienorte waren Paris, Avignon, Strassburg, sp\u00e4ter auch Wien, Heidelberg und Marburg.<\/p>\n\n\n\n<div class=\"wp-block-media-text is-stacked-on-mobile is-vertically-aligned-center\" style=\"grid-template-columns:33% auto\"><figure class=\"wp-block-media-text__media\"><img decoding=\"async\" width=\"300\" height=\"200\" src=\"https:\/\/cordeliers.ch\/wp-content\/uploads\/2024\/12\/Madonna_del_sasso.jpg\" alt=\"\" class=\"wp-image-22522 size-full\" srcset=\"https:\/\/cordeliers.ch\/wp-content\/uploads\/2024\/12\/Madonna_del_sasso.jpg 300w, https:\/\/cordeliers.ch\/wp-content\/uploads\/2024\/12\/Madonna_del_sasso-18x12.jpg 18w\" sizes=\"(max-width: 300px) 100vw, 300px\" \/><\/figure><div class=\"wp-block-media-text__content\"><div class=\"gb-container gb-container-8b36f9c0\">\n\n<h4 class=\"gb-headline gb-headline-1426c1bd gb-headline-text\">Die Daten zur Gr\u00fcndung und Aufhebung der Konvente stehen in Klammern :<\/h4>\n\n\n\n<ul class=\"wp-block-list\">\n<li>Basel BS (um 1231\u20131529), seit 1447 Observante-Franziskaner<\/li>\n\n\n\n<li>Bern BE (1251\/1255\u20131528)<\/li>\n\n\n\n<li>Burgdorf BE (1280\u20131528)<\/li>\n\n\n\n<li>Freiburg i. \u00dc. FR (1256\u2013heute)<\/li>\n\n\n\n<li>K\u00f6nigsfelden AG (1309\u20131528)<\/li>\n\n\n\n<li>Luzern LU (1240\/1260\u20131838)<\/li>\n\n\n\n<li>Schaffhausen SH (nach 1250\u20131529)<\/li>\n\n\n\n<li>Solothurn SO (um 1280\u20131857)<\/li>\n\n\n\n<li>Z\u00fcrich ZH (um 1240\u20131524)<\/li>\n<\/ul>\n\n<\/div><\/div><\/div>\n\n\n\n<h3 class=\"gb-headline gb-headline-482ace92 gb-headline-text\">Provinz Burgund<\/h3>\n\n\n\n<ul class=\"wp-block-list has-medium-font-size\">\n<li>Genf GE (um 1266\u20131534\/1536)<\/li>\n\n\n\n<li>Grandson VD (1289\/1298\u20131554\/1555)<\/li>\n\n\n\n<li>Lausanne VD (um 1258\u20131536)<\/li>\n\n\n\n<li>Morges VD (1497\/1500\u20131536) \u2013 Observante Franziskaner<\/li>\n\n\n\n<li>Nyon VD (1295\/1296\u20131536)<\/li>\n\n\n\n<li>Bellinzona, S. Maria delle Grazie (1481\/1483\u20131848) \u2013 Observante Franziskaner<\/li>\n\n\n\n<li>Locarno, S. Francesco (ca. 1230\u20131848)<\/li>\n\n\n\n<li>Locarno, Madonna del Sasso (ca. 1480\u20131848)<\/li>\n\n\n\n<li>Lugano, S. Francesco (ca. 1230\u20131811)<\/li>\n\n\n\n<li>Lugano, S. Maria degli Angeli (1472\/1490\u20131848) \u2013 Observante Franziskaner<\/li>\n\n\n\n<li>Freiburg i. \u00dc.<\/li>\n\n\n\n<li>Luzern LU (bis 1838)<\/li>\n\n\n\n<li>Solothurn SO (bis 1857)<\/li>\n\n\n\n<li>Werthenstein LU (Neugr\u00fcndung, 1630\u20131838)<\/li>\n\n\n\n<li>Locarno, S. Francesco (bis 1848)<\/li>\n\n\n\n<li>Locarno, Madonna del Sasso in (bis 1848)<\/li>\n\n\n\n<li>Lugano, S. Francesco (bis 1811)<\/li>\n\n\n\n<li>Choulex GE (Unit\u00e9 pastorale Arve-Lac), (1987-2016)<\/li>\n\n\n\n<li>Fl\u00fceli-Ranft OW, Sekundarschule (1970\u20131998), Systemisches Schul- und Therapieheim (seit 1999)<\/li>\n\n\n\n<li>Freiburg i. \u00dc., seit 1256<\/li>\n\n\n\n<li>Grand-Lancy GE, Pfarrei La Sainte-Famille (1968\u20131987)<\/li>\n\n\n\n<li>Pensier FR, Antoniuskonvikt (1951\u20131986)<\/li>\n\n\n\n<li>Therwil BL, Hilfspriesterheim (1947\u20131979)<\/li>\n\n\n\n<li>Choulex (Unit\u00e9 pastorale Arve-Lac), 1987-2016<\/li>\n\n\n\n<li>Fl\u00fceli-Ranft, Systemisches Schul- und Therapieheim (Stiftung Juvenat der Franziskaner), seit 1999<\/li>\n\n\n\n<li>Freiburg i. \u00dc., seit 1256<\/li>\n<\/ul>\n\n<\/div>\n<\/div>\n<\/div>\n\n<div class=\"gb-container gb-container-1fa89e6f alignwide\">\n\n<h3 class=\"gb-headline gb-headline-f7207de2 gb-headline-text\">Ben\u00f6tigen Sie weitere Informationen? Kontaktieren Sie uns, wir h\u00f6ren Ihnen gerne zu!<\/h3>\n\n\n\n<a class=\"gb-button gb-button-0185bd79\" href=\"https:\/\/cordeliers.ch\/de\/contact\/\"><span class=\"gb-button-text\">Kontaktieren Sie uns<\/span><span class=\"gb-icon\"><svg aria-hidden=\"true\" data-prefix=\"fas\" data-icon=\"long-arrow-alt-right\" class=\"svg-inline--fa fa-long-arrow-alt-right fa-w-14\" xmlns=\"http:\/\/www.w3.org\/2000\/svg\" viewbox=\"0 0 448 512\"><path fill=\"currentColor\" d=\"M313.941 216H12c-6.627 0-12 5.373-12 12v56c0 6.627 5.373 12 12 12h301.941v46.059c0 21.382 25.851 32.09 40.971 16.971l86.059-86.059c9.373-9.373 9.373-24.569 0-33.941l-86.059-86.059c-15.119-15.119-40.971-4.411-40.971 16.971V216z\"><\/path><\/svg><\/span><\/a>\n\n<\/div>","protected":false},"excerpt":{"rendered":"<p>Les Cordeliers en Suisse Expansion de l&rsquo;ordre des cordeliers de 1230 au 15e si\u00e8cle Les 19 couvents de l&rsquo;ordre des cordeliers sur le territoire de l&rsquo;actuelle Suisse \u00e9taient rattach\u00e9s \u00e0 trois provinces diff\u00e9rentes en fonction de leur appartenance culturelle et linguistique. Dans l&rsquo;aper\u00e7u suivant, seuls les couvents d&rsquo;hommes sont pris en compte. Couvents de la &#8230; <a title=\"Die Franziskaner in der Schweiz\" class=\"read-more\" href=\"https:\/\/cordeliers.ch\/de\/cordeliers-suisse\/\" aria-label=\"Mehr Informationen \u00fcber Les Cordeliers en Suisse\">Weiterlesen &#8230;<\/a><\/p>","protected":false},"author":1,"featured_media":0,"parent":0,"menu_order":0,"comment_status":"closed","ping_status":"closed","template":"elementor_header_footer","meta":{"footnotes":""},"class_list":["post-22528","page","type-page","status-publish"],"yoast_head":"<!-- This site is optimized with the Yoast SEO plugin v27.3 - https:\/\/yoast.com\/product\/yoast-seo-wordpress\/ -->\n<title>Les Cordeliers en Suisse - cordeliers<\/title>\n<meta name=\"robots\" content=\"index, follow, max-snippet:-1, max-image-preview:large, max-video-preview:-1\" \/>\n<link rel=\"canonical\" href=\"https:\/\/cordeliers.ch\/de\/cordeliers-suisse\/\" \/>\n<meta property=\"og:locale\" content=\"de_DE\" \/>\n<meta property=\"og:type\" content=\"article\" \/>\n<meta property=\"og:title\" content=\"Les Cordeliers en Suisse - cordeliers\" \/>\n<meta property=\"og:description\" content=\"Les Cordeliers en Suisse Expansion de l&rsquo;ordre des cordeliers de 1230 au 15e si\u00e8cle Les 19 couvents de l&rsquo;ordre des cordeliers sur le territoire de l&rsquo;actuelle Suisse \u00e9taient rattach\u00e9s \u00e0 trois provinces diff\u00e9rentes en fonction de leur appartenance culturelle et linguistique. Dans l&rsquo;aper\u00e7u suivant, seuls les couvents d&rsquo;hommes sont pris en compte. Couvents de la ... Weiterlesen ...\" \/>\n<meta property=\"og:url\" content=\"https:\/\/cordeliers.ch\/de\/cordeliers-suisse\/\" \/>\n<meta property=\"og:site_name\" content=\"cordeliers\" \/>\n<meta property=\"article:modified_time\" content=\"2025-02-27T15:25:40+00:00\" \/>\n<meta property=\"og:image\" content=\"https:\/\/cordeliers.ch\/wp-content\/uploads\/2024\/11\/retable.jpg\" \/>\n<meta name=\"twitter:card\" content=\"summary_large_image\" \/>\n<meta name=\"twitter:label1\" content=\"Gesch\u00e4tzte Lesezeit\" \/>\n\t<meta name=\"twitter:data1\" content=\"2\u00a0Minuten\" \/>\n<script type=\"application\/ld+json\" class=\"yoast-schema-graph\">{\"@context\":\"https:\\\/\\\/schema.org\",\"@graph\":[{\"@type\":\"WebPage\",\"@id\":\"https:\\\/\\\/cordeliers.ch\\\/cordeliers-suisse\\\/\",\"url\":\"https:\\\/\\\/cordeliers.ch\\\/cordeliers-suisse\\\/\",\"name\":\"Les Cordeliers en Suisse - cordeliers\",\"isPartOf\":{\"@id\":\"https:\\\/\\\/cordeliers.ch\\\/#website\"},\"primaryImageOfPage\":{\"@id\":\"https:\\\/\\\/cordeliers.ch\\\/cordeliers-suisse\\\/#primaryimage\"},\"image\":{\"@id\":\"https:\\\/\\\/cordeliers.ch\\\/cordeliers-suisse\\\/#primaryimage\"},\"thumbnailUrl\":\"https:\\\/\\\/cordeliers.ch\\\/wp-content\\\/uploads\\\/2024\\\/11\\\/retable.jpg\",\"datePublished\":\"2024-12-18T16:22:55+00:00\",\"dateModified\":\"2025-02-27T15:25:40+00:00\",\"breadcrumb\":{\"@id\":\"https:\\\/\\\/cordeliers.ch\\\/cordeliers-suisse\\\/#breadcrumb\"},\"inLanguage\":\"de\",\"potentialAction\":[{\"@type\":\"ReadAction\",\"target\":[\"https:\\\/\\\/cordeliers.ch\\\/cordeliers-suisse\\\/\"]}]},{\"@type\":\"ImageObject\",\"inLanguage\":\"de\",\"@id\":\"https:\\\/\\\/cordeliers.ch\\\/cordeliers-suisse\\\/#primaryimage\",\"url\":\"https:\\\/\\\/cordeliers.ch\\\/wp-content\\\/uploads\\\/2024\\\/11\\\/retable.jpg\",\"contentUrl\":\"https:\\\/\\\/cordeliers.ch\\\/wp-content\\\/uploads\\\/2024\\\/11\\\/retable.jpg\"},{\"@type\":\"BreadcrumbList\",\"@id\":\"https:\\\/\\\/cordeliers.ch\\\/cordeliers-suisse\\\/#breadcrumb\",\"itemListElement\":[{\"@type\":\"ListItem\",\"position\":1,\"name\":\"Accueil\",\"item\":\"https:\\\/\\\/cordeliers.ch\\\/\"},{\"@type\":\"ListItem\",\"position\":2,\"name\":\"Les Cordeliers en Suisse\"}]},{\"@type\":\"WebSite\",\"@id\":\"https:\\\/\\\/cordeliers.ch\\\/#website\",\"url\":\"https:\\\/\\\/cordeliers.ch\\\/\",\"name\":\"cordeliers\",\"description\":\"\",\"publisher\":{\"@id\":\"https:\\\/\\\/cordeliers.ch\\\/#organization\"},\"potentialAction\":[{\"@type\":\"SearchAction\",\"target\":{\"@type\":\"EntryPoint\",\"urlTemplate\":\"https:\\\/\\\/cordeliers.ch\\\/?s={search_term_string}\"},\"query-input\":{\"@type\":\"PropertyValueSpecification\",\"valueRequired\":true,\"valueName\":\"search_term_string\"}}],\"inLanguage\":\"de\"},{\"@type\":\"Organization\",\"@id\":\"https:\\\/\\\/cordeliers.ch\\\/#organization\",\"name\":\"cordeliers\",\"url\":\"https:\\\/\\\/cordeliers.ch\\\/\",\"logo\":{\"@type\":\"ImageObject\",\"inLanguage\":\"de\",\"@id\":\"https:\\\/\\\/cordeliers.ch\\\/#\\\/schema\\\/logo\\\/image\\\/\",\"url\":\"https:\\\/\\\/cordeliers.ch\\\/wp-content\\\/uploads\\\/2024\\\/11\\\/cropped-Ativa-MS-2.png\",\"contentUrl\":\"https:\\\/\\\/cordeliers.ch\\\/wp-content\\\/uploads\\\/2024\\\/11\\\/cropped-Ativa-MS-2.png\",\"width\":461,\"height\":108,\"caption\":\"cordeliers\"},\"image\":{\"@id\":\"https:\\\/\\\/cordeliers.ch\\\/#\\\/schema\\\/logo\\\/image\\\/\"}}]}<\/script>\n<!-- \/ Yoast SEO plugin. -->","yoast_head_json":{"title":"Les Cordeliers en Suisse - cordeliers","robots":{"index":"index","follow":"follow","max-snippet":"max-snippet:-1","max-image-preview":"max-image-preview:large","max-video-preview":"max-video-preview:-1"},"canonical":"https:\/\/cordeliers.ch\/de\/cordeliers-suisse\/","og_locale":"de_DE","og_type":"article","og_title":"Les Cordeliers en Suisse - cordeliers","og_description":"Les Cordeliers en Suisse Expansion de l&rsquo;ordre des cordeliers de 1230 au 15e si\u00e8cle Les 19 couvents de l&rsquo;ordre des cordeliers sur le territoire de l&rsquo;actuelle Suisse \u00e9taient rattach\u00e9s \u00e0 trois provinces diff\u00e9rentes en fonction de leur appartenance culturelle et linguistique. Dans l&rsquo;aper\u00e7u suivant, seuls les couvents d&rsquo;hommes sont pris en compte. Couvents de la ... Weiterlesen ...","og_url":"https:\/\/cordeliers.ch\/de\/cordeliers-suisse\/","og_site_name":"cordeliers","article_modified_time":"2025-02-27T15:25:40+00:00","og_image":[{"url":"https:\/\/cordeliers.ch\/wp-content\/uploads\/2024\/11\/retable.jpg","type":"","width":"","height":""}],"twitter_card":"summary_large_image","twitter_misc":{"Gesch\u00e4tzte Lesezeit":"2\u00a0Minuten"},"schema":{"@context":"https:\/\/schema.org","@graph":[{"@type":"WebPage","@id":"https:\/\/cordeliers.ch\/cordeliers-suisse\/","url":"https:\/\/cordeliers.ch\/cordeliers-suisse\/","name":"Les Cordeliers en Suisse - cordeliers","isPartOf":{"@id":"https:\/\/cordeliers.ch\/#website"},"primaryImageOfPage":{"@id":"https:\/\/cordeliers.ch\/cordeliers-suisse\/#primaryimage"},"image":{"@id":"https:\/\/cordeliers.ch\/cordeliers-suisse\/#primaryimage"},"thumbnailUrl":"https:\/\/cordeliers.ch\/wp-content\/uploads\/2024\/11\/retable.jpg","datePublished":"2024-12-18T16:22:55+00:00","dateModified":"2025-02-27T15:25:40+00:00","breadcrumb":{"@id":"https:\/\/cordeliers.ch\/cordeliers-suisse\/#breadcrumb"},"inLanguage":"de","potentialAction":[{"@type":"ReadAction","target":["https:\/\/cordeliers.ch\/cordeliers-suisse\/"]}]},{"@type":"ImageObject","inLanguage":"de","@id":"https:\/\/cordeliers.ch\/cordeliers-suisse\/#primaryimage","url":"https:\/\/cordeliers.ch\/wp-content\/uploads\/2024\/11\/retable.jpg","contentUrl":"https:\/\/cordeliers.ch\/wp-content\/uploads\/2024\/11\/retable.jpg"},{"@type":"BreadcrumbList","@id":"https:\/\/cordeliers.ch\/cordeliers-suisse\/#breadcrumb","itemListElement":[{"@type":"ListItem","position":1,"name":"Accueil","item":"https:\/\/cordeliers.ch\/"},{"@type":"ListItem","position":2,"name":"Les Cordeliers en Suisse"}]},{"@type":"WebSite","@id":"https:\/\/cordeliers.ch\/#website","url":"https:\/\/cordeliers.ch\/","name":"cordeliers","description":"","publisher":{"@id":"https:\/\/cordeliers.ch\/#organization"},"potentialAction":[{"@type":"SearchAction","target":{"@type":"EntryPoint","urlTemplate":"https:\/\/cordeliers.ch\/?s={search_term_string}"},"query-input":{"@type":"PropertyValueSpecification","valueRequired":true,"valueName":"search_term_string"}}],"inLanguage":"de"},{"@type":"Organization","@id":"https:\/\/cordeliers.ch\/#organization","name":"cordeliers","url":"https:\/\/cordeliers.ch\/","logo":{"@type":"ImageObject","inLanguage":"de","@id":"https:\/\/cordeliers.ch\/#\/schema\/logo\/image\/","url":"https:\/\/cordeliers.ch\/wp-content\/uploads\/2024\/11\/cropped-Ativa-MS-2.png","contentUrl":"https:\/\/cordeliers.ch\/wp-content\/uploads\/2024\/11\/cropped-Ativa-MS-2.png","width":461,"height":108,"caption":"cordeliers"},"image":{"@id":"https:\/\/cordeliers.ch\/#\/schema\/logo\/image\/"}}]}},"_links":{"self":[{"href":"https:\/\/cordeliers.ch\/de\/wp-json\/wp\/v2\/pages\/22528","targetHints":{"allow":["GET"]}}],"collection":[{"href":"https:\/\/cordeliers.ch\/de\/wp-json\/wp\/v2\/pages"}],"about":[{"href":"https:\/\/cordeliers.ch\/de\/wp-json\/wp\/v2\/types\/page"}],"author":[{"embeddable":true,"href":"https:\/\/cordeliers.ch\/de\/wp-json\/wp\/v2\/users\/1"}],"replies":[{"embeddable":true,"href":"https:\/\/cordeliers.ch\/de\/wp-json\/wp\/v2\/comments?post=22528"}],"version-history":[{"count":7,"href":"https:\/\/cordeliers.ch\/de\/wp-json\/wp\/v2\/pages\/22528\/revisions"}],"predecessor-version":[{"id":24334,"href":"https:\/\/cordeliers.ch\/de\/wp-json\/wp\/v2\/pages\/22528\/revisions\/24334"}],"wp:attachment":[{"href":"https:\/\/cordeliers.ch\/de\/wp-json\/wp\/v2\/media?parent=22528"}],"curies":[{"name":"wp","href":"https:\/\/api.w.org\/{rel}","templated":true}]}}