{"id":21481,"date":"2024-11-29T11:59:39","date_gmt":"2024-11-29T10:59:39","guid":{"rendered":"http:\/\/195.34.73.93:81\/?page_id=21481"},"modified":"2025-01-27T15:12:42","modified_gmt":"2025-01-27T14:12:42","slug":"association-amis","status":"publish","type":"page","link":"https:\/\/cordeliers.ch\/de\/association-amis\/","title":{"rendered":"Vereinigung der Freunde"},"content":{"rendered":"<div data-elementor-type=\"wp-page\" data-elementor-id=\"21481\" class=\"elementor elementor-21481\" data-elementor-post-type=\"page\">\n\t\t\t\t<div class=\"elementor-element elementor-element-5821129 e-flex e-con-boxed wpr-particle-no wpr-jarallax-no wpr-parallax-no wpr-sticky-section-no e-con e-parent\" data-id=\"5821129\" data-element_type=\"container\" data-e-type=\"container\">\n\t\t\t\t\t<div class=\"e-con-inner\">\n\t\t\t\t<div class=\"elementor-element elementor-element-52d9426 elementor-widget elementor-widget-heading\" data-id=\"52d9426\" data-element_type=\"widget\" data-e-type=\"widget\" data-widget_type=\"heading.default\">\n\t\t\t\t<div class=\"elementor-widget-container\">\n\t\t\t\t\t<h1 class=\"elementor-heading-title elementor-size-default\">Vereinigung der Freunde<\/h1>\t\t\t\t<\/div>\n\t\t\t\t<\/div>\n\t\t\t\t\t<\/div>\n\t\t\t\t<\/div>\n\t\t<div class=\"elementor-element elementor-element-7846d0a e-flex e-con-boxed wpr-particle-no wpr-jarallax-no wpr-parallax-no wpr-sticky-section-no e-con e-parent\" data-id=\"7846d0a\" data-element_type=\"container\" data-e-type=\"container\">\n\t\t\t\t\t<div class=\"e-con-inner\">\n\t\t\t\t<div class=\"elementor-element elementor-element-4265c4b9 elementor-widget elementor-widget-image\" data-id=\"4265c4b9\" data-element_type=\"widget\" data-e-type=\"widget\" data-widget_type=\"image.default\">\n\t\t\t\t<div class=\"elementor-widget-container\">\n\t\t\t\t\t\t\t\t\t\t\t\t<figure class=\"wp-caption\">\n\t\t\t\t\t\t\t\t\t\t<img decoding=\"async\" src=\"https:\/\/cordeliers.ch\/wp-content\/uploads\/2024\/11\/Screenshot-2024-11-29-at-03.06.59.png\" title=\"Screenshot 2024-11-29 at 03.06.59\" alt=\"Screenshot 2024-11-29 at 03.06.59\" loading=\"lazy\" \/>\t\t\t\t\t\t\t\t\t\t\t<figcaption class=\"widget-image-caption wp-caption-text\"><\/figcaption>\n\t\t\t\t\t\t\t\t\t\t<\/figure>\n\t\t\t\t\t\t\t\t\t<\/div>\n\t\t\t\t<\/div>\n\t\t\t\t<div class=\"elementor-element elementor-element-290445f elementor-widget elementor-widget-text-editor\" data-id=\"290445f\" data-element_type=\"widget\" data-e-type=\"widget\" data-widget_type=\"text-editor.default\">\n\t\t\t\t<div class=\"elementor-widget-container\">\n\t\t\t\t\t\t\t\t\t<h3><strong>Vereinigung der Freunde des Franziskanerklosters : ein reiches Erbe, das es zu entdecken gilt<\/strong><\/h3><p>Schliessen Sie sich dem Vereinigung der Freunde des Franziskanerklosters an, um ein aussergew\u00f6hnliches franziskanisches Erbe zu erkunden, das seit Jahrhunderten bewahrt wird. Entdecken Sie seine mittelalterlichen Manuskripte, seine Kunstsch\u00e4tze und seine Rolle in der kulturellen und spirituellen Geschichte Freiburgs. Nehmen Sie an den Aktivit\u00e4ten teil, unterst\u00fctzen Sie die Restaurierung alter B\u00fccher oder werden Sie Mitglied, um zur Erhaltung dieses historischen Juwels beizutragen.<\/p>\t\t\t\t\t\t\t\t<\/div>\n\t\t\t\t<\/div>\n\t\t\t\t\t<\/div>\n\t\t\t\t<\/div>\n\t\t<div class=\"elementor-element elementor-element-3ed59a9 e-flex e-con-boxed wpr-particle-no wpr-jarallax-no wpr-parallax-no wpr-sticky-section-no e-con e-parent\" data-id=\"3ed59a9\" data-element_type=\"container\" data-e-type=\"container\">\n\t\t\t\t\t<div class=\"e-con-inner\">\n\t\t\t\t<div class=\"elementor-element elementor-element-a903afb elementor-widget elementor-widget-text-editor\" data-id=\"a903afb\" data-element_type=\"widget\" data-e-type=\"widget\" data-widget_type=\"text-editor.default\">\n\t\t\t\t<div class=\"elementor-widget-container\">\n\t\t\t\t\t\t\t\t\t<h3 class=\"translation-block\"><a href=\"https:\/\/amis-cordeliers.ch\/\" target=\"_blank\" rel=\"noopener\">=&gt; <span style=\"text-decoration: underline\">Vereinigung der Freunde des Franziskanerklosters<\/span><\/a><\/h3>\t\t\t\t\t\t\t\t<\/div>\n\t\t\t\t<\/div>\n\t\t\t\t\t<\/div>\n\t\t\t\t<\/div>\n\t\t\t\t<\/div>","protected":false},"excerpt":{"rendered":"<p>Association des amis Association des Amis du Couvent des Cordeliers : une richesse patrimoniale \u00e0 d\u00e9couvrir Rejoignez l&rsquo;Association des Amis du Couvent des Cordeliers pour explorer un patrimoine franciscain exceptionnel, pr\u00e9serv\u00e9 depuis des si\u00e8cles. D\u00e9couvrez ses manuscrits m\u00e9di\u00e9vaux, ses tr\u00e9sors artistiques, et son r\u00f4le dans l&rsquo;histoire culturelle et spirituelle de Fribourg. Participez aux activit\u00e9s, soutenez &#8230; <a title=\"Vereinigung der Freunde\" class=\"read-more\" href=\"https:\/\/cordeliers.ch\/de\/association-amis\/\" aria-label=\"Mehr Informationen \u00fcber Association des amis\">Weiterlesen &#8230;<\/a><\/p>","protected":false},"author":1,"featured_media":0,"parent":0,"menu_order":0,"comment_status":"closed","ping_status":"closed","template":"elementor_header_footer","meta":{"footnotes":""},"class_list":["post-21481","page","type-page","status-publish"],"yoast_head":"<!-- This site is optimized with the Yoast SEO plugin v27.3 - https:\/\/yoast.com\/product\/yoast-seo-wordpress\/ -->\n<title>Association des amis - cordeliers<\/title>\n<meta name=\"robots\" content=\"index, follow, max-snippet:-1, max-image-preview:large, max-video-preview:-1\" \/>\n<link rel=\"canonical\" href=\"https:\/\/cordeliers.ch\/de\/association-amis\/\" \/>\n<meta property=\"og:locale\" content=\"de_DE\" \/>\n<meta property=\"og:type\" content=\"article\" \/>\n<meta property=\"og:title\" content=\"Association des amis - cordeliers\" \/>\n<meta property=\"og:description\" content=\"Association des amis Association des Amis du Couvent des Cordeliers : une richesse patrimoniale \u00e0 d\u00e9couvrir Rejoignez l&rsquo;Association des Amis du Couvent des Cordeliers pour explorer un patrimoine franciscain exceptionnel, pr\u00e9serv\u00e9 depuis des si\u00e8cles. D\u00e9couvrez ses manuscrits m\u00e9di\u00e9vaux, ses tr\u00e9sors artistiques, et son r\u00f4le dans l&rsquo;histoire culturelle et spirituelle de Fribourg. Participez aux activit\u00e9s, soutenez ... Weiterlesen ...\" \/>\n<meta property=\"og:url\" content=\"https:\/\/cordeliers.ch\/de\/association-amis\/\" \/>\n<meta property=\"og:site_name\" content=\"cordeliers\" \/>\n<meta property=\"article:modified_time\" content=\"2025-01-27T14:12:42+00:00\" \/>\n<meta property=\"og:image\" content=\"https:\/\/cordeliers.ch\/wp-content\/uploads\/2024\/11\/Screenshot-2024-11-29-at-03.06.59.png\" \/>\n<meta name=\"twitter:card\" content=\"summary_large_image\" \/>\n<script type=\"application\/ld+json\" class=\"yoast-schema-graph\">{\"@context\":\"https:\\\/\\\/schema.org\",\"@graph\":[{\"@type\":\"WebPage\",\"@id\":\"https:\\\/\\\/cordeliers.ch\\\/association-amis\\\/\",\"url\":\"https:\\\/\\\/cordeliers.ch\\\/association-amis\\\/\",\"name\":\"Association des amis - cordeliers\",\"isPartOf\":{\"@id\":\"https:\\\/\\\/cordeliers.ch\\\/#website\"},\"primaryImageOfPage\":{\"@id\":\"https:\\\/\\\/cordeliers.ch\\\/association-amis\\\/#primaryimage\"},\"image\":{\"@id\":\"https:\\\/\\\/cordeliers.ch\\\/association-amis\\\/#primaryimage\"},\"thumbnailUrl\":\"https:\\\/\\\/cordeliers.ch\\\/wp-content\\\/uploads\\\/2024\\\/11\\\/Screenshot-2024-11-29-at-03.06.59.png\",\"datePublished\":\"2024-11-29T10:59:39+00:00\",\"dateModified\":\"2025-01-27T14:12:42+00:00\",\"breadcrumb\":{\"@id\":\"https:\\\/\\\/cordeliers.ch\\\/association-amis\\\/#breadcrumb\"},\"inLanguage\":\"de\",\"potentialAction\":[{\"@type\":\"ReadAction\",\"target\":[\"https:\\\/\\\/cordeliers.ch\\\/association-amis\\\/\"]}]},{\"@type\":\"ImageObject\",\"inLanguage\":\"de\",\"@id\":\"https:\\\/\\\/cordeliers.ch\\\/association-amis\\\/#primaryimage\",\"url\":\"https:\\\/\\\/cordeliers.ch\\\/wp-content\\\/uploads\\\/2024\\\/11\\\/Screenshot-2024-11-29-at-03.06.59.png\",\"contentUrl\":\"https:\\\/\\\/cordeliers.ch\\\/wp-content\\\/uploads\\\/2024\\\/11\\\/Screenshot-2024-11-29-at-03.06.59.png\"},{\"@type\":\"BreadcrumbList\",\"@id\":\"https:\\\/\\\/cordeliers.ch\\\/association-amis\\\/#breadcrumb\",\"itemListElement\":[{\"@type\":\"ListItem\",\"position\":1,\"name\":\"Accueil\",\"item\":\"https:\\\/\\\/cordeliers.ch\\\/\"},{\"@type\":\"ListItem\",\"position\":2,\"name\":\"Association des amis\"}]},{\"@type\":\"WebSite\",\"@id\":\"https:\\\/\\\/cordeliers.ch\\\/#website\",\"url\":\"https:\\\/\\\/cordeliers.ch\\\/\",\"name\":\"cordeliers\",\"description\":\"\",\"publisher\":{\"@id\":\"https:\\\/\\\/cordeliers.ch\\\/#organization\"},\"potentialAction\":[{\"@type\":\"SearchAction\",\"target\":{\"@type\":\"EntryPoint\",\"urlTemplate\":\"https:\\\/\\\/cordeliers.ch\\\/?s={search_term_string}\"},\"query-input\":{\"@type\":\"PropertyValueSpecification\",\"valueRequired\":true,\"valueName\":\"search_term_string\"}}],\"inLanguage\":\"de\"},{\"@type\":\"Organization\",\"@id\":\"https:\\\/\\\/cordeliers.ch\\\/#organization\",\"name\":\"cordeliers\",\"url\":\"https:\\\/\\\/cordeliers.ch\\\/\",\"logo\":{\"@type\":\"ImageObject\",\"inLanguage\":\"de\",\"@id\":\"https:\\\/\\\/cordeliers.ch\\\/#\\\/schema\\\/logo\\\/image\\\/\",\"url\":\"https:\\\/\\\/cordeliers.ch\\\/wp-content\\\/uploads\\\/2024\\\/11\\\/cropped-Ativa-MS-2.png\",\"contentUrl\":\"https:\\\/\\\/cordeliers.ch\\\/wp-content\\\/uploads\\\/2024\\\/11\\\/cropped-Ativa-MS-2.png\",\"width\":461,\"height\":108,\"caption\":\"cordeliers\"},\"image\":{\"@id\":\"https:\\\/\\\/cordeliers.ch\\\/#\\\/schema\\\/logo\\\/image\\\/\"}}]}<\/script>\n<!-- \/ Yoast SEO plugin. -->","yoast_head_json":{"title":"Association des amis - cordeliers","robots":{"index":"index","follow":"follow","max-snippet":"max-snippet:-1","max-image-preview":"max-image-preview:large","max-video-preview":"max-video-preview:-1"},"canonical":"https:\/\/cordeliers.ch\/de\/association-amis\/","og_locale":"de_DE","og_type":"article","og_title":"Association des amis - cordeliers","og_description":"Association des amis Association des Amis du Couvent des Cordeliers : une richesse patrimoniale \u00e0 d\u00e9couvrir Rejoignez l&rsquo;Association des Amis du Couvent des Cordeliers pour explorer un patrimoine franciscain exceptionnel, pr\u00e9serv\u00e9 depuis des si\u00e8cles. D\u00e9couvrez ses manuscrits m\u00e9di\u00e9vaux, ses tr\u00e9sors artistiques, et son r\u00f4le dans l&rsquo;histoire culturelle et spirituelle de Fribourg. Participez aux activit\u00e9s, soutenez ... Weiterlesen ...","og_url":"https:\/\/cordeliers.ch\/de\/association-amis\/","og_site_name":"cordeliers","article_modified_time":"2025-01-27T14:12:42+00:00","og_image":[{"url":"https:\/\/cordeliers.ch\/wp-content\/uploads\/2024\/11\/Screenshot-2024-11-29-at-03.06.59.png","type":"","width":"","height":""}],"twitter_card":"summary_large_image","schema":{"@context":"https:\/\/schema.org","@graph":[{"@type":"WebPage","@id":"https:\/\/cordeliers.ch\/association-amis\/","url":"https:\/\/cordeliers.ch\/association-amis\/","name":"Association des amis - cordeliers","isPartOf":{"@id":"https:\/\/cordeliers.ch\/#website"},"primaryImageOfPage":{"@id":"https:\/\/cordeliers.ch\/association-amis\/#primaryimage"},"image":{"@id":"https:\/\/cordeliers.ch\/association-amis\/#primaryimage"},"thumbnailUrl":"https:\/\/cordeliers.ch\/wp-content\/uploads\/2024\/11\/Screenshot-2024-11-29-at-03.06.59.png","datePublished":"2024-11-29T10:59:39+00:00","dateModified":"2025-01-27T14:12:42+00:00","breadcrumb":{"@id":"https:\/\/cordeliers.ch\/association-amis\/#breadcrumb"},"inLanguage":"de","potentialAction":[{"@type":"ReadAction","target":["https:\/\/cordeliers.ch\/association-amis\/"]}]},{"@type":"ImageObject","inLanguage":"de","@id":"https:\/\/cordeliers.ch\/association-amis\/#primaryimage","url":"https:\/\/cordeliers.ch\/wp-content\/uploads\/2024\/11\/Screenshot-2024-11-29-at-03.06.59.png","contentUrl":"https:\/\/cordeliers.ch\/wp-content\/uploads\/2024\/11\/Screenshot-2024-11-29-at-03.06.59.png"},{"@type":"BreadcrumbList","@id":"https:\/\/cordeliers.ch\/association-amis\/#breadcrumb","itemListElement":[{"@type":"ListItem","position":1,"name":"Accueil","item":"https:\/\/cordeliers.ch\/"},{"@type":"ListItem","position":2,"name":"Association des amis"}]},{"@type":"WebSite","@id":"https:\/\/cordeliers.ch\/#website","url":"https:\/\/cordeliers.ch\/","name":"cordeliers","description":"","publisher":{"@id":"https:\/\/cordeliers.ch\/#organization"},"potentialAction":[{"@type":"SearchAction","target":{"@type":"EntryPoint","urlTemplate":"https:\/\/cordeliers.ch\/?s={search_term_string}"},"query-input":{"@type":"PropertyValueSpecification","valueRequired":true,"valueName":"search_term_string"}}],"inLanguage":"de"},{"@type":"Organization","@id":"https:\/\/cordeliers.ch\/#organization","name":"cordeliers","url":"https:\/\/cordeliers.ch\/","logo":{"@type":"ImageObject","inLanguage":"de","@id":"https:\/\/cordeliers.ch\/#\/schema\/logo\/image\/","url":"https:\/\/cordeliers.ch\/wp-content\/uploads\/2024\/11\/cropped-Ativa-MS-2.png","contentUrl":"https:\/\/cordeliers.ch\/wp-content\/uploads\/2024\/11\/cropped-Ativa-MS-2.png","width":461,"height":108,"caption":"cordeliers"},"image":{"@id":"https:\/\/cordeliers.ch\/#\/schema\/logo\/image\/"}}]}},"_links":{"self":[{"href":"https:\/\/cordeliers.ch\/de\/wp-json\/wp\/v2\/pages\/21481","targetHints":{"allow":["GET"]}}],"collection":[{"href":"https:\/\/cordeliers.ch\/de\/wp-json\/wp\/v2\/pages"}],"about":[{"href":"https:\/\/cordeliers.ch\/de\/wp-json\/wp\/v2\/types\/page"}],"author":[{"embeddable":true,"href":"https:\/\/cordeliers.ch\/de\/wp-json\/wp\/v2\/users\/1"}],"replies":[{"embeddable":true,"href":"https:\/\/cordeliers.ch\/de\/wp-json\/wp\/v2\/comments?post=21481"}],"version-history":[{"count":56,"href":"https:\/\/cordeliers.ch\/de\/wp-json\/wp\/v2\/pages\/21481\/revisions"}],"predecessor-version":[{"id":24147,"href":"https:\/\/cordeliers.ch\/de\/wp-json\/wp\/v2\/pages\/21481\/revisions\/24147"}],"wp:attachment":[{"href":"https:\/\/cordeliers.ch\/de\/wp-json\/wp\/v2\/media?parent=21481"}],"curies":[{"name":"wp","href":"https:\/\/api.w.org\/{rel}","templated":true}]}}