{"id":21439,"date":"2024-11-21T15:55:22","date_gmt":"2024-11-21T14:55:22","guid":{"rendered":"http:\/\/195.34.73.93:81\/?page_id=21439"},"modified":"2025-01-17T17:29:23","modified_gmt":"2025-01-17T16:29:23","slug":"dons","status":"publish","type":"page","link":"https:\/\/cordeliers.ch\/de\/dons\/","title":{"rendered":"Spenden"},"content":{"rendered":"\t\t<div data-elementor-type=\"wp-page\" data-elementor-id=\"21439\" class=\"elementor elementor-21439\" data-elementor-post-type=\"page\">\n\t\t\t\t<div class=\"elementor-element elementor-element-3939719 e-flex e-con-boxed wpr-particle-no wpr-jarallax-no wpr-parallax-no wpr-sticky-section-no e-con e-parent\" data-id=\"3939719\" data-element_type=\"container\" data-e-type=\"container\">\n\t\t\t\t\t<div class=\"e-con-inner\">\n\t\t\t\t<div class=\"elementor-element elementor-element-52d9426 elementor-widget elementor-widget-heading\" data-id=\"52d9426\" data-element_type=\"widget\" data-e-type=\"widget\" data-widget_type=\"heading.default\">\n\t\t\t\t<div class=\"elementor-widget-container\">\n\t\t\t\t\t<h1 class=\"elementor-heading-title elementor-size-default\">Faire un don<\/h1>\t\t\t\t<\/div>\n\t\t\t\t<\/div>\n\t\t\t\t\t<\/div>\n\t\t\t\t<\/div>\n\t\t<div class=\"elementor-element elementor-element-7846d0a e-flex e-con-boxed wpr-particle-no wpr-jarallax-no wpr-parallax-no wpr-sticky-section-no e-con e-parent\" data-id=\"7846d0a\" data-element_type=\"container\" data-e-type=\"container\">\n\t\t\t\t\t<div class=\"e-con-inner\">\n\t\t\t\t<div class=\"elementor-element elementor-element-42f26035 elementor-widget elementor-widget-text-editor\" data-id=\"42f26035\" data-element_type=\"widget\" data-e-type=\"widget\" data-widget_type=\"text-editor.default\">\n\t\t\t\t<div class=\"elementor-widget-container\">\n\t\t\t\t\t\t\t\t\t<p>Un grand merci pour votre g\u00e9n\u00e9rosit\u00e9 !<\/p>\t\t\t\t\t\t\t\t<\/div>\n\t\t\t\t<\/div>\n\t\t\t\t<div class=\"elementor-element elementor-element-4265c4b9 elementor-widget elementor-widget-image\" data-id=\"4265c4b9\" data-element_type=\"widget\" data-e-type=\"widget\" data-widget_type=\"image.default\">\n\t\t\t\t<div class=\"elementor-widget-container\">\n\t\t\t\t\t\t\t\t\t\t\t\t<figure class=\"wp-caption\">\n\t\t\t\t\t\t\t\t\t\t<img fetchpriority=\"high\" decoding=\"async\" width=\"1024\" height=\"611\" src=\"https:\/\/cordeliers.ch\/wp-content\/uploads\/2024\/11\/Le-couvent-des-Cordeliers-fribourg-2-1024x611.jpg\" class=\"attachment-large size-large wp-image-20459\" alt=\"\" srcset=\"https:\/\/cordeliers.ch\/wp-content\/uploads\/2024\/11\/Le-couvent-des-Cordeliers-fribourg-2-1024x611.jpg 1024w, https:\/\/cordeliers.ch\/wp-content\/uploads\/2024\/11\/Le-couvent-des-Cordeliers-fribourg-2-300x179.jpg 300w, https:\/\/cordeliers.ch\/wp-content\/uploads\/2024\/11\/Le-couvent-des-Cordeliers-fribourg-2-768x458.jpg 768w, https:\/\/cordeliers.ch\/wp-content\/uploads\/2024\/11\/Le-couvent-des-Cordeliers-fribourg-2-1536x916.jpg 1536w, https:\/\/cordeliers.ch\/wp-content\/uploads\/2024\/11\/Le-couvent-des-Cordeliers-fribourg-2.jpg 1920w\" sizes=\"(max-width: 1024px) 100vw, 1024px\" \/>\t\t\t\t\t\t\t\t\t\t\t<figcaption class=\"widget-image-caption wp-caption-text\"><\/figcaption>\n\t\t\t\t\t\t\t\t\t\t<\/figure>\n\t\t\t\t\t\t\t\t\t<\/div>\n\t\t\t\t<\/div>\n\t\t\t\t\t<\/div>\n\t\t\t\t<\/div>\n\t\t<div class=\"elementor-element elementor-element-6b19d26 e-flex e-con-boxed wpr-particle-no wpr-jarallax-no wpr-parallax-no wpr-sticky-section-no e-con e-parent\" data-id=\"6b19d26\" data-element_type=\"container\" data-e-type=\"container\">\n\t\t\t\t\t<div class=\"e-con-inner\">\n\t\t<div class=\"elementor-element elementor-element-f7ede9a e-con-full e-flex wpr-particle-no wpr-jarallax-no wpr-parallax-no wpr-sticky-section-no e-con e-child\" data-id=\"f7ede9a\" data-element_type=\"container\" data-e-type=\"container\">\n\t\t\t\t<div class=\"elementor-element elementor-element-bfcd5c2 elementor-widget elementor-widget-text-editor\" data-id=\"bfcd5c2\" data-element_type=\"widget\" data-e-type=\"widget\" data-widget_type=\"text-editor.default\">\n\t\t\t\t<div class=\"elementor-widget-container\">\n\t\t\t\t\t\t\t\t\t<h3 style=\"text-align: center;\"><b>Transfert bancaire<br \/><\/b><\/h3>\t\t\t\t\t\t\t\t<\/div>\n\t\t\t\t<\/div>\n\t\t\t\t<div class=\"elementor-element elementor-element-033e63a elementor-widget elementor-widget-html\" data-id=\"033e63a\" data-element_type=\"widget\" data-e-type=\"widget\" data-widget_type=\"html.default\">\n\t\t\t\t<div class=\"elementor-widget-container\">\n\t\t\t\t\t<div>\n    <table class=\"details-table\">\n        <thead>\n            <tr>\n                <th>Information<\/th>\n                <th>D\u00e9tail<\/th>\n            <\/tr>\n        <\/thead>\n        <tbody>\n            <tr>\n                <th scope=\"row\">B\u00e9n\u00e9ficiaire<\/th>\n                <td>Couvent des Cordeliers,\n1700 Fribourg<\/td>\n            <\/tr>\n            <tr>\n                <th scope=\"row\">Banque<\/th>\n                <td>\u200b\u200bBanque Cantonale de Fribourg (BCF), 1701 Fribourg<\/td>\n            <\/tr>\n            <tr>\n                <th scope=\"row\">Num\u00e9ro de Compte<\/th>\n                <td>30 01 314.669-00<\/td>\n            <\/tr>\n            <tr>\n                <th scope=\"row\">IBAN<\/th>\n                <td>CH15 0076 8300 1314 6690 0<\/td>\n            <\/tr>\n            <tr>\n                <th scope=\"row\">BIC\/SWIFT<\/th>\n                <td>BEFRCH22<\/td>\n            <\/tr>\n        <\/tbody>\n    <\/table>\n<\/div>\n\n<style>\n    .details-table {\n        width: 100%;\n        border-collapse: collapse;\n        margin-top: 20px;\n    }\n\n    .details-table th,\n    .details-table td {\n        padding: 10px;\n        text-align: left;\n        border-bottom: 1px solid #ddd;\n    }\n\n    .details-table th {\n        background-color: #C15520;\n        color: #fff;\n    }\n\n    .details-table tr:nth-child(even) {\n        background-color: #f9f9f9;\n    }\n\n    .details-table th[scope=\"row\"] {\n        text-align: right;\n        font-weight: bold;\n        color: #575760;\n        background-color: #f3f3f3;\n    }\n<\/style>\n\t\t\t\t<\/div>\n\t\t\t\t<\/div>\n\t\t\t\t<\/div>\n\t\t<div class=\"elementor-element elementor-element-8338ed9 e-con-full e-flex wpr-particle-no wpr-jarallax-no wpr-parallax-no wpr-sticky-section-no e-con e-child\" data-id=\"8338ed9\" data-element_type=\"container\" data-e-type=\"container\">\n\t\t\t\t<div class=\"elementor-element elementor-element-a903afb elementor-widget elementor-widget-text-editor\" data-id=\"a903afb\" data-element_type=\"widget\" data-e-type=\"widget\" data-widget_type=\"text-editor.default\">\n\t\t\t\t<div class=\"elementor-widget-container\">\n\t\t\t\t\t\t\t\t\t<h3 style=\"text-align: center;\"><b>Via twint<br \/><\/b><\/h3>\t\t\t\t\t\t\t\t<\/div>\n\t\t\t\t<\/div>\n\t\t\t\t<div class=\"elementor-element elementor-element-e99ffc7 elementor-widget elementor-widget-image\" data-id=\"e99ffc7\" data-element_type=\"widget\" data-e-type=\"widget\" data-widget_type=\"image.default\">\n\t\t\t\t<div class=\"elementor-widget-container\">\n\t\t\t\t\t\t\t\t\t\t\t\t\t\t\t<img decoding=\"async\" width=\"313\" height=\"500\" src=\"https:\/\/cordeliers.ch\/wp-content\/uploads\/2024\/11\/Couvent-des-Cordeliers-CHF-100.jpg\" class=\"attachment-large size-large wp-image-21446\" alt=\"\" srcset=\"https:\/\/cordeliers.ch\/wp-content\/uploads\/2024\/11\/Couvent-des-Cordeliers-CHF-100.jpg 313w, https:\/\/cordeliers.ch\/wp-content\/uploads\/2024\/11\/Couvent-des-Cordeliers-CHF-100-188x300.jpg 188w\" sizes=\"(max-width: 313px) 100vw, 313px\" \/>\t\t\t\t\t\t\t\t\t\t\t\t\t\t\t<\/div>\n\t\t\t\t<\/div>\n\t\t\t\t<\/div>\n\t\t\t\t\t<\/div>\n\t\t\t\t<\/div>\n\t\t\t\t<\/div>\n\t\t","protected":false},"excerpt":{"rendered":"<p>Faire un don Un grand merci pour votre g\u00e9n\u00e9rosit\u00e9 ! Transfert bancaire Information D\u00e9tail B\u00e9n\u00e9ficiaire Couvent des Cordeliers, 1700 Fribourg Banque \u200b\u200bBanque Cantonale de Fribourg (BCF), 1701 Fribourg Num\u00e9ro de Compte 30 01 314.669-00 IBAN CH15 0076 8300 1314 6690 0 BIC\/SWIFT BEFRCH22 Via twint<\/p>","protected":false},"author":1,"featured_media":0,"parent":0,"menu_order":0,"comment_status":"closed","ping_status":"closed","template":"elementor_header_footer","meta":{"footnotes":""},"class_list":["post-21439","page","type-page","status-publish"],"yoast_head":"<!-- This site is optimized with the Yoast SEO plugin v27.3 - https:\/\/yoast.com\/product\/yoast-seo-wordpress\/ -->\n<title>Dons - cordeliers<\/title>\n<meta name=\"robots\" content=\"index, follow, max-snippet:-1, max-image-preview:large, max-video-preview:-1\" \/>\n<link rel=\"canonical\" href=\"https:\/\/cordeliers.ch\/de\/dons\/\" \/>\n<meta property=\"og:locale\" content=\"de_DE\" \/>\n<meta property=\"og:type\" content=\"article\" \/>\n<meta property=\"og:title\" content=\"Dons - cordeliers\" \/>\n<meta property=\"og:description\" content=\"Faire un don Un grand merci pour votre g\u00e9n\u00e9rosit\u00e9 ! Transfert bancaire Information D\u00e9tail B\u00e9n\u00e9ficiaire Couvent des Cordeliers, 1700 Fribourg Banque \u200b\u200bBanque Cantonale de Fribourg (BCF), 1701 Fribourg Num\u00e9ro de Compte 30 01 314.669-00 IBAN CH15 0076 8300 1314 6690 0 BIC\/SWIFT BEFRCH22 Via twint\" \/>\n<meta property=\"og:url\" content=\"https:\/\/cordeliers.ch\/de\/dons\/\" \/>\n<meta property=\"og:site_name\" content=\"cordeliers\" \/>\n<meta property=\"article:modified_time\" content=\"2025-01-17T16:29:23+00:00\" \/>\n<meta property=\"og:image\" content=\"https:\/\/cordeliers.ch\/wp-content\/uploads\/2024\/11\/Le-couvent-des-Cordeliers-fribourg-2-1024x611.jpg\" \/>\n<meta name=\"twitter:card\" content=\"summary_large_image\" \/>\n<script type=\"application\/ld+json\" class=\"yoast-schema-graph\">{\"@context\":\"https:\\\/\\\/schema.org\",\"@graph\":[{\"@type\":\"WebPage\",\"@id\":\"https:\\\/\\\/cordeliers.ch\\\/dons\\\/\",\"url\":\"https:\\\/\\\/cordeliers.ch\\\/dons\\\/\",\"name\":\"Dons - cordeliers\",\"isPartOf\":{\"@id\":\"https:\\\/\\\/cordeliers.ch\\\/#website\"},\"primaryImageOfPage\":{\"@id\":\"https:\\\/\\\/cordeliers.ch\\\/dons\\\/#primaryimage\"},\"image\":{\"@id\":\"https:\\\/\\\/cordeliers.ch\\\/dons\\\/#primaryimage\"},\"thumbnailUrl\":\"https:\\\/\\\/cordeliers.ch\\\/wp-content\\\/uploads\\\/2024\\\/11\\\/Le-couvent-des-Cordeliers-fribourg-2-1024x611.jpg\",\"datePublished\":\"2024-11-21T14:55:22+00:00\",\"dateModified\":\"2025-01-17T16:29:23+00:00\",\"breadcrumb\":{\"@id\":\"https:\\\/\\\/cordeliers.ch\\\/dons\\\/#breadcrumb\"},\"inLanguage\":\"de\",\"potentialAction\":[{\"@type\":\"ReadAction\",\"target\":[\"https:\\\/\\\/cordeliers.ch\\\/dons\\\/\"]}]},{\"@type\":\"ImageObject\",\"inLanguage\":\"de\",\"@id\":\"https:\\\/\\\/cordeliers.ch\\\/dons\\\/#primaryimage\",\"url\":\"https:\\\/\\\/cordeliers.ch\\\/wp-content\\\/uploads\\\/2024\\\/11\\\/Le-couvent-des-Cordeliers-fribourg-2-1024x611.jpg\",\"contentUrl\":\"https:\\\/\\\/cordeliers.ch\\\/wp-content\\\/uploads\\\/2024\\\/11\\\/Le-couvent-des-Cordeliers-fribourg-2-1024x611.jpg\"},{\"@type\":\"BreadcrumbList\",\"@id\":\"https:\\\/\\\/cordeliers.ch\\\/dons\\\/#breadcrumb\",\"itemListElement\":[{\"@type\":\"ListItem\",\"position\":1,\"name\":\"Accueil\",\"item\":\"https:\\\/\\\/cordeliers.ch\\\/\"},{\"@type\":\"ListItem\",\"position\":2,\"name\":\"Dons\"}]},{\"@type\":\"WebSite\",\"@id\":\"https:\\\/\\\/cordeliers.ch\\\/#website\",\"url\":\"https:\\\/\\\/cordeliers.ch\\\/\",\"name\":\"cordeliers\",\"description\":\"\",\"publisher\":{\"@id\":\"https:\\\/\\\/cordeliers.ch\\\/#organization\"},\"potentialAction\":[{\"@type\":\"SearchAction\",\"target\":{\"@type\":\"EntryPoint\",\"urlTemplate\":\"https:\\\/\\\/cordeliers.ch\\\/?s={search_term_string}\"},\"query-input\":{\"@type\":\"PropertyValueSpecification\",\"valueRequired\":true,\"valueName\":\"search_term_string\"}}],\"inLanguage\":\"de\"},{\"@type\":\"Organization\",\"@id\":\"https:\\\/\\\/cordeliers.ch\\\/#organization\",\"name\":\"cordeliers\",\"url\":\"https:\\\/\\\/cordeliers.ch\\\/\",\"logo\":{\"@type\":\"ImageObject\",\"inLanguage\":\"de\",\"@id\":\"https:\\\/\\\/cordeliers.ch\\\/#\\\/schema\\\/logo\\\/image\\\/\",\"url\":\"https:\\\/\\\/cordeliers.ch\\\/wp-content\\\/uploads\\\/2024\\\/11\\\/cropped-Ativa-MS-2.png\",\"contentUrl\":\"https:\\\/\\\/cordeliers.ch\\\/wp-content\\\/uploads\\\/2024\\\/11\\\/cropped-Ativa-MS-2.png\",\"width\":461,\"height\":108,\"caption\":\"cordeliers\"},\"image\":{\"@id\":\"https:\\\/\\\/cordeliers.ch\\\/#\\\/schema\\\/logo\\\/image\\\/\"}}]}<\/script>\n<!-- \/ Yoast SEO plugin. -->","yoast_head_json":{"title":"Dons - cordeliers","robots":{"index":"index","follow":"follow","max-snippet":"max-snippet:-1","max-image-preview":"max-image-preview:large","max-video-preview":"max-video-preview:-1"},"canonical":"https:\/\/cordeliers.ch\/de\/dons\/","og_locale":"de_DE","og_type":"article","og_title":"Dons - cordeliers","og_description":"Faire un don Un grand merci pour votre g\u00e9n\u00e9rosit\u00e9 ! Transfert bancaire Information D\u00e9tail B\u00e9n\u00e9ficiaire Couvent des Cordeliers, 1700 Fribourg Banque \u200b\u200bBanque Cantonale de Fribourg (BCF), 1701 Fribourg Num\u00e9ro de Compte 30 01 314.669-00 IBAN CH15 0076 8300 1314 6690 0 BIC\/SWIFT BEFRCH22 Via twint","og_url":"https:\/\/cordeliers.ch\/de\/dons\/","og_site_name":"cordeliers","article_modified_time":"2025-01-17T16:29:23+00:00","og_image":[{"url":"https:\/\/cordeliers.ch\/wp-content\/uploads\/2024\/11\/Le-couvent-des-Cordeliers-fribourg-2-1024x611.jpg","type":"","width":"","height":""}],"twitter_card":"summary_large_image","schema":{"@context":"https:\/\/schema.org","@graph":[{"@type":"WebPage","@id":"https:\/\/cordeliers.ch\/dons\/","url":"https:\/\/cordeliers.ch\/dons\/","name":"Dons - cordeliers","isPartOf":{"@id":"https:\/\/cordeliers.ch\/#website"},"primaryImageOfPage":{"@id":"https:\/\/cordeliers.ch\/dons\/#primaryimage"},"image":{"@id":"https:\/\/cordeliers.ch\/dons\/#primaryimage"},"thumbnailUrl":"https:\/\/cordeliers.ch\/wp-content\/uploads\/2024\/11\/Le-couvent-des-Cordeliers-fribourg-2-1024x611.jpg","datePublished":"2024-11-21T14:55:22+00:00","dateModified":"2025-01-17T16:29:23+00:00","breadcrumb":{"@id":"https:\/\/cordeliers.ch\/dons\/#breadcrumb"},"inLanguage":"de","potentialAction":[{"@type":"ReadAction","target":["https:\/\/cordeliers.ch\/dons\/"]}]},{"@type":"ImageObject","inLanguage":"de","@id":"https:\/\/cordeliers.ch\/dons\/#primaryimage","url":"https:\/\/cordeliers.ch\/wp-content\/uploads\/2024\/11\/Le-couvent-des-Cordeliers-fribourg-2-1024x611.jpg","contentUrl":"https:\/\/cordeliers.ch\/wp-content\/uploads\/2024\/11\/Le-couvent-des-Cordeliers-fribourg-2-1024x611.jpg"},{"@type":"BreadcrumbList","@id":"https:\/\/cordeliers.ch\/dons\/#breadcrumb","itemListElement":[{"@type":"ListItem","position":1,"name":"Accueil","item":"https:\/\/cordeliers.ch\/"},{"@type":"ListItem","position":2,"name":"Dons"}]},{"@type":"WebSite","@id":"https:\/\/cordeliers.ch\/#website","url":"https:\/\/cordeliers.ch\/","name":"cordeliers","description":"","publisher":{"@id":"https:\/\/cordeliers.ch\/#organization"},"potentialAction":[{"@type":"SearchAction","target":{"@type":"EntryPoint","urlTemplate":"https:\/\/cordeliers.ch\/?s={search_term_string}"},"query-input":{"@type":"PropertyValueSpecification","valueRequired":true,"valueName":"search_term_string"}}],"inLanguage":"de"},{"@type":"Organization","@id":"https:\/\/cordeliers.ch\/#organization","name":"cordeliers","url":"https:\/\/cordeliers.ch\/","logo":{"@type":"ImageObject","inLanguage":"de","@id":"https:\/\/cordeliers.ch\/#\/schema\/logo\/image\/","url":"https:\/\/cordeliers.ch\/wp-content\/uploads\/2024\/11\/cropped-Ativa-MS-2.png","contentUrl":"https:\/\/cordeliers.ch\/wp-content\/uploads\/2024\/11\/cropped-Ativa-MS-2.png","width":461,"height":108,"caption":"cordeliers"},"image":{"@id":"https:\/\/cordeliers.ch\/#\/schema\/logo\/image\/"}}]}},"_links":{"self":[{"href":"https:\/\/cordeliers.ch\/de\/wp-json\/wp\/v2\/pages\/21439","targetHints":{"allow":["GET"]}}],"collection":[{"href":"https:\/\/cordeliers.ch\/de\/wp-json\/wp\/v2\/pages"}],"about":[{"href":"https:\/\/cordeliers.ch\/de\/wp-json\/wp\/v2\/types\/page"}],"author":[{"embeddable":true,"href":"https:\/\/cordeliers.ch\/de\/wp-json\/wp\/v2\/users\/1"}],"replies":[{"embeddable":true,"href":"https:\/\/cordeliers.ch\/de\/wp-json\/wp\/v2\/comments?post=21439"}],"version-history":[{"count":40,"href":"https:\/\/cordeliers.ch\/de\/wp-json\/wp\/v2\/pages\/21439\/revisions"}],"predecessor-version":[{"id":23870,"href":"https:\/\/cordeliers.ch\/de\/wp-json\/wp\/v2\/pages\/21439\/revisions\/23870"}],"wp:attachment":[{"href":"https:\/\/cordeliers.ch\/de\/wp-json\/wp\/v2\/media?parent=21439"}],"curies":[{"name":"wp","href":"https:\/\/api.w.org\/{rel}","templated":true}]}}