{"id":21068,"date":"2024-11-19T15:33:33","date_gmt":"2024-11-19T14:33:33","guid":{"rendered":"http:\/\/195.34.73.93:81\/?page_id=21068"},"modified":"2025-07-11T08:10:54","modified_gmt":"2025-07-11T06:10:54","slug":"archives","status":"publish","type":"page","link":"https:\/\/cordeliers.ch\/de\/archives\/","title":{"rendered":"Archiv"},"content":{"rendered":"<div data-elementor-type=\"wp-page\" data-elementor-id=\"21068\" class=\"elementor elementor-21068\" data-elementor-post-type=\"page\">\n\t\t\t\t<div class=\"elementor-element elementor-element-b7f4d81 e-flex e-con-boxed wpr-particle-no wpr-jarallax-no wpr-parallax-no wpr-sticky-section-no e-con e-parent\" data-id=\"b7f4d81\" data-element_type=\"container\" data-e-type=\"container\">\n\t\t\t\t\t<div class=\"e-con-inner\">\n\t\t\t\t<div class=\"elementor-element elementor-element-2bff315 elementor-widget elementor-widget-heading\" data-id=\"2bff315\" data-element_type=\"widget\" data-e-type=\"widget\" data-widget_type=\"heading.default\">\n\t\t\t\t<div class=\"elementor-widget-container\">\n\t\t\t\t\t<h1 class=\"elementor-heading-title elementor-size-default\">Archiv <\/h1>\t\t\t\t<\/div>\n\t\t\t\t<\/div>\n\t\t\t\t\t<\/div>\n\t\t\t\t<\/div>\n\t\t<div class=\"elementor-element elementor-element-7846d0a e-flex e-con-boxed wpr-particle-no wpr-jarallax-no wpr-parallax-no wpr-sticky-section-no e-con e-parent\" data-id=\"7846d0a\" data-element_type=\"container\" data-e-type=\"container\">\n\t\t\t\t\t<div class=\"e-con-inner\">\n\t\t\t\t<div class=\"elementor-element elementor-element-4265c4b9 elementor-widget elementor-widget-image\" data-id=\"4265c4b9\" data-element_type=\"widget\" data-e-type=\"widget\" data-widget_type=\"image.default\">\n\t\t\t\t<div class=\"elementor-widget-container\">\n\t\t\t\t\t\t\t\t\t\t\t\t<figure class=\"wp-caption\">\n\t\t\t\t\t\t\t\t\t\t<img fetchpriority=\"high\" decoding=\"async\" width=\"1024\" height=\"667\" src=\"https:\/\/cordeliers.ch\/wp-content\/uploads\/2025\/03\/Parchemin_32-379A8288-scaled-e1741351066493-1024x667.jpg\" class=\"attachment-large size-large wp-image-24379\" alt=\"\" srcset=\"https:\/\/cordeliers.ch\/wp-content\/uploads\/2025\/03\/Parchemin_32-379A8288-scaled-e1741351066493-1024x667.jpg 1024w, https:\/\/cordeliers.ch\/wp-content\/uploads\/2025\/03\/Parchemin_32-379A8288-scaled-e1741351066493-300x195.jpg 300w, https:\/\/cordeliers.ch\/wp-content\/uploads\/2025\/03\/Parchemin_32-379A8288-scaled-e1741351066493-768x500.jpg 768w, https:\/\/cordeliers.ch\/wp-content\/uploads\/2025\/03\/Parchemin_32-379A8288-scaled-e1741351066493-1536x1000.jpg 1536w, https:\/\/cordeliers.ch\/wp-content\/uploads\/2025\/03\/Parchemin_32-379A8288-scaled-e1741351066493-18x12.jpg 18w, https:\/\/cordeliers.ch\/wp-content\/uploads\/2025\/03\/Parchemin_32-379A8288-scaled-e1741351066493.jpg 1807w\" sizes=\"(max-width: 1024px) 100vw, 1024px\" \/>\t\t\t\t\t\t\t\t\t\t\t<figcaption class=\"widget-image-caption wp-caption-text\"><\/figcaption>\n\t\t\t\t\t\t\t\t\t\t<\/figure>\n\t\t\t\t\t\t\t\t\t<\/div>\n\t\t\t\t<\/div>\n\t\t\t\t<div class=\"elementor-element elementor-element-290445f elementor-widget elementor-widget-text-editor\" data-id=\"290445f\" data-element_type=\"widget\" data-e-type=\"widget\" data-widget_type=\"text-editor.default\">\n\t\t\t\t<div class=\"elementor-widget-container\">\n\t\t\t\t\t\t\t\t\t<p>Das Archiv, das u.a. den historischen Urkunden- und Aktenbestand beherbergt, dokumentiert die Geschichte des Klosters von seiner Gr\u00fcndung im 13. Jahrhundert bis heute. Das Archiv des Generalkommissariats bzw. der Schweizerischen Provinz (1972\u20132002), der Generaldelegation (2002\u20132012) und das Archiv der Kustodie \u00d6sterreich-Schweiz dokumentieren die \u00fcbergeordneten Institutionen der Schweizer Kl\u00f6ster der Franziskaner-Minoriten im 20. und 21. Jahrhundert.<\/p>\t\t\t\t\t\t\t\t<\/div>\n\t\t\t\t<\/div>\n\t\t\t\t\t<\/div>\n\t\t\t\t<\/div>\n\t\t<div class=\"elementor-element elementor-element-7b3de61 e-flex e-con-boxed wpr-particle-no wpr-jarallax-no wpr-parallax-no wpr-sticky-section-no e-con e-parent\" data-id=\"7b3de61\" data-element_type=\"container\" data-e-type=\"container\">\n\t\t\t\t\t<div class=\"e-con-inner\">\n\t\t\t\t<div class=\"elementor-element elementor-element-4c6cae5 elementor-widget elementor-widget-image-gallery\" data-id=\"4c6cae5\" data-element_type=\"widget\" data-e-type=\"widget\" data-widget_type=\"image-gallery.default\">\n\t\t\t\t<div class=\"elementor-widget-container\">\n\t\t\t\t\t\t\t<div class=\"elementor-image-gallery\">\n\t\t\t<div id='gallery-1' class='gallery galleryid-21068 gallery-columns-2 gallery-size-2048x2048'><figure class='gallery-item'>\n\t\t\t<div class='gallery-icon landscape'>\n\t\t\t\t<a data-elementor-open-lightbox=\"yes\" data-elementor-lightbox-slideshow=\"4c6cae5\" data-elementor-lightbox-title=\"Anciennes archives\" data-e-action-hash=\"#elementor-action%3Aaction%3Dlightbox%26settings%3DeyJpZCI6MjEwNzUsInVybCI6Imh0dHBzOlwvXC9jb3JkZWxpZXJzLmNoXC93cC1jb250ZW50XC91cGxvYWRzXC8yMDI0XC8xMVwvYXJjaGl2ZXNfYW5jaWVubmVzLmpwZyIsInNsaWRlc2hvdyI6IjRjNmNhZTUifQ%3D%3D\" href='https:\/\/cordeliers.ch\/wp-content\/uploads\/2024\/11\/archives_anciennes.jpg'><img decoding=\"async\" width=\"800\" height=\"533\" src=\"https:\/\/cordeliers.ch\/wp-content\/uploads\/2024\/11\/archives_anciennes.jpg\" class=\"attachment-2048x2048 size-2048x2048\" alt=\"\" aria-describedby=\"gallery-1-21075\" srcset=\"https:\/\/cordeliers.ch\/wp-content\/uploads\/2024\/11\/archives_anciennes.jpg 800w, https:\/\/cordeliers.ch\/wp-content\/uploads\/2024\/11\/archives_anciennes-300x200.jpg 300w, https:\/\/cordeliers.ch\/wp-content\/uploads\/2024\/11\/archives_anciennes-768x512.jpg 768w\" sizes=\"(max-width: 800px) 100vw, 800px\" \/><\/a>\n\t\t\t<\/div>\n\t\t\t\t<figcaption class='wp-caption-text gallery-caption' id='gallery-1-21075'>\n\t\t\t\tEhemaliges Archiv\n\t\t\t\t<\/figcaption><\/figure><figure class='gallery-item'>\n\t\t\t<div class='gallery-icon landscape'>\n\t\t\t\t<a data-elementor-open-lightbox=\"yes\" data-elementor-lightbox-slideshow=\"4c6cae5\" data-elementor-lightbox-title=\"D\u00e9p\u00f4t d\u2019objets d\u2019art\" data-e-action-hash=\"#elementor-action%3Aaction%3Dlightbox%26settings%3DeyJpZCI6MjEyNTgsInVybCI6Imh0dHBzOlwvXC9jb3JkZWxpZXJzLmNoXC93cC1jb250ZW50XC91cGxvYWRzXC8yMDI0XC8xMVwvQXJjaGl2ZXNfbm91dmVsbGVzLmpwZyIsInNsaWRlc2hvdyI6IjRjNmNhZTUifQ%3D%3D\" href='https:\/\/cordeliers.ch\/wp-content\/uploads\/2024\/11\/Archives_nouvelles.jpg'><img decoding=\"async\" width=\"800\" height=\"533\" src=\"https:\/\/cordeliers.ch\/wp-content\/uploads\/2024\/11\/Archives_nouvelles.jpg\" class=\"attachment-2048x2048 size-2048x2048\" alt=\"\" aria-describedby=\"gallery-1-21258\" srcset=\"https:\/\/cordeliers.ch\/wp-content\/uploads\/2024\/11\/Archives_nouvelles.jpg 800w, https:\/\/cordeliers.ch\/wp-content\/uploads\/2024\/11\/Archives_nouvelles-300x200.jpg 300w, https:\/\/cordeliers.ch\/wp-content\/uploads\/2024\/11\/Archives_nouvelles-768x512.jpg 768w\" sizes=\"(max-width: 800px) 100vw, 800px\" \/><\/a>\n\t\t\t<\/div>\n\t\t\t\t<figcaption class='wp-caption-text gallery-caption' id='gallery-1-21258'>\n\t\t\t\tHinterlegung von Kunstgegenst\u00e4nden\n\t\t\t\t<\/figcaption><\/figure>\n\t\t<\/div>\n\t\t<\/div>\n\t\t\t\t\t\t<\/div>\n\t\t\t\t<\/div>\n\t\t\t\t\t<\/div>\n\t\t\t\t<\/div>\n\t\t<div class=\"elementor-element elementor-element-3ed59a9 e-flex e-con-boxed wpr-particle-no wpr-jarallax-no wpr-parallax-no wpr-sticky-section-no e-con e-parent\" data-id=\"3ed59a9\" data-element_type=\"container\" data-e-type=\"container\">\n\t\t\t\t\t<div class=\"e-con-inner\">\n\t\t\t\t<div class=\"elementor-element elementor-element-a903afb elementor-widget elementor-widget-text-editor\" data-id=\"a903afb\" data-element_type=\"widget\" data-e-type=\"widget\" data-widget_type=\"text-editor.default\">\n\t\t\t\t<div class=\"elementor-widget-container\">\n\t\t\t\t\t\t\t\t\t<h3><b>Die Bibliothek im Franziskanerkloster<\/b><\/h3><h3><a href=\"https:\/\/cordeliers.ch\/de\/bibliotheque\/\" rel=\"noopener\">=&gt; <span style=\"text-decoration: underline;\">Bibliothek<\/span><\/a><\/h3><p>Archiv und Bibliothek sind seit Mai 2014 in dem neugebauten Kulturg\u00fcterschutzraum neben dem Haus P\u00e8re Girard untergebracht. F\u00fcr die Benutzer steht seit Oktober 2014 ein moderner Lesesaal zur Verf\u00fcgung.<\/p>\t\t\t\t\t\t\t\t<\/div>\n\t\t\t\t<\/div>\n\t\t\t\t\t<\/div>\n\t\t\t\t<\/div>\n\t\t<div class=\"elementor-element elementor-element-b437b37 e-flex e-con-boxed wpr-particle-no wpr-jarallax-no wpr-parallax-no wpr-sticky-section-no e-con e-parent\" data-id=\"b437b37\" data-element_type=\"container\" data-e-type=\"container\">\n\t\t\t\t\t<div class=\"e-con-inner\">\n\t\t<div class=\"elementor-element elementor-element-50ec941 e-con-full e-flex wpr-particle-no wpr-jarallax-no wpr-parallax-no wpr-sticky-section-no e-con e-child\" data-id=\"50ec941\" data-element_type=\"container\" data-e-type=\"container\">\n\t\t\t\t<div class=\"elementor-element elementor-element-43a8fca elementor-widget__width-initial elementor-widget elementor-widget-html\" data-id=\"43a8fca\" data-element_type=\"widget\" data-e-type=\"widget\" data-widget_type=\"html.default\">\n\t\t\t\t<div class=\"elementor-widget-container\">\n\t\t\t\t\t<div>\n    <h3>Kontakt<\/h3>\n    <div class=\"contact-container\">\n        <div class=\"contact-info\">\n            <p><strong><i class=\"fas fa-building\"><\/i> Franziskanerkloster<\/strong><\/p>\n            <p><i class=\"fas fa-book\"><\/i> Archiv und Bibliothek<\/p>\n            <p><strong><i class=\"fas fa-user\"><\/i> Dr. Lukas Camenzind<\/strong><\/p>\n            <p><i class=\"fas fa-map-marker-alt\"><\/i> Murtengasse 6-8, 1700 Freiburg<\/p>\n            <p><i class=\"fas fa-phone-alt\"><\/i> Tel. +41 26 347 11 77<\/p>\n            <p><i class=\"fas fa-envelope\"><\/i> archives(at)cordeliers.ch<\/p>\n        <\/div>\n    <\/div>\n<\/div>\n\n<!-- Include FontAwesome for the icons -->\n<link href=\"https:\/\/cdnjs.cloudflare.com\/ajax\/libs\/font-awesome\/5.15.4\/css\/all.min.css\" rel=\"stylesheet\">\n<!-- Import Source Sans Pro font -->\n<link href=\"https:\/\/fonts.googleapis.com\/css2?family=Source+Sans+Pro:wght@400;600&display=swap\" rel=\"stylesheet\">\n\n<style>\n    \/* Apply Source Sans Pro font to the entire page *\/\n    body {\n        font-family: 'Source Sans Pro', sans-serif;\n    }\n\n    .contact-container {\n        display: flex;\n        align-items: flex-start;\n        margin-top: 20px;\n    }\n\n    .contact-info {\n        font-size: 17px;\n        line-height: 1.6;\n    }\n\n    .contact-info p {\n        margin: 5px 0;\n    }\n\n    .contact-info i {\n        margin-right: 8px;\n        color: #c15520;\n    }\n\n    .contact-info a {\n        color: #c15520;\n        text-decoration: none;\n    }\n\n    .contact-info a:hover {\n        text-decoration: underline;\n    }\n<\/style>\n\t\t\t\t<\/div>\n\t\t\t\t<\/div>\n\t\t\t\t<\/div>\n\t\t<div class=\"elementor-element elementor-element-020515e e-con-full e-flex wpr-particle-no wpr-jarallax-no wpr-parallax-no wpr-sticky-section-no e-con e-child\" data-id=\"020515e\" data-element_type=\"container\" data-e-type=\"container\">\n\t\t\t\t<div class=\"elementor-element elementor-element-968a8d0 elementor-widget elementor-widget-html\" data-id=\"968a8d0\" data-element_type=\"widget\" data-e-type=\"widget\" data-widget_type=\"html.default\">\n\t\t\t\t<div class=\"elementor-widget-container\">\n\t\t\t\t\t<div>\n    <h3>\u00d6ffnungszeiten \u2013 auf Anmeldung<\/h3>\n    <table class=\"hours-table\">\n        <tr>\n            <th>Tag<\/th>\n            <th>Uhrzeit<\/th>\n        <\/tr>\n        <tr>\n            <td>Dienstag bis Freitag<\/td>\n            <td>nach Vereinbarung<\/td>\n        <\/tr>\n    <\/table>\n<\/div>\n\n<style>\n    .hours-table {\n        width: 100%;\n        border-collapse: collapse;\n        margin-top: 20px;\n    }\n\n    .hours-table th,\n    .hours-table td {\n        padding: 10px;\n        text-align: left;\n        border-bottom: 1px solid #ddd;\n    }\n\n    .hours-table th {\n        background-color: #c15520;\n        color: #fff;\n    }\n\n    .hours-table tr:nth-child(even) {\n        background-color: #f9f9f9;\n    }\n<\/style>\n\t\t\t\t<\/div>\n\t\t\t\t<\/div>\n\t\t\t\t<\/div>\n\t\t\t\t\t<\/div>\n\t\t\t\t<\/div>\n\t\t\t\t<\/div>","protected":false},"excerpt":{"rendered":"<p>Les archives Les archives, qui abritent le fonds historique de chartes et d\u2019actes, documentent l\u2019histoire du couvent depuis sa fondation au XIIIe si\u00e8cle jusqu\u2019\u00e0 nos jours. Les archives de la province suisse des Cordeliers (1972-2002) de la d\u00e9l\u00e9gation g\u00e9n\u00e9rale (2002-2012) et de la custodie Autriche-Suisse\u00a0 t\u00e9moignent de l\u2019histoire des couvents des fr\u00e8res mineurs conventuels en &#8230; <a title=\"Archiv\" class=\"read-more\" href=\"https:\/\/cordeliers.ch\/de\/archives\/\" aria-label=\"Mehr Informationen \u00fcber Archives\">Weiterlesen &#8230;<\/a><\/p>","protected":false},"author":1,"featured_media":0,"parent":0,"menu_order":0,"comment_status":"closed","ping_status":"closed","template":"elementor_header_footer","meta":{"footnotes":""},"class_list":["post-21068","page","type-page","status-publish"],"yoast_head":"<!-- This site is optimized with the Yoast SEO plugin v27.3 - https:\/\/yoast.com\/product\/yoast-seo-wordpress\/ -->\n<title>Archives - cordeliers<\/title>\n<meta name=\"robots\" content=\"index, follow, max-snippet:-1, max-image-preview:large, max-video-preview:-1\" \/>\n<link rel=\"canonical\" href=\"https:\/\/cordeliers.ch\/de\/archives\/\" \/>\n<meta property=\"og:locale\" content=\"de_DE\" \/>\n<meta property=\"og:type\" content=\"article\" \/>\n<meta property=\"og:title\" content=\"Archives - cordeliers\" \/>\n<meta property=\"og:description\" content=\"Les archives Les archives, qui abritent le fonds historique de chartes et d\u2019actes, documentent l\u2019histoire du couvent depuis sa fondation au XIIIe si\u00e8cle jusqu\u2019\u00e0 nos jours. Les archives de la province suisse des Cordeliers (1972-2002) de la d\u00e9l\u00e9gation g\u00e9n\u00e9rale (2002-2012) et de la custodie Autriche-Suisse\u00a0 t\u00e9moignent de l\u2019histoire des couvents des fr\u00e8res mineurs conventuels en ... Weiterlesen ...\" \/>\n<meta property=\"og:url\" content=\"https:\/\/cordeliers.ch\/de\/archives\/\" \/>\n<meta property=\"og:site_name\" content=\"cordeliers\" \/>\n<meta property=\"article:modified_time\" content=\"2025-07-11T06:10:54+00:00\" \/>\n<meta property=\"og:image\" content=\"https:\/\/cordeliers.ch\/wp-content\/uploads\/2025\/03\/Parchemin_32-379A8288-scaled-e1741351066493-1024x667.jpg\" \/>\n<meta name=\"twitter:card\" content=\"summary_large_image\" \/>\n<meta name=\"twitter:label1\" content=\"Gesch\u00e4tzte Lesezeit\" \/>\n\t<meta name=\"twitter:data1\" content=\"1\u00a0Minute\" \/>\n<script type=\"application\/ld+json\" class=\"yoast-schema-graph\">{\"@context\":\"https:\\\/\\\/schema.org\",\"@graph\":[{\"@type\":\"WebPage\",\"@id\":\"https:\\\/\\\/cordeliers.ch\\\/archives\\\/\",\"url\":\"https:\\\/\\\/cordeliers.ch\\\/archives\\\/\",\"name\":\"Archives - cordeliers\",\"isPartOf\":{\"@id\":\"https:\\\/\\\/cordeliers.ch\\\/#website\"},\"primaryImageOfPage\":{\"@id\":\"https:\\\/\\\/cordeliers.ch\\\/archives\\\/#primaryimage\"},\"image\":{\"@id\":\"https:\\\/\\\/cordeliers.ch\\\/archives\\\/#primaryimage\"},\"thumbnailUrl\":\"https:\\\/\\\/cordeliers.ch\\\/wp-content\\\/uploads\\\/2025\\\/03\\\/Parchemin_32-379A8288-scaled-e1741351066493-1024x667.jpg\",\"datePublished\":\"2024-11-19T14:33:33+00:00\",\"dateModified\":\"2025-07-11T06:10:54+00:00\",\"breadcrumb\":{\"@id\":\"https:\\\/\\\/cordeliers.ch\\\/archives\\\/#breadcrumb\"},\"inLanguage\":\"de\",\"potentialAction\":[{\"@type\":\"ReadAction\",\"target\":[\"https:\\\/\\\/cordeliers.ch\\\/archives\\\/\"]}]},{\"@type\":\"ImageObject\",\"inLanguage\":\"de\",\"@id\":\"https:\\\/\\\/cordeliers.ch\\\/archives\\\/#primaryimage\",\"url\":\"https:\\\/\\\/cordeliers.ch\\\/wp-content\\\/uploads\\\/2025\\\/03\\\/Parchemin_32-379A8288-scaled-e1741351066493-1024x667.jpg\",\"contentUrl\":\"https:\\\/\\\/cordeliers.ch\\\/wp-content\\\/uploads\\\/2025\\\/03\\\/Parchemin_32-379A8288-scaled-e1741351066493-1024x667.jpg\"},{\"@type\":\"BreadcrumbList\",\"@id\":\"https:\\\/\\\/cordeliers.ch\\\/archives\\\/#breadcrumb\",\"itemListElement\":[{\"@type\":\"ListItem\",\"position\":1,\"name\":\"Accueil\",\"item\":\"https:\\\/\\\/cordeliers.ch\\\/\"},{\"@type\":\"ListItem\",\"position\":2,\"name\":\"Archives\"}]},{\"@type\":\"WebSite\",\"@id\":\"https:\\\/\\\/cordeliers.ch\\\/#website\",\"url\":\"https:\\\/\\\/cordeliers.ch\\\/\",\"name\":\"cordeliers\",\"description\":\"\",\"publisher\":{\"@id\":\"https:\\\/\\\/cordeliers.ch\\\/#organization\"},\"potentialAction\":[{\"@type\":\"SearchAction\",\"target\":{\"@type\":\"EntryPoint\",\"urlTemplate\":\"https:\\\/\\\/cordeliers.ch\\\/?s={search_term_string}\"},\"query-input\":{\"@type\":\"PropertyValueSpecification\",\"valueRequired\":true,\"valueName\":\"search_term_string\"}}],\"inLanguage\":\"de\"},{\"@type\":\"Organization\",\"@id\":\"https:\\\/\\\/cordeliers.ch\\\/#organization\",\"name\":\"cordeliers\",\"url\":\"https:\\\/\\\/cordeliers.ch\\\/\",\"logo\":{\"@type\":\"ImageObject\",\"inLanguage\":\"de\",\"@id\":\"https:\\\/\\\/cordeliers.ch\\\/#\\\/schema\\\/logo\\\/image\\\/\",\"url\":\"https:\\\/\\\/cordeliers.ch\\\/wp-content\\\/uploads\\\/2024\\\/11\\\/cropped-Ativa-MS-2.png\",\"contentUrl\":\"https:\\\/\\\/cordeliers.ch\\\/wp-content\\\/uploads\\\/2024\\\/11\\\/cropped-Ativa-MS-2.png\",\"width\":461,\"height\":108,\"caption\":\"cordeliers\"},\"image\":{\"@id\":\"https:\\\/\\\/cordeliers.ch\\\/#\\\/schema\\\/logo\\\/image\\\/\"}}]}<\/script>\n<!-- \/ Yoast SEO plugin. -->","yoast_head_json":{"title":"Archives - cordeliers","robots":{"index":"index","follow":"follow","max-snippet":"max-snippet:-1","max-image-preview":"max-image-preview:large","max-video-preview":"max-video-preview:-1"},"canonical":"https:\/\/cordeliers.ch\/de\/archives\/","og_locale":"de_DE","og_type":"article","og_title":"Archives - cordeliers","og_description":"Les archives Les archives, qui abritent le fonds historique de chartes et d\u2019actes, documentent l\u2019histoire du couvent depuis sa fondation au XIIIe si\u00e8cle jusqu\u2019\u00e0 nos jours. Les archives de la province suisse des Cordeliers (1972-2002) de la d\u00e9l\u00e9gation g\u00e9n\u00e9rale (2002-2012) et de la custodie Autriche-Suisse\u00a0 t\u00e9moignent de l\u2019histoire des couvents des fr\u00e8res mineurs conventuels en ... Weiterlesen ...","og_url":"https:\/\/cordeliers.ch\/de\/archives\/","og_site_name":"cordeliers","article_modified_time":"2025-07-11T06:10:54+00:00","og_image":[{"url":"https:\/\/cordeliers.ch\/wp-content\/uploads\/2025\/03\/Parchemin_32-379A8288-scaled-e1741351066493-1024x667.jpg","type":"","width":"","height":""}],"twitter_card":"summary_large_image","twitter_misc":{"Gesch\u00e4tzte Lesezeit":"1\u00a0Minute"},"schema":{"@context":"https:\/\/schema.org","@graph":[{"@type":"WebPage","@id":"https:\/\/cordeliers.ch\/archives\/","url":"https:\/\/cordeliers.ch\/archives\/","name":"Archives - cordeliers","isPartOf":{"@id":"https:\/\/cordeliers.ch\/#website"},"primaryImageOfPage":{"@id":"https:\/\/cordeliers.ch\/archives\/#primaryimage"},"image":{"@id":"https:\/\/cordeliers.ch\/archives\/#primaryimage"},"thumbnailUrl":"https:\/\/cordeliers.ch\/wp-content\/uploads\/2025\/03\/Parchemin_32-379A8288-scaled-e1741351066493-1024x667.jpg","datePublished":"2024-11-19T14:33:33+00:00","dateModified":"2025-07-11T06:10:54+00:00","breadcrumb":{"@id":"https:\/\/cordeliers.ch\/archives\/#breadcrumb"},"inLanguage":"de","potentialAction":[{"@type":"ReadAction","target":["https:\/\/cordeliers.ch\/archives\/"]}]},{"@type":"ImageObject","inLanguage":"de","@id":"https:\/\/cordeliers.ch\/archives\/#primaryimage","url":"https:\/\/cordeliers.ch\/wp-content\/uploads\/2025\/03\/Parchemin_32-379A8288-scaled-e1741351066493-1024x667.jpg","contentUrl":"https:\/\/cordeliers.ch\/wp-content\/uploads\/2025\/03\/Parchemin_32-379A8288-scaled-e1741351066493-1024x667.jpg"},{"@type":"BreadcrumbList","@id":"https:\/\/cordeliers.ch\/archives\/#breadcrumb","itemListElement":[{"@type":"ListItem","position":1,"name":"Accueil","item":"https:\/\/cordeliers.ch\/"},{"@type":"ListItem","position":2,"name":"Archives"}]},{"@type":"WebSite","@id":"https:\/\/cordeliers.ch\/#website","url":"https:\/\/cordeliers.ch\/","name":"cordeliers","description":"","publisher":{"@id":"https:\/\/cordeliers.ch\/#organization"},"potentialAction":[{"@type":"SearchAction","target":{"@type":"EntryPoint","urlTemplate":"https:\/\/cordeliers.ch\/?s={search_term_string}"},"query-input":{"@type":"PropertyValueSpecification","valueRequired":true,"valueName":"search_term_string"}}],"inLanguage":"de"},{"@type":"Organization","@id":"https:\/\/cordeliers.ch\/#organization","name":"cordeliers","url":"https:\/\/cordeliers.ch\/","logo":{"@type":"ImageObject","inLanguage":"de","@id":"https:\/\/cordeliers.ch\/#\/schema\/logo\/image\/","url":"https:\/\/cordeliers.ch\/wp-content\/uploads\/2024\/11\/cropped-Ativa-MS-2.png","contentUrl":"https:\/\/cordeliers.ch\/wp-content\/uploads\/2024\/11\/cropped-Ativa-MS-2.png","width":461,"height":108,"caption":"cordeliers"},"image":{"@id":"https:\/\/cordeliers.ch\/#\/schema\/logo\/image\/"}}]}},"_links":{"self":[{"href":"https:\/\/cordeliers.ch\/de\/wp-json\/wp\/v2\/pages\/21068","targetHints":{"allow":["GET"]}}],"collection":[{"href":"https:\/\/cordeliers.ch\/de\/wp-json\/wp\/v2\/pages"}],"about":[{"href":"https:\/\/cordeliers.ch\/de\/wp-json\/wp\/v2\/types\/page"}],"author":[{"embeddable":true,"href":"https:\/\/cordeliers.ch\/de\/wp-json\/wp\/v2\/users\/1"}],"replies":[{"embeddable":true,"href":"https:\/\/cordeliers.ch\/de\/wp-json\/wp\/v2\/comments?post=21068"}],"version-history":[{"count":148,"href":"https:\/\/cordeliers.ch\/de\/wp-json\/wp\/v2\/pages\/21068\/revisions"}],"predecessor-version":[{"id":24552,"href":"https:\/\/cordeliers.ch\/de\/wp-json\/wp\/v2\/pages\/21068\/revisions\/24552"}],"wp:attachment":[{"href":"https:\/\/cordeliers.ch\/de\/wp-json\/wp\/v2\/media?parent=21068"}],"curies":[{"name":"wp","href":"https:\/\/api.w.org\/{rel}","templated":true}]}}